{"id":7180,"date":"2017-02-03T17:23:24","date_gmt":"2017-02-03T17:23:24","guid":{"rendered":"http:\/\/fwcpfcf.cluster026.hosting.ovh.net\/?page_id=7180&#038;lang=en"},"modified":"2020-02-18T08:46:38","modified_gmt":"2020-02-18T08:46:38","slug":"work-in-jda","status":"publish","type":"page","link":"https:\/\/www.jda.es\/en\/work-in-jda\/","title":{"rendered":"Work in JDA"},"content":{"rendered":"<div class=\"wpb-content-wrapper\"><p>[vc_row][vc_column][vc_column_text]<\/p>\n<h4><span style=\"color: #000000;\">Do you want to work in JDA?<\/span><\/h4>\n<p><span style=\"color: #000000;\">To send us your candidature and opting to become a part of our organization, you must fill the following form and attach your CV.<\/span>[\/vc_column_text]\n<div class=\"wpcf7 no-js\" id=\"wpcf7-f7131-o1\" lang=\"en-US\" dir=\"ltr\" data-wpcf7-id=\"7131\">\n<div class=\"screen-reader-response\"><p role=\"status\" aria-live=\"polite\" aria-atomic=\"true\"><\/p> <ul><\/ul><\/div>\n<form action=\"\/en\/wp-json\/wp\/v2\/pages\/7180#wpcf7-f7131-o1\" method=\"post\" class=\"wpcf7-form init\" aria-label=\"Contact form\" enctype=\"multipart\/form-data\" novalidate=\"novalidate\" data-status=\"init\">\n<fieldset class=\"hidden-fields-container\"><input type=\"hidden\" name=\"_wpcf7\" value=\"7131\" \/><input type=\"hidden\" name=\"_wpcf7_version\" value=\"6.1.5\" \/><input type=\"hidden\" name=\"_wpcf7_locale\" value=\"en_US\" \/><input type=\"hidden\" name=\"_wpcf7_unit_tag\" value=\"wpcf7-f7131-o1\" \/><input type=\"hidden\" name=\"_wpcf7_container_post\" value=\"0\" \/><input type=\"hidden\" name=\"_wpcf7_posted_data_hash\" value=\"\" \/><input type=\"hidden\" name=\"_wpcf7_recaptcha_response\" value=\"\" \/>\n<\/fieldset>\n<div class=\"member_feedback\">\n    <div class=\"row\">\n        <div class=\"col-lg-12 col-md-12 col-sm-12 col-xs-12 form-title\">Datos personales<\/div>\n        <div class=\"col-lg-6 col-md-6 col-sm-6 col-xs-12\">\n            <div class=\"input-group\">\n                <span class=\"wpcf7-form-control-wrap\" data-name=\"nombre\"><input size=\"40\" maxlength=\"400\" class=\"wpcf7-form-control wpcf7-text wpcf7-validates-as-required\" aria-required=\"true\" aria-invalid=\"false\" placeholder=\"Name*\" value=\"\" type=\"text\" name=\"nombre\" \/><\/span>\n            <\/div>\n        <\/div>\n        <div class=\"col-lg-6 col-md-6 col-sm-6 col-xs-12\">\n            <div class=\"input-group\">\n                <span class=\"wpcf7-form-control-wrap\" data-name=\"apellidos\"><input size=\"40\" maxlength=\"400\" class=\"wpcf7-form-control wpcf7-text wpcf7-validates-as-required\" aria-required=\"true\" aria-invalid=\"false\" placeholder=\"Surname*\" value=\"\" type=\"text\" name=\"apellidos\" \/><\/span>\n            <\/div>\n        <\/div>\n        <div class=\"col-lg-6 col-md-6 col-sm-6 col-xs-12\">\n            <div class=\"input-group\">\n                <span class=\"wpcf7-form-control-wrap\" data-name=\"email\"><input size=\"40\" maxlength=\"400\" class=\"wpcf7-form-control wpcf7-email wpcf7-validates-as-required wpcf7-text wpcf7-validates-as-email\" aria-required=\"true\" aria-invalid=\"false\" placeholder=\"E-mail*\" value=\"\" type=\"email\" name=\"email\" \/><\/span>\n            <\/div>\n        <\/div>\n        <div class=\"col-lg-6 col-md-6 col-sm-6 col-xs-12\">\n            <div class=\"input-group\">\n                <span class=\"wpcf7-form-control-wrap\" data-name=\"telf\"><input size=\"40\" maxlength=\"400\" class=\"wpcf7-form-control wpcf7-tel wpcf7-text wpcf7-validates-as-tel\" aria-invalid=\"false\" placeholder=\"Phone\" value=\"\" type=\"tel\" name=\"telf\" \/><\/span>\n            <\/div>\n        <\/div>\n        <div class=\"col-lg-6 col-md-6 col-sm-6 col-xs-12\">\n            <div class=\"input-group\">\n                <span class=\"wpcf7-form-control-wrap\" data-name=\"direccion\"><input size=\"40\" maxlength=\"400\" class=\"wpcf7-form-control wpcf7-text wpcf7-validates-as-required\" aria-required=\"true\" aria-invalid=\"false\" placeholder=\"Adress*\" value=\"\" type=\"text\" name=\"direccion\" \/><\/span>\n            <\/div>\n        <\/div>\n        <div class=\"col-lg-6 col-md-6 col-sm-6 col-xs-12\">\n            <div class=\"input-group\">\n                <span class=\"wpcf7-form-control-wrap\" data-name=\"poblacion\"><input size=\"40\" maxlength=\"400\" class=\"wpcf7-form-control wpcf7-text wpcf7-validates-as-required\" aria-required=\"true\" aria-invalid=\"false\" placeholder=\"Location*\" value=\"\" type=\"text\" name=\"poblacion\" \/><\/span>\n            <\/div>\n        <\/div>\n        <div class=\"col-lg-6 col-md-6 col-sm-6 col-xs-12\">\n            <div class=\"input-group\">\nFecha de nacimiento*\n                <span class=\"wpcf7-form-control-wrap\" data-name=\"nacimiento\"><input class=\"wpcf7-form-control wpcf7-date wpcf7-validates-as-required wpcf7-validates-as-date\" aria-required=\"true\" aria-invalid=\"false\" value=\"\" type=\"date\" name=\"nacimiento\" \/><\/span>\n            <\/div>\n        <\/div>\n    <\/div>\n<div class=\"row\">\n        <div class=\"col-lg-12 col-md-12 col-sm-12 col-xs-12 form-title\">Academic Data<\/div>\n        <div class=\"col-lg-6 col-md-6 col-sm-6 col-xs-12\">\n            <div class=\"input-group\">\nFormaci\u00f3n*\n                <span class=\"wpcf7-form-control-wrap\" data-name=\"formacion\"><select class=\"wpcf7-form-control wpcf7-select wpcf7-validates-as-required\" aria-required=\"true\" aria-invalid=\"false\" name=\"formacion\"><option value=\"\">&#8212;Please choose an option&#8212;<\/option><option value=\"FP1\">FP1<\/option><option value=\"FP2\">FP2<\/option><option value=\"BUP\/COU\">BUP\/COU<\/option><option value=\"Arquitectura T\u00e9cnica\">Arquitectura T\u00e9cnica<\/option><option value=\"Biblioteconom\u00eda \/ Documentaci\u00f3n\">Biblioteconom\u00eda \/ Documentaci\u00f3n<\/option><option value=\"Ciencias Empresariales\">Ciencias Empresariales<\/option><option value=\"Educaci\u00f3n Social\">Educaci\u00f3n Social<\/option><option value=\"Enfermer\u00eda\">Enfermer\u00eda<\/option><option value=\"Estad\u00edstica\">Estad\u00edstica<\/option><option value=\"Fisioterapia\">Fisioterapia<\/option><option value=\"Gesti\u00f3n y Administraci\u00f3n P\u00fablica\">Gesti\u00f3n y Administraci\u00f3n P\u00fablica<\/option><option value=\"Ingenier\u00eda T\u00e9cnica\">Ingenier\u00eda T\u00e9cnica<\/option><option value=\"Nutrici\u00f3n \/ Diet\u00e9tica\">Nutrici\u00f3n \/ Diet\u00e9tica<\/option><option value=\"\u00d3ptica \/ Optometr\u00eda\">\u00d3ptica \/ Optometr\u00eda<\/option><option value=\"Relaciones Laborales \/ Graduado Social\">Relaciones Laborales \/ Graduado Social<\/option><option value=\"Turismo\">Turismo<\/option><option value=\"Otros\">Otros<\/option><option value=\"Administraci\u00f3n y Direcci\u00f3n de Empresas\">Administraci\u00f3n y Direcci\u00f3n de Empresas<\/option><option value=\"Antropolog\u00eda \/ Humanidades\">Antropolog\u00eda \/ Humanidades<\/option><option value=\"Arquitectura\">Arquitectura<\/option><option value=\"Biolog\u00eda\">Biolog\u00eda<\/option><option value=\"Bioqu\u00edmica\">Bioqu\u00edmica<\/option><option value=\"Ciencia y Tecnolog\u00eda de la Alimentaci\u00f3n\">Ciencia y Tecnolog\u00eda de la Alimentaci\u00f3n<\/option><option value=\"Ciencias Actuariales y Financieras\">Ciencias Actuariales y Financieras<\/option><option value=\"Ciencias del Trabajo\">Ciencias del Trabajo<\/option><option value=\"Ciencias Econ\u00f3micas\">Ciencias Econ\u00f3micas<\/option><option value=\"Ciencias Empresariales\">Ciencias Empresariales<\/option><option value=\"Ciencias F\u00edsicas\">Ciencias F\u00edsicas<\/option><option value=\"Ciencias Pol\u00edticas y de la Administraci\u00f3n\">Ciencias Pol\u00edticas y de la Administraci\u00f3n<\/option><option value=\"Ciencias Pol\u00edticas y Sociolog\u00eda\">Ciencias Pol\u00edticas y Sociolog\u00eda<\/option><option value=\"Ciencias Qu\u00edmicas\">Ciencias Qu\u00edmicas<\/option><option value=\"Otros estudios de Ciencias\">Otros estudios de Ciencias<\/option><option value=\"Derecho\">Derecho<\/option><option value=\"Documentaci\u00f3n\">Documentaci\u00f3n<\/option><option value=\"Econom\u00eda\">Econom\u00eda<\/option><option value=\"Farmacia\">Farmacia<\/option><option value=\"Filolog\u00edas varias\">Filolog\u00edas varias<\/option><option value=\"F\u00edsica\">F\u00edsica<\/option><option value=\"Geograf\u00eda \/ Geolog\u00eda\">Geograf\u00eda \/ Geolog\u00eda<\/option><option value=\"Historia \/ Historia del arte\">Historia \/ Historia del arte<\/option><option value=\"Ingenier\u00eda Caminos\">Ingenier\u00eda Caminos<\/option><option value=\"Ingenier\u00eda Industrial\">Ingenier\u00eda Industrial<\/option><option value=\"Ingenier\u00eda Inform\u00e1tica\">Ingenier\u00eda Inform\u00e1tica<\/option><option value=\"Ingenier\u00eda Telecomunicaciones\">Ingenier\u00eda Telecomunicaciones<\/option><option value=\"Otras Ingenier\u00edas\">Otras Ingenier\u00edas<\/option><option value=\"Investigaci\u00f3n\">Investigaci\u00f3n<\/option><option value=\"Literatura\">Literatura<\/option><option value=\"Matem\u00e1ticas\">Matem\u00e1ticas<\/option><option value=\"Medicina \/ Odontolog\u00eda\">Medicina \/ Odontolog\u00eda<\/option><option value=\"N\u00e1utica \/ Transporte Mar\u00edtimo\">N\u00e1utica \/ Transporte Mar\u00edtimo<\/option><option value=\"Pedagog\u00eda\">Pedagog\u00eda<\/option><option value=\"Psicolog\u00eda\/Psicopedagog\u00eda\">Psicolog\u00eda\/Psicopedagog\u00eda<\/option><option value=\"Publicidad y Relaciones P\u00fablicas\">Publicidad y Relaciones P\u00fablicas<\/option><option value=\"Qu\u00edmica\">Qu\u00edmica<\/option><option value=\"Traducci\u00f3n e Interpretaci\u00f3n\">Traducci\u00f3n e Interpretaci\u00f3n<\/option><option value=\"Veterinaria\">Veterinaria<\/option><option value=\"Otros\">Otros<\/option><\/select><\/span>\n            <\/div>\n        <\/div>\n    <\/div>\n<div class=\"row\">\n        <div class=\"col-lg-12 col-md-12 col-sm-12 col-xs-12 form-title\">Professional Expertise<\/div>\n        <div class=\"col-lg-6 col-md-6 col-sm-6 col-xs-12\">\n            <div class=\"input-group\">\n                <span class=\"wpcf7-form-control-wrap\" data-name=\"situacion-actual\"><select class=\"wpcf7-form-control wpcf7-select\" aria-invalid=\"false\" name=\"situacion-actual\"><option value=\"Activo\">Activo<\/option><option value=\"Desempleado\">Desempleado<\/option><\/select><\/span>\n            <\/div>\n        <\/div>\n        <div class=\"col-lg-6 col-md-6 col-sm-6 col-xs-12\">\n            <div class=\"input-group\">\n                <span class=\"wpcf7-form-control-wrap\" data-name=\"puesto\"><select class=\"wpcf7-form-control wpcf7-select\" aria-invalid=\"false\" name=\"puesto\"><option value=\"\">&#8212;Please choose an option&#8212;<\/option><option value=\"Becario, Pr\u00e1cticas\">Becario, Pr\u00e1cticas<\/option><option value=\"Auxiliar, Asistente\">Auxiliar, Asistente<\/option><option value=\"Especialista Junior\">Especialista Junior<\/option><option value=\"Especialista Senior\">Especialista Senior<\/option><option value=\"Coordinador\">Coordinador<\/option><option value=\"Jefe \u00c1rea, Departamento, Divisi\u00f3n\">Jefe \u00c1rea, Departamento, Divisi\u00f3n<\/option><option value=\"Director \u00c1rea, Departamento, Divisi\u00f3n\">Director \u00c1rea, Departamento, Divisi\u00f3n<\/option><option value=\"Gerente\">Gerente<\/option><option value=\"Director General\">Director General<\/option><option value=\"Socio\">Socio<\/option><\/select><\/span>\n            <\/div>\n        <\/div>\n    <\/div>\n<div class=\"row\">\n        <div class=\"col-lg-12 col-md-12 col-sm-12 col-xs-12 form-title\">Informaci\u00f3n adicional<\/div>\n        <div class=\"col-lg-12 col-md-12 col-sm-12 col-xs-12\">\n            <div class=\"input-group\">\n                <span class=\"wpcf7-form-control-wrap\" data-name=\"disponibilidad\"><textarea cols=\"40\" rows=\"10\" maxlength=\"2000\" class=\"wpcf7-form-control wpcf7-textarea wpcf7-validates-as-required\" aria-required=\"true\" aria-invalid=\"false\" placeholder=\"Availability*\" name=\"disponibilidad\"><\/textarea><\/span>\n            <\/div>\n        <\/div>\n        <div class=\"col-lg-12 col-md-12 col-sm-12 col-xs-12\">\n            <div class=\"input-group\">\n                <span class=\"wpcf7-form-control-wrap\" data-name=\"objetivos\"><textarea cols=\"40\" rows=\"10\" maxlength=\"2000\" class=\"wpcf7-form-control wpcf7-textarea\" aria-invalid=\"false\" placeholder=\"Professional Goals\" name=\"objetivos\"><\/textarea><\/span>\n            <\/div>\n        <\/div>\n        <div class=\"col-lg-12 col-md-12 col-sm-12 col-xs-12\">\n            <div class=\"input-group\">\n                <span class=\"wpcf7-form-control-wrap\" data-name=\"comentarios\"><textarea cols=\"40\" rows=\"10\" maxlength=\"2000\" class=\"wpcf7-form-control wpcf7-textarea\" aria-invalid=\"false\" placeholder=\"Other comments\" name=\"comentarios\"><\/textarea><\/span>\n            <\/div>\n        <\/div>\n        <div class=\"col-lg-6 col-md-6 col-sm-6 col-xs-12\">\n            <div class=\"input-group\">\nCurr\u00edculum (PDF)\n                <span class=\"wpcf7-form-control-wrap\" data-name=\"cv\"><input size=\"40\" class=\"wpcf7-form-control wpcf7-file\" accept=\".pdf\" aria-invalid=\"false\" type=\"file\" name=\"cv\" \/><\/span>\n            <\/div>\n        <\/div>\n\n        <div class=\"col-lg-6 col-md-6 col-sm-6 col-xs-12 lopd\">\n<p style=\"margin-top:10px; text-align:left; font-size: 10px; color: #000;\"><b>Responsible:<\/b> JDA Expert LegalTax , SLP; Purpose: Selection of candidates for current and future jobs offered by our company and our customers instructions and needs. <b>Legitimation:<\/b> The legal basis for data processing is to obtain your consent to process it; <b>Recipients:<\/b> It will be communicated to customers who have commissioned us a personnel selection process or to other requests of our companies within the group; <b>Rights:<\/b> You have the right to access, rectify and delete data, as well as other rights explained in the additional information; <b>Additional Information:<\/b> You can consult additional and detailed information on Data Protection on our website: <a href=\"https:\/\/www.jda.es\/en\/privacy-policy\/candidates\/\">https:\/\/www.jda.es\/en\/privacy-policy\/candidates\/<\/a><\/p>\n            <div class=\"input-group\">\n                <span class=\"wpcf7-form-control-wrap\" data-name=\"lopd\"><span class=\"wpcf7-form-control wpcf7-acceptance\"><span class=\"wpcf7-list-item\"><label><input type=\"checkbox\" name=\"lopd\" value=\"1\" aria-invalid=\"false\" \/><span class=\"wpcf7-list-item-label\">I EXPRESSLY AUTHORIZE the processing of my personal data, as well as those contained in my curriculum vitae, including those belonging to special categories<\/span><\/label><\/span><\/span><\/span>\n            <\/div>\n\n        <\/div>\n    <\/div>\n    <div class=\"row\">\n<div class=\"input-group right\">\n                <button type=\"submit\" class=\"button size-lg icon_right\">Send <i class=\"fa fa-chevron-right\"><\/i><\/button>\n            <\/div>\n    <\/div>\n<\/div>\n<div class=\"lopd-acc\">\n<div class=\"close-lopd\">Cerrar<\/div>\n<strong>Clauses on CV sending form<\/strong>\n\nIn compliance with the provisions of Ley Org\u00e1nica 15\/1999, de 13 de Diciembre, de Protecci\u00f3n de Datos Personales, we inform you that your personal data and those of your CV will be incorporated, for your treatment, in the files of which is responsible for JDA ASSESSORS CONSULTORS PROFESSIONALS, SLP, for the management of everything related to the professional management of search, evaluation and selection of candidates for jobs, both in internal selection processes for companies of the JDA group and for selection processes made by our customers. With this, we will keep you included in our database of candidates for any job offer which you meet the requirements described for the position.\n\nWe also inform you that your personal data and your CV may be provided to other companies in the JDA group, in particular JDA AUDIT, S.L. and JDA VALLBONA LEGAL, S.L. As well as to those companies that have hired the management of search, evaluation and selection of candidates to fill a job, just in case we judge that you could be a candidate for the job to be covered.\n\nTo exercise the rights recognized by law, such as the right of access, rectification, cancellation and opposition of your personal data, write a letter to:\n\nGrupo JDA\nDepartamento de atenci\u00f3n al usuario\nc\/ Francisco de Quevedo, 9\n08402 \u2013 GRANOLLERS (Barcelona)\n\nOr to the next e-mail adress: protecciondedatos@jda.es\n\nWe would like to inform you that JDA ASSESSORS CONSULTORS PROFESSIONALS, S.L.P. complies with all the requirements established in the Law and that all data under our responsibility are being treated in accordance with legal requirements, keeping the necessary security measures that guarantee the confidentiality of the same, and acting at all times with the maximum Discretion that the process requires.<\/div><p style=\"display: none !important;\" class=\"akismet-fields-container\" data-prefix=\"_wpcf7_ak_\"><label>&#916;<textarea name=\"_wpcf7_ak_hp_textarea\" cols=\"45\" rows=\"8\" maxlength=\"100\"><\/textarea><\/label><input type=\"hidden\" id=\"ak_js_1\" name=\"_wpcf7_ak_js\" value=\"52\"\/><script type=\"text\/javascript\">\n\/* <![CDATA[ *\/\ndocument.getElementById( \"ak_js_1\" ).setAttribute( \"value\", ( new Date() ).getTime() );\n\/* ]]> *\/\n<\/script>\n<\/p><input type='hidden' class='wpcf7-pum' value='{\"closepopup\":false,\"closedelay\":0,\"openpopup\":false,\"openpopup_id\":0}' \/><div class=\"wpcf7-response-output\" aria-hidden=\"true\"><\/div>\n<\/form>\n<\/div>\n[\/vc_column][\/vc_row]<\/p>\n<\/div>","protected":false},"excerpt":{"rendered":"<p>[vc_row][vc_column][vc_column_text] Do you want to work in JDA? To send us your candidature and opting to become a part of our organization, you must fill the following form and attach your CV.[\/vc_column_text][\/vc_column][\/vc_row]<\/p>\n","protected":false},"author":1,"featured_media":0,"parent":0,"menu_order":0,"comment_status":"closed","ping_status":"closed","template":"","meta":{"rs_blank_template":"","rs_page_bg_color":"","slide_template_v7":"","footnotes":""},"class_list":["post-7180","page","type-page","status-publish","hentry"],"_links":{"self":[{"href":"https:\/\/www.jda.es\/en\/wp-json\/wp\/v2\/pages\/7180","targetHints":{"allow":["GET"]}}],"collection":[{"href":"https:\/\/www.jda.es\/en\/wp-json\/wp\/v2\/pages"}],"about":[{"href":"https:\/\/www.jda.es\/en\/wp-json\/wp\/v2\/types\/page"}],"author":[{"embeddable":true,"href":"https:\/\/www.jda.es\/en\/wp-json\/wp\/v2\/users\/1"}],"replies":[{"embeddable":true,"href":"https:\/\/www.jda.es\/en\/wp-json\/wp\/v2\/comments?post=7180"}],"version-history":[{"count":0,"href":"https:\/\/www.jda.es\/en\/wp-json\/wp\/v2\/pages\/7180\/revisions"}],"wp:attachment":[{"href":"https:\/\/www.jda.es\/en\/wp-json\/wp\/v2\/media?parent=7180"}],"curies":[{"name":"wp","href":"https:\/\/api.w.org\/{rel}","templated":true}]}}