{"id":7104,"date":"2017-02-03T10:51:14","date_gmt":"2017-02-03T10:51:14","guid":{"rendered":"http:\/\/fwcpfcf.cluster026.hosting.ovh.net\/?page_id=7104&#038;lang=en"},"modified":"2026-02-25T11:06:31","modified_gmt":"2026-02-25T10:06:31","slug":"home","status":"publish","type":"page","link":"https:\/\/www.jda.es\/en\/","title":{"rendered":"Home"},"content":{"rendered":"<div class=\"wpb-content-wrapper\"><p>[vc_row css=&#8221;.vc_custom_1450677977665{margin-bottom: 0px !important;}&#8221;][vc_column][rev_slider_vc alias=&#8221;main-slider-eng&#8221;][\/vc_column][\/vc_row][vc_row][vc_column offset=&#8221;vc_hidden-lg vc_hidden-md vc_hidden-sm vc_hidden-xs&#8221;][vc_single_image image=&#8221;27764&#8243; img_size=&#8221;full&#8221; alignment=&#8221;center&#8221;][\/vc_column][\/vc_row][vc_row full_width=&#8221;stretch_row&#8221; el_class=&#8221;third_bg_color&#8221; css=&#8221;.vc_custom_1450692516354{margin-bottom: 60px !important;}&#8221;][vc_column offset=&#8221;vc_hidden-xs&#8221;][vc_cta h2=&#8221;Consult the complete and detailed information of all our services adapted to your needs.&#8221; h2_font_container=&#8221;font_size:13px|color:%23ffffff|line_height:24px&#8221; h2_use_theme_fonts=&#8221;yes&#8221; shape=&#8221;square&#8221; style=&#8221;flat&#8221; add_button=&#8221;right&#8221; btn_title=&#8221;More information&#8221; btn_style=&#8221;flat&#8221; btn_color=&#8221;theme_style_2&#8243; btn_align=&#8221;right&#8221; btn_i_align=&#8221;right&#8221; btn_i_icon_fontawesome=&#8221;fa fa-chevron-right&#8221; css=&#8221;.vc_custom_1559835891900{margin-bottom: 0px !important;}&#8221; use_custom_fonts_h2=&#8221;true&#8221; btn_button_block=&#8221;true&#8221; btn_add_icon=&#8221;true&#8221; el_class=&#8221;third_bg_color&#8221; h2_el_class=&#8221;spaced&#8221; btn_link=&#8221;url:https%3A%2F%2Fwww.jda.es%2Fen%2Fservices%2F||target:%20_blank&#8221;][\/vc_cta][\/vc_column][\/vc_row][vc_row][vc_column][vc_custom_heading text=&#8221;Lawyer, tax, labor advisory firm and consultants for businesses&#8221; font_container=&#8221;tag:h1|font_size:45px|text_align:center|line_height:60px&#8221; use_theme_fonts=&#8221;yes&#8221; css=&#8221;.vc_custom_1710332078068{margin-bottom: 28px !important;}&#8221; el_class=&#8221;base_font_color&#8221;][\/vc_column][\/vc_row][vc_row css=&#8221;.vc_custom_1484045196253{margin-bottom: 37px !important;}&#8221; el_id=&#8221;home-services&#8221;][vc_column width=&#8221;1\/3&#8243;][stm_animation_block animation=&#8221;fadeInUp&#8221; animation_duration=&#8221;1&#8243; animation_delay=&#8221;0&#8243;][stm_info_box style=&#8221;style_3&#8243; title_icon=&#8221;stm-chart-monitor&#8221; title=&#8221;You have a team with more than 150 professional at your service&#8221; image=&#8221;8172&#8243; link=&#8221;url:https%3A%2F%2Fwww.jda.es%2Fen%2Fservices%2F|title:Leer%20m%C3%A1s|target:%20_blank&#8221;]<span style=\"color: #ffffff;\">Specialists in tax, labor, legal, data protection and financial advising.<\/span>[\/stm_info_box][\/stm_animation_block][\/vc_column][vc_column width=&#8221;1\/3&#8243;][stm_animation_block animation=&#8221;fadeInUp&#8221; animation_duration=&#8221;1&#8243; animation_delay=&#8221;0.05&#8243;][stm_info_box style=&#8221;style_3&#8243; title_icon=&#8221;stm-chart-refresh&#8221; title=&#8221;We are involved in a process of constant growth&#8221; image=&#8221;8173&#8243; link=&#8221;url:https%3A%2F%2Fwww.jda.es%2Fen%2Fwho-we-are%2F|title:Leer%20m%C3%A1s|target:%20_blank&#8221;]<span style=\"color: #ffffff;\">One of the best law firms in Spain according to Expansion&#8217;s Ranking 2025<\/span>[\/stm_info_box][\/stm_animation_block][\/vc_column][vc_column width=&#8221;1\/3&#8243;][stm_animation_block animation=&#8221;fadeInUp&#8221; animation_duration=&#8221;1&#8243; animation_delay=&#8221;0.1&#8243;][stm_info_box style=&#8221;style_3&#8243; title_icon=&#8221;stm-location-2&#8243; title=&#8221;We are member of SFAI Network with a presence in more than 110 countries, woth 300 offices and more than 12.000 professionals in tax, labor and legal areas.&#8221; image=&#8221;8174&#8243; link=&#8221;url:https%3A%2F%2Fwww.jda.es%2Fen%2Fsfai-network%2F|title:Leer%20m%C3%A1s|target:%20_blank&#8221;]<span style=\"color: #ffffff;\">Only 27 international firms belong to the Forum of Firms, SFAI is one of them.<\/span>[\/stm_info_box][\/stm_animation_block][\/vc_column][\/vc_row][vc_row full_width=&#8221;stretch_row&#8221; css=&#8221;.vc_custom_1451476985704{padding-top: 53px !important;padding-bottom: 70px !important;background-color: #f2f2f2 !important;}&#8221;][vc_column][vc_custom_heading text=&#8221;Legal, Tax and Labor consultancy services&#8221; font_container=&#8221;tag:h1|font_size:45px|text_align:center|line_height:60px&#8221; use_theme_fonts=&#8221;yes&#8221; css=&#8221;.vc_custom_1626250737098{margin-bottom: 28px !important;}&#8221; el_class=&#8221;base_font_color&#8221;][vc_row_inner css=&#8221;.vc_custom_1484049929474{margin-bottom: 30px !important;}&#8221; el_class=&#8221;hexagon-services&#8221;][vc_column_inner width=&#8221;1\/3&#8243;][stm_icon_box hide_title_line=&#8221;hide_title_line&#8221; enable_hexagon=&#8221;enable&#8221; enable_hexagon_animation=&#8221;enable&#8221; icon=&#8221;stm-user&#8221; style=&#8221;icon_left&#8221; icon_size=&#8221;15&#8243; icon_width=&#8221;78&#8243; title=&#8221;Labour and Human Capital Services&#8221;]<span style=\"color: #000000;\">Collaboration with customers is a must in order to define the Human Resources strategy so we can implement project that contribute to create an efficiency business and management culture. We are specialits at labor management, payroll and outsourcing.<\/span>[\/stm_icon_box][\/vc_column_inner][vc_column_inner width=&#8221;1\/3&#8243;][stm_icon_box hide_title_line=&#8221;hide_title_line&#8221; enable_hexagon=&#8221;enable&#8221; enable_hexagon_animation=&#8221;enable&#8221; icon=&#8221;fa fa-gavel&#8221; style=&#8221;icon_left&#8221; icon_size=&#8221;22&#8243; icon_width=&#8221;78&#8243; title=&#8221;Prevention of Criminal Risks Services&#8221;]<span style=\"color: #000000;\">Without the implementation of a Plan for the Prevention of Criminal Risks. We advise, elaborate, train and assist business and entrepreneurs in the implementation of criminal risk prevention or compliance program.<\/span>[\/stm_icon_box][\/vc_column_inner][vc_column_inner width=&#8221;1\/3&#8243;][stm_icon_box hide_title_line=&#8221;hide_title_line&#8221; enable_hexagon=&#8221;enable&#8221; enable_hexagon_animation=&#8221;enable&#8221; icon=&#8221;stm-building6&#8243; style=&#8221;icon_left&#8221; icon_size=&#8221;22&#8243; icon_width=&#8221;78&#8243; title=&#8221;Legal Services&#8221;]<span style=\"color: #000000;\">The Expansi\u00f3n 2021 Ranking considers us to be one of the best law firms in Spain, as well as being a benchmark in the development of comprehensive and comprehensive legal solutions for companies in tax, labor, data protection and economic consulting matters.<\/span>[\/stm_icon_box][\/vc_column_inner][\/vc_row_inner][vc_row_inner el_class=&#8221;hexagon-services&#8221;][vc_column_inner width=&#8221;1\/3&#8243;][stm_icon_box hide_title_line=&#8221;hide_title_line&#8221; enable_hexagon=&#8221;enable&#8221; enable_hexagon_animation=&#8221;enable&#8221; icon=&#8221;fa fa-search&#8221; style=&#8221;icon_left&#8221; icon_size=&#8221;24&#8243; icon_width=&#8221;78&#8243; title=&#8221;Data Protection Services&#8221;]<span style=\"color: #000000;\">We have a team of professionals in Data Protection consultancy, including DPO (Data Proteccion Officer) to carry out the best implementation of the General Data Protection Regulation (GDPR) in your company.<\/span>[\/stm_icon_box][\/vc_column_inner][vc_column_inner width=&#8221;1\/3&#8243;][stm_icon_box hide_title_line=&#8221;hide_title_line&#8221; enable_hexagon=&#8221;enable&#8221; enable_hexagon_animation=&#8221;enable&#8221; icon=&#8221;stm-lamp&#8221; style=&#8221;icon_left&#8221; icon_size=&#8221;28&#8243; icon_width=&#8221;78&#8243; title=&#8221;BoxOffice&#8221;]<span style=\"color: #000000;\">BoxOffice is an information service for our clients that you can access from our website, or from your mobile, through our App, which can be downloaded for freea at\u00a0IOS and Android.<\/span><\/p>\n<p><span style=\"color: #000000;\">With BoxOffice, JDA puts your business in your pocket!<\/span>[\/stm_icon_box][\/vc_column_inner][vc_column_inner width=&#8221;1\/3&#8243;][stm_icon_box hide_title_line=&#8221;hide_title_line&#8221; enable_hexagon=&#8221;enable&#8221; enable_hexagon_animation=&#8221;enable&#8221; icon=&#8221;stm-nokia&#8221; style=&#8221;icon_left&#8221; icon_size=&#8221;20&#8243; icon_width=&#8221;78&#8243; title=&#8221;Tax Services&#8221;]<span style=\"color: #000000;\">With our tax services we will deliver our Annual Report every year, with all the details of your accounts and balances. You will also have your financial rating and scoring, the comparison of the financial rating with companies in your sector and the most important ratios of your company compared to the average of companies of a similar size to yours in your sector.<\/span>[\/stm_icon_box][\/vc_column_inner][\/vc_row_inner][vc_row_inner el_class=&#8221;margin-top-25&#8243;][vc_column_inner][vc_btn title=&#8221;See all&#8221; style=&#8221;flat&#8221; color=&#8221;theme_style_2&#8243; align=&#8221;center&#8221; i_align=&#8221;right&#8221; i_icon_fontawesome=&#8221;fa fa-chevron-right&#8221; add_icon=&#8221;true&#8221; link=&#8221;url:https%3A%2F%2Fwww.jda.es%2Fen%2Fservices%2F||&#8221;][\/vc_column_inner][\/vc_row_inner][\/vc_column][\/vc_row][vc_row css=&#8221;.vc_custom_1484585542724{margin-top: 30px !important;margin-bottom: 20px !important;}&#8221;][vc_column width=&#8221;1\/2&#8243; css=&#8221;.vc_custom_1544445416826{margin-right: 5px !important;background-image: url(https:\/\/www.jda.es\/wp-content\/uploads\/2015\/12\/SFAI-Spain-forma-parte-de-una-red-internacional-con-presencia-en-m\u00e1s-de-65-pa\u00edses-de-todo-el-mundo-y-m\u00e1s-de-3.000-profesionales-ofreciendo-1.jpg?id=8180) !important;background-position: center !important;background-repeat: no-repeat !important;background-size: cover !important;}&#8221;][vc_custom_heading stm_title_font_weight=&#8221;700&#8243; text=&#8221;ENTREPRENEURS&#8221; font_container=&#8221;tag:h3|font_size:26px|text_align:center|color:%23ffffff&#8221; use_theme_fonts=&#8221;yes&#8221; css=&#8221;.vc_custom_1544459430270{padding-top: 80px !important;padding-bottom: 40px !important;}&#8221; link=&#8221;url:http%3A%2F%2Fstartup.jda.es|target:%20_blank|&#8221;][vc_btn title=&#8221;Read more +&#8221; style=&#8221;classic&#8221; color=&#8221;white&#8221; size=&#8221;xs&#8221; align=&#8221;center&#8221; css=&#8221;.vc_custom_1559835768826{padding-bottom: 40px !important;}&#8221; link=&#8221;url:http%3A%2F%2Fstartup.jda.es|target:%20_blank|&#8221;][\/vc_column][vc_column width=&#8221;1\/2&#8243; css=&#8221;.vc_custom_1544445388791{margin-left: 5px !important;background-image: url(https:\/\/www.jda.es\/wp-content\/uploads\/2015\/12\/SFAI-Spain-forma-parte-de-una-red-internacional-con-presencia-en-m\u00e1s-de-65-pa\u00edses-de-todo-el-mundo-y-m\u00e1s-de-3.000-profesionales-ofreciendo.jpg?id=8178) !important;background-position: center !important;background-repeat: no-repeat !important;background-size: cover !important;}&#8221;][vc_custom_heading stm_title_font_weight=&#8221;700&#8243; text=&#8221;REVITALIZE AND GROW&#8221; font_container=&#8221;tag:h3|font_size:26px|text_align:center|color:%23ffffff&#8221; use_theme_fonts=&#8221;yes&#8221; css=&#8221;.vc_custom_1544459438658{padding-top: 80px !important;padding-bottom: 40px !important;}&#8221; link=&#8221;url:http%3A%2F%2Fwww.revitalizaycrece.com|target:%20_blank|&#8221; subtitle_color=&#8221;#ffffff&#8221;][vc_btn title=&#8221;Read more +&#8221; style=&#8221;classic&#8221; color=&#8221;white&#8221; size=&#8221;xs&#8221; align=&#8221;center&#8221; css=&#8221;.vc_custom_1559835782227{padding-bottom: 40px !important;}&#8221; link=&#8221;url:http%3A%2F%2Fwww.revitalizaycrece.com|target:%20_blank|&#8221;][\/vc_column][\/vc_row][vc_row css=&#8221;.vc_custom_1475834167390{margin-bottom: 31px !important;padding-top: 53px !important;}&#8221;][vc_column][vc_custom_heading text=&#8221;Present&#8221; font_container=&#8221;tag:h1|font_size:45px|text_align:center&#8221; use_theme_fonts=&#8221;yes&#8221;][\/vc_column][\/vc_row][vc_row css=&#8221;.vc_custom_1451043728133{margin-bottom: 32px !important;}&#8221;][vc_column][stm_news posts_per_row=&#8221;4&#8243;][\/vc_column][\/vc_row][vc_row full_width=&#8221;stretch_row&#8221; css=&#8221;.vc_custom_1475834712872{padding-top: 120px !important;padding-bottom: 120px !important;background-image: url(https:\/\/www.jda.es\/wp-content\/uploads\/2015\/12\/fondo-map.png?id=1141) !important;background-position: center !important;background-repeat: no-repeat !important;background-size: cover !important;}&#8221;][vc_column][vc_custom_heading text=&#8221;Take advantage of 40 years experience from a global firm of lawyers, tax advisers, labor and businesses consultants.&#8221; font_container=&#8221;tag:h1|font_size:45px|text_align:center|color:%23382246|line_height:60px&#8221; google_fonts=&#8221;font_family:Poppins%3A300%2Cregular%2C500%2C600%2C700|font_style:700%20bold%3A700%3Anormal&#8221;][\/vc_column][\/vc_row][vc_row full_width=&#8221;stretch_row&#8221; css=&#8221;.vc_custom_1475834826935{margin-bottom: 0px !important;padding-top: 96px !important;padding-bottom: 80px !important;background-color: #ac899f !important;}&#8221;][vc_column][vc_custom_heading stm_title_font_weight=&#8221;500&#8243; text=&#8221;Law firm based at Barcelona, Madrid, Granollers i Sabadell&#8221; font_container=&#8221;tag:h2|font_size:34px|text_align:center|color:%23ffffff|line_height:32px&#8221; use_theme_fonts=&#8221;yes&#8221; css=&#8221;.vc_custom_1707990871283{margin-bottom: 19px !important;}&#8221;][vc_custom_heading stm_title_font_weight=&#8221;500&#8243; text=&#8221;JDA Group has been considered as the best professional firm at giving legal support to companies, entrepreneurs and executives according to the committee of experts of Prodespachos and Revista Emprendedores in 2025.&#8221; font_container=&#8221;tag:div|font_size:28px|text_align:center|color:%23ffffff|line_height:32px&#8221; google_fonts=&#8221;font_family:Open%20Sans%3A300%2C300italic%2Cregular%2Citalic%2C600%2C600italic%2C700%2C700italic%2C800%2C800italic|font_style:300%20light%20regular%3A300%3Anormal&#8221; css=&#8221;.vc_custom_1772013911198{margin-bottom: 19px !important;}&#8221;][\/vc_column][\/vc_row][vc_row full_width=&#8221;stretch_row_content_no_spaces&#8221; css=&#8221;.vc_custom_1475835631210{margin-bottom: -60px !important;padding-top: 0px !important;padding-bottom: 0px !important;background: #ffffff url(https:\/\/www.jda.es\/wp-content\/uploads\/2015\/12\/edificio.jpg?id=1148) !important;background-position: center !important;background-repeat: no-repeat !important;background-size: cover !important;}&#8221; el_class=&#8221;ofices-overlay&#8221;][vc_column][stm_gmap map_height=&#8221;447px&#8221; map_zoom=&#8221;11&#8243; disable_mouse_whell=&#8221;disable&#8221;][stm_gmap_address title=&#8221;JDA in Barcelona&#8221; address=&#8221;Muntaner 262, 6\u00ba planta<br \/>\n08021 Barcelona&#8221; phone=&#8221;93 412 76 39&#8243; lat=&#8221;40.416775&#8243; lng=&#8221;-3.703790&#8243;][stm_gmap_address title=&#8221;JDA in Granollers&#8221; address=&#8221;Francisco de Quevedo, 9,<br \/>\n08402 Granollers, Barcelona&#8221; phone=&#8221;93 860 03 70&#8243; lat=&#8221;51.507351&#8243; lng=&#8221;-0.127758&#8243;][stm_gmap_address title=&#8221;JDA in Madrid&#8221; address=&#8221;Pr\u00edncipe de Vergara, 43<br \/>\n6\u00aa planta<br \/>\n28001 Madrid&#8221; phone=&#8221;91 743 09 68&#8243; lat=&#8221;52.520007&#8243; lng=&#8221;13.404954&#8243;][stm_gmap_address title=&#8221;JDA in Sabadell&#8221; address=&#8221;c\/ Sant Antoni Maria Claret 1, 1\u00ba 1\u00aa<br \/>\n08202 Sabadell, Barcelona&#8221; phone=&#8221;93 725 91 53&#8243; lat=&#8221;52.520007&#8243; lng=&#8221;13.404954&#8243;][\/stm_gmap][\/vc_column][\/vc_row]<\/p>\n<\/div>","protected":false},"excerpt":{"rendered":"<p>[vc_row css=&#8221;.vc_custom_1450677977665{margin-bottom: 0px !important;}&#8221;][vc_column][rev_slider_vc alias=&#8221;main-slider-eng&#8221;][\/vc_column][\/vc_row][vc_row][vc_column offset=&#8221;vc_hidden-lg vc_hidden-md vc_hidden-sm vc_hidden-xs&#8221;][vc_single_image image=&#8221;27764&#8243; img_size=&#8221;full&#8221; alignment=&#8221;center&#8221;][\/vc_column][\/vc_row][vc_row full_width=&#8221;stretch_row&#8221; el_class=&#8221;third_bg_color&#8221; css=&#8221;.vc_custom_1450692516354{margin-bottom: 60px !important;}&#8221;][vc_column offset=&#8221;vc_hidden-xs&#8221;][vc_cta h2=&#8221;Consult the complete and detailed information of all our services adapted to your needs.&#8221; h2_font_container=&#8221;font_size:13px|color:%23ffffff|line_height:24px&#8221; h2_use_theme_fonts=&#8221;yes&#8221; shape=&#8221;square&#8221; style=&#8221;flat&#8221; add_button=&#8221;right&#8221; btn_title=&#8221;More information&#8221; btn_style=&#8221;flat&#8221; btn_color=&#8221;theme_style_2&#8243; btn_align=&#8221;right&#8221; btn_i_align=&#8221;right&#8221; btn_i_icon_fontawesome=&#8221;fa fa-chevron-right&#8221; css=&#8221;.vc_custom_1559835891900{margin-bottom: 0px !important;}&#8221; use_custom_fonts_h2=&#8221;true&#8221; btn_button_block=&#8221;true&#8221; btn_add_icon=&#8221;true&#8221; el_class=&#8221;third_bg_color&#8221; h2_el_class=&#8221;spaced&#8221; btn_link=&#8221;url:https%3A%2F%2Fwww.jda.es%2Fen%2Fservices%2F||target:%20_blank&#8221;][\/vc_cta][\/vc_column][\/vc_row][vc_row][vc_column][vc_custom_heading text=&#8221;Lawyer,<\/p>\n","protected":false},"author":1,"featured_media":0,"parent":0,"menu_order":0,"comment_status":"closed","ping_status":"closed","template":"","meta":{"rs_blank_template":"","rs_page_bg_color":"","slide_template_v7":"","footnotes":""},"class_list":["post-7104","page","type-page","status-publish","hentry"],"_links":{"self":[{"href":"https:\/\/www.jda.es\/en\/wp-json\/wp\/v2\/pages\/7104","targetHints":{"allow":["GET"]}}],"collection":[{"href":"https:\/\/www.jda.es\/en\/wp-json\/wp\/v2\/pages"}],"about":[{"href":"https:\/\/www.jda.es\/en\/wp-json\/wp\/v2\/types\/page"}],"author":[{"embeddable":true,"href":"https:\/\/www.jda.es\/en\/wp-json\/wp\/v2\/users\/1"}],"replies":[{"embeddable":true,"href":"https:\/\/www.jda.es\/en\/wp-json\/wp\/v2\/comments?post=7104"}],"version-history":[{"count":0,"href":"https:\/\/www.jda.es\/en\/wp-json\/wp\/v2\/pages\/7104\/revisions"}],"wp:attachment":[{"href":"https:\/\/www.jda.es\/en\/wp-json\/wp\/v2\/media?parent=7104"}],"curies":[{"name":"wp","href":"https:\/\/api.w.org\/{rel}","templated":true}]}}