{"id":6532,"date":"2017-01-12T11:21:27","date_gmt":"2017-01-12T11:21:27","guid":{"rendered":"http:\/\/fwcpfcf.cluster026.hosting.ovh.net\/?page_id=6532&#038;lang=ca"},"modified":"2017-01-12T15:16:30","modified_gmt":"2017-01-12T15:16:30","slug":"treballa-a-jda","status":"publish","type":"page","link":"https:\/\/www.jda.es\/ca\/treballa-a-jda\/","title":{"rendered":"Treballa a JDA"},"content":{"rendered":"<div class=\"wpb-content-wrapper\"><p>[vc_row][vc_column][vc_column_text]Per fer-nos arribar la teva candidatura i optar a formar part de la nostra organitzaci\u00f3 has d&#8217;omplir el seg\u00fcent formulari i adjuntar el teu curr\u00edculum vitae.[\/vc_column_text]\n<div class=\"wpcf7 no-js\" id=\"wpcf7-f6531-o1\" lang=\"en-US\" dir=\"ltr\" data-wpcf7-id=\"6531\">\n<div class=\"screen-reader-response\"><p role=\"status\" aria-live=\"polite\" aria-atomic=\"true\"><\/p> <ul><\/ul><\/div>\n<form action=\"\/ca\/wp-json\/wp\/v2\/pages\/6532#wpcf7-f6531-o1\" method=\"post\" class=\"wpcf7-form init\" aria-label=\"Contact form\" enctype=\"multipart\/form-data\" novalidate=\"novalidate\" data-status=\"init\">\n<fieldset class=\"hidden-fields-container\"><input type=\"hidden\" name=\"_wpcf7\" value=\"6531\" \/><input type=\"hidden\" name=\"_wpcf7_version\" value=\"6.1.5\" \/><input type=\"hidden\" name=\"_wpcf7_locale\" value=\"en_US\" \/><input type=\"hidden\" name=\"_wpcf7_unit_tag\" value=\"wpcf7-f6531-o1\" \/><input type=\"hidden\" name=\"_wpcf7_container_post\" value=\"0\" \/><input type=\"hidden\" name=\"_wpcf7_posted_data_hash\" value=\"\" \/><input type=\"hidden\" name=\"_wpcf7_recaptcha_response\" value=\"\" \/>\n<\/fieldset>\n<div class=\"member_feedback\">\n    <div class=\"row\">\n        <div class=\"col-lg-12 col-md-12 col-sm-12 col-xs-12 form-title\">Datos personales<\/div>\n        <div class=\"col-lg-6 col-md-6 col-sm-6 col-xs-12\">\n            <div class=\"input-group\">\n                <span class=\"wpcf7-form-control-wrap\" data-name=\"nombre\"><input size=\"40\" maxlength=\"400\" class=\"wpcf7-form-control wpcf7-text wpcf7-validates-as-required\" aria-required=\"true\" aria-invalid=\"false\" placeholder=\"Nom*\" value=\"\" type=\"text\" name=\"nombre\" \/><\/span>\n            <\/div>\n        <\/div>\n        <div class=\"col-lg-6 col-md-6 col-sm-6 col-xs-12\">\n            <div class=\"input-group\">\n                <span class=\"wpcf7-form-control-wrap\" data-name=\"apellidos\"><input size=\"40\" maxlength=\"400\" class=\"wpcf7-form-control wpcf7-text wpcf7-validates-as-required\" aria-required=\"true\" aria-invalid=\"false\" placeholder=\"Cognoms*\" value=\"\" type=\"text\" name=\"apellidos\" \/><\/span>\n            <\/div>\n        <\/div>\n        <div class=\"col-lg-6 col-md-6 col-sm-6 col-xs-12\">\n            <div class=\"input-group\">\n                <span class=\"wpcf7-form-control-wrap\" data-name=\"email\"><input size=\"40\" maxlength=\"400\" class=\"wpcf7-form-control wpcf7-email wpcf7-validates-as-required wpcf7-text wpcf7-validates-as-email\" aria-required=\"true\" aria-invalid=\"false\" placeholder=\"E-mail*\" value=\"\" type=\"email\" name=\"email\" \/><\/span>\n            <\/div>\n        <\/div>\n        <div class=\"col-lg-6 col-md-6 col-sm-6 col-xs-12\">\n            <div class=\"input-group\">\n                <span class=\"wpcf7-form-control-wrap\" data-name=\"telf\"><input size=\"40\" maxlength=\"400\" class=\"wpcf7-form-control wpcf7-tel wpcf7-text wpcf7-validates-as-tel\" aria-invalid=\"false\" placeholder=\"Tel\u00e8fon\" value=\"\" type=\"tel\" name=\"telf\" \/><\/span>\n            <\/div>\n        <\/div>\n        <div class=\"col-lg-6 col-md-6 col-sm-6 col-xs-12\">\n            <div class=\"input-group\">\n                <span class=\"wpcf7-form-control-wrap\" data-name=\"direccion\"><input size=\"40\" maxlength=\"400\" class=\"wpcf7-form-control wpcf7-text wpcf7-validates-as-required\" aria-required=\"true\" aria-invalid=\"false\" placeholder=\"Direcci\u00f3*\" value=\"\" type=\"text\" name=\"direccion\" \/><\/span>\n            <\/div>\n        <\/div>\n        <div class=\"col-lg-6 col-md-6 col-sm-6 col-xs-12\">\n            <div class=\"input-group\">\n                <span class=\"wpcf7-form-control-wrap\" data-name=\"poblacion\"><input size=\"40\" maxlength=\"400\" class=\"wpcf7-form-control wpcf7-text wpcf7-validates-as-required\" aria-required=\"true\" aria-invalid=\"false\" placeholder=\"Poblaci\u00f3*\" value=\"\" type=\"text\" name=\"poblacion\" \/><\/span>\n            <\/div>\n        <\/div>\n        <div class=\"col-lg-6 col-md-6 col-sm-6 col-xs-12\">\n            <div class=\"input-group\">\nData de naixement*\n                <span class=\"wpcf7-form-control-wrap\" data-name=\"nacimiento\"><input class=\"wpcf7-form-control wpcf7-date wpcf7-validates-as-required wpcf7-validates-as-date\" aria-required=\"true\" aria-invalid=\"false\" value=\"\" type=\"date\" name=\"nacimiento\" \/><\/span>\n            <\/div>\n        <\/div>\n    <\/div>\n<div class=\"row\">\n        <div class=\"col-lg-12 col-md-12 col-sm-12 col-xs-12 form-title\">Dades acad\u00e8miques<\/div>\n        <div class=\"col-lg-6 col-md-6 col-sm-6 col-xs-12\">\n            <div class=\"input-group\">\nFormaci\u00f3*\n                <span class=\"wpcf7-form-control-wrap\" data-name=\"formacion\"><select class=\"wpcf7-form-control wpcf7-select wpcf7-validates-as-required\" aria-required=\"true\" aria-invalid=\"false\" name=\"formacion\"><option value=\"\">&#8212;Please choose an option&#8212;<\/option><option value=\"FP1\">FP1<\/option><option value=\"FP2\">FP2<\/option><option value=\"BUP\/COU\">BUP\/COU<\/option><option value=\"Arquitectura T\u00e8cnica\">Arquitectura T\u00e8cnica<\/option><option value=\"Biblioteconomia \/ Documentaci\u00f3\">Biblioteconomia \/ Documentaci\u00f3<\/option><option value=\"Ci\u00e8ncies Empresarials\">Ci\u00e8ncies Empresarials<\/option><option value=\"Educaci\u00f3 Social\">Educaci\u00f3 Social<\/option><option value=\"Infermeria\">Infermeria<\/option><option value=\"Estad\u00edstica\">Estad\u00edstica<\/option><option value=\"Fisioterapia\">Fisioterapia<\/option><option value=\"Gesti\u00f3 i Administraci\u00f3 P\u00fablica\">Gesti\u00f3 i Administraci\u00f3 P\u00fablica<\/option><option value=\"Enginyeria T\u00e8cnica\">Enginyeria T\u00e8cnica<\/option><option value=\"Nutrici\u00f3 \/ Diet\u00e8tica\">Nutrici\u00f3 \/ Diet\u00e8tica<\/option><option value=\"\u00d2ptica \/ Optometria\">\u00d2ptica \/ Optometria<\/option><option value=\"Relacions Laborals \/ Graduat Social\">Relacions Laborals \/ Graduat Social<\/option><option value=\"Turisme\">Turisme<\/option><option value=\"Altres\">Altres<\/option><option value=\"Administraci\u00f3 i Direcci\u00f3 d&#039;Empreses\">Administraci\u00f3 i Direcci\u00f3 d&#039;Empreses<\/option><option value=\"Antropologia \/ Humanitats\">Antropologia \/ Humanitats<\/option><option value=\"Arquitectura\">Arquitectura<\/option><option value=\"Biologia\">Biologia<\/option><option value=\"Bioqu\u00edmica\">Bioqu\u00edmica<\/option><option value=\"Ci\u00e8ncia i Tecnologia de l&#039;Alimentaci\u00f3\">Ci\u00e8ncia i Tecnologia de l&#039;Alimentaci\u00f3<\/option><option value=\"Ci\u00e8ncies Actuarials i Financeres\">Ci\u00e8ncies Actuarials i Financeres<\/option><option value=\"Ci\u00e8ncies del Treball\">Ci\u00e8ncies del Treball<\/option><option value=\"Ci\u00e8ncies Econ\u00f2miques\">Ci\u00e8ncies Econ\u00f2miques<\/option><option value=\"Ci\u00e8ncies Empresarials\">Ci\u00e8ncies Empresarials<\/option><option value=\"Ci\u00e8ncies F\u00edsiques\">Ci\u00e8ncies F\u00edsiques<\/option><option value=\"Ci\u00e8ncies Pol\u00edtiques i de l&#039;Administraci\u00f3\">Ci\u00e8ncies Pol\u00edtiques i de l&#039;Administraci\u00f3<\/option><option value=\"Ci\u00e8ncies Pol\u00edtiques i Sociologia\">Ci\u00e8ncies Pol\u00edtiques i Sociologia<\/option><option value=\"Ci\u00e8ncies Qu\u00edmiques\">Ci\u00e8ncies Qu\u00edmiques<\/option><option value=\"Altres estudis de Ci\u00e8ncies\">Altres estudis de Ci\u00e8ncies<\/option><option value=\"Dret\">Dret<\/option><option value=\"Documentaci\u00f3\">Documentaci\u00f3<\/option><option value=\"Economia\">Economia<\/option><option value=\"Farm\u00e0cia\">Farm\u00e0cia<\/option><option value=\"Filologies varies\">Filologies varies<\/option><option value=\"F\u00edsica\">F\u00edsica<\/option><option value=\"Geografia \/ Geologia\">Geografia \/ Geologia<\/option><option value=\"Hist\u00f2ria \/ Hist\u00f2ria de l&#039;art\">Hist\u00f2ria \/ Hist\u00f2ria de l&#039;art<\/option><option value=\"Enginyeria de Camins\">Enginyeria de Camins<\/option><option value=\"Enginyeria Industrial\">Enginyeria Industrial<\/option><option value=\"Enginyeria Inform\u00e0tica\">Enginyeria Inform\u00e0tica<\/option><option value=\"Enginyeria Telecomunicacions\">Enginyeria Telecomunicacions<\/option><option value=\"Altres Enginyeries\">Altres Enginyeries<\/option><option value=\"Investigaci\u00f3\">Investigaci\u00f3<\/option><option value=\"Literatura\">Literatura<\/option><option value=\"Matem\u00e0tiques\">Matem\u00e0tiques<\/option><option value=\"Medicina \/ Odontologia\">Medicina \/ Odontologia<\/option><option value=\"N\u00e0utica \/ Transport Mar\u00edtim\">N\u00e0utica \/ Transport Mar\u00edtim<\/option><option value=\"Pedagogia\">Pedagogia<\/option><option value=\"Psicologia\/Psicopedagogia\">Psicologia\/Psicopedagogia<\/option><option value=\"Publicitat i Relacions P\u00fablqiues\">Publicitat i Relacions P\u00fablqiues<\/option><option value=\"Qu\u00edmica\">Qu\u00edmica<\/option><option value=\"Traducci\u00f3 i Interpretaci\u00f3\">Traducci\u00f3 i Interpretaci\u00f3<\/option><option value=\"Veterinaria\">Veterinaria<\/option><option value=\"Altres\">Altres<\/option><\/select><\/span>\n            <\/div>\n        <\/div>\n    <\/div>\n<div class=\"row\">\n        <div class=\"col-lg-12 col-md-12 col-sm-12 col-xs-12 form-title\">Experi\u00e8ncia professional<\/div>\n        <div class=\"col-lg-6 col-md-6 col-sm-6 col-xs-12\">\n            <div class=\"input-group\">\n                <span class=\"wpcf7-form-control-wrap\" data-name=\"situacion-actual\"><select class=\"wpcf7-form-control wpcf7-select\" aria-invalid=\"false\" name=\"situacion-actual\"><option value=\"Actiu\">Actiu<\/option><option value=\"Desempleat\">Desempleat<\/option><\/select><\/span>\n            <\/div>\n        <\/div>\n        <div class=\"col-lg-6 col-md-6 col-sm-6 col-xs-12\">\n            <div class=\"input-group\">\n                <span class=\"wpcf7-form-control-wrap\" data-name=\"puesto\"><select class=\"wpcf7-form-control wpcf7-select\" aria-invalid=\"false\" name=\"puesto\"><option value=\"\">&#8212;Please choose an option&#8212;<\/option><option value=\"Becari, Pr\u00e0ctiques\">Becari, Pr\u00e0ctiques<\/option><option value=\"Auxiliar, Assistent\">Auxiliar, Assistent<\/option><option value=\"Especialista Junior\">Especialista Junior<\/option><option value=\"Especialista Senior\">Especialista Senior<\/option><option value=\"Coordinador\">Coordinador<\/option><option value=\"Cap \u00c0rea, Departament, Divisi\u00f3\">Cap \u00c0rea, Departament, Divisi\u00f3<\/option><option value=\"Director \u00c0rea, Departament, Divisi\u00f3\">Director \u00c0rea, Departament, Divisi\u00f3<\/option><option value=\"Gerent\">Gerent<\/option><option value=\"Director General\">Director General<\/option><option value=\"Soci\">Soci<\/option><\/select><\/span>\n            <\/div>\n        <\/div>\n    <\/div>\n<div class=\"row\">\n        <div class=\"col-lg-12 col-md-12 col-sm-12 col-xs-12 form-title\">Informaci\u00f3 adicional<\/div>\n        <div class=\"col-lg-12 col-md-12 col-sm-12 col-xs-12\">\n            <div class=\"input-group\">\n                <span class=\"wpcf7-form-control-wrap\" data-name=\"disponibilidad\"><textarea cols=\"40\" rows=\"10\" maxlength=\"2000\" class=\"wpcf7-form-control wpcf7-textarea wpcf7-validates-as-required\" aria-required=\"true\" aria-invalid=\"false\" placeholder=\"Disponibilitat*\" name=\"disponibilidad\"><\/textarea><\/span>\n            <\/div>\n        <\/div>\n        <div class=\"col-lg-12 col-md-12 col-sm-12 col-xs-12\">\n            <div class=\"input-group\">\n                <span class=\"wpcf7-form-control-wrap\" data-name=\"objetivos\"><textarea cols=\"40\" rows=\"10\" maxlength=\"2000\" class=\"wpcf7-form-control wpcf7-textarea\" aria-invalid=\"false\" placeholder=\"Objectius professionals\" name=\"objetivos\"><\/textarea><\/span>\n            <\/div>\n        <\/div>\n        <div class=\"col-lg-12 col-md-12 col-sm-12 col-xs-12\">\n            <div class=\"input-group\">\n                <span class=\"wpcf7-form-control-wrap\" data-name=\"comentarios\"><textarea cols=\"40\" rows=\"10\" maxlength=\"2000\" class=\"wpcf7-form-control wpcf7-textarea\" aria-invalid=\"false\" placeholder=\"Altres comentaris\" name=\"comentarios\"><\/textarea><\/span>\n            <\/div>\n        <\/div>\n        <div class=\"col-lg-6 col-md-6 col-sm-6 col-xs-12\">\n            <div class=\"input-group\">\nCurr\u00edculum (PDF)\n                <span class=\"wpcf7-form-control-wrap\" data-name=\"cv\"><input size=\"40\" class=\"wpcf7-form-control wpcf7-file\" accept=\".pdf\" aria-invalid=\"false\" type=\"file\" name=\"cv\" \/><\/span>\n            <\/div>\n        <\/div>\n        <div class=\"col-lg-6 col-md-6 col-sm-6 col-xs-12 lopd\">\n<div>\n<b style=\"font-size: 12px;\">INFORMACI\u00d3 B\u00c0SICA DE PROTECCI\u00d3 DE DADES<\/b>\n<p style=\"font-size:12px;\"><b>Responsable:<\/b> JDA Expert LegalTax, S.L.P. .; <b>Finalitat:<\/b> La selecci\u00f3 de candidats a llocs de treball actuals i futurs, oferts per la nostra empresa i per a les seleccions de persones encarregades pels nostres clients; <b>Legitimaci\u00f3:<\/b> La base legal per al tractament de les seves dades \u00e9s la obtenci\u00f3 del seu consentiment al treball; <b>Destinataris:<\/b> Es comunicaran a clients que ens hagin encarregat una selecci\u00f3 de personal o a altres empreses del grup per a les que se'ls faci una selecci\u00f3 de personal; <b>Drets:<\/b> t\u00e9 dret a accedir, rectificar i suprimir les dades, aix\u00ed com altres drets, com s'explica en la informaci\u00f3 addicional; <b>Informaci\u00f3 addicional:<\/b> Podeu consultar l'informaci\u00f3 addicional i detallada sobre Protecci\u00f3 de dades a la nostra p\u00e0gina web: <a href=\"https:\/\/www.jda.es\/protecciondatos\/candidatos\/\">https:\/\/www.jda.es\/protecciondatos\/candidats\/<\/a><\/p>\n\n<\/div>\n            <div class=\"input-group\">\n               <span class=\"wpcf7-form-control-wrap\" data-name=\"checkbox-532\"><span class=\"wpcf7-form-control wpcf7-checkbox wpcf7-validates-as-required\"><span class=\"wpcf7-list-item first last\"><input type=\"checkbox\" name=\"checkbox-532[]\" value=\"Autoritzo expressament el tractament de les meves dades personals, aix\u00ed com les que es troben en el contingut del meu curr\u00edculum vitae, incloses categories especials.\" \/><span class=\"wpcf7-list-item-label\">Autoritzo expressament el tractament de les meves dades personals, aix\u00ed com les que es troben en el contingut del meu curr\u00edculum vitae, incloses categories especials.<\/span><\/span><\/span><\/span> \n            <\/div>\n        <\/div>\n    <\/div>\n    <div class=\"row\">\n<div class=\"input-group right\">\n                <button type=\"submit\" class=\"button size-lg icon_right\">Enviar <i class=\"fa fa-chevron-right\"><\/i><\/button>\n            <\/div>\n    <\/div>\n<\/div>\n<div class=\"lopd-acc\">\n<div class=\"close-lopd\">Tancar<\/div>\n<strong>Cl\u00e0usules en formulari enviament curr\u00edculum<\/strong>\n\nEn compliment del que estableix la Llei Org\u00e0nica 15\/1999, de 13 de desembre, de Protecci\u00f3 de Dades de Car\u00e0cter Personal, l'informem que les seves dades personals i els del seu curr\u00edculum s'incorporaran, per ser tractades, en els fitxers dels quals \u00e9s responsable JDA Expert LegalTax, S.L.P., per a portar tot el referent a la gesti\u00f3 professional de recerca, avaluaci\u00f3 i selecci\u00f3 de candidats a llocs de treball, tant en processos de selecci\u00f3 interns per a empreses del grup JDA com per a processos de selecci\u00f3 que realitzem per enc\u00e0rrec dels nostres clients. Amb aix\u00f2, el mantindrem incl\u00f2s a la nostra base de dades de candidats per a qualsevol oferta de treball per a la qual vost\u00e8 reuneixi els requisits descrits per al lloc.\n\nAix\u00ed mateix li informem que les seves dades personals i el seu curr\u00edculum podran ser facilitades a altres empreses del grup JDA, especialment, JDA AUDIT, S.L. i JDA VALLBONA LEGAL, S.L. aix\u00ed com a aquelles empreses que ens hagin contractat la gesti\u00f3 de recerca, avaluaci\u00f3 i selecci\u00f3 de candidats per a cobrir un lloc de treball, nom\u00e9s per al cas que jutgem que Vost\u00e8 pogu\u00e9s ser un candidat al lloc de treball a cobrir.\n\nPer exercir els drets que li reconeix la llei, com el dret d'acc\u00e9s, rectificaci\u00f3, cancel\u00b7laci\u00f3 i oposici\u00f3 de les seves dades de car\u00e0cter personal, dirigeixi un escrit a:\n\nGrup JDA\nDepartament d'atenci\u00f3 a l'usuari\nc \/ Francisco de Quevedo, 9\n08402 - GRANOLLERS (Barcelona)\n\nO b\u00e9 a la seg\u00fcent adre\u00e7a de correu electr\u00f2nica: protecciondedatos@jda.es\n\nDesitgem participar-li que JDA Expert LegalTax, S.L.P. compleix amb tots els requisits establerts en l'esmentada Llei i que totes les dades sota la nostra responsabilitat v\u00e9nen sent tractades d'acord amb les exig\u00e8ncies legals, guardant-se les degudes mesures de seguretat que garanteixen la confidencialitat dels mateixos, i actuant en tot moment amb la m\u00e0xima discreci\u00f3 que requereixi el proc\u00e9s.<\/div><p style=\"display: none !important;\" class=\"akismet-fields-container\" data-prefix=\"_wpcf7_ak_\"><label>&#916;<textarea name=\"_wpcf7_ak_hp_textarea\" cols=\"45\" rows=\"8\" maxlength=\"100\"><\/textarea><\/label><input type=\"hidden\" id=\"ak_js_1\" name=\"_wpcf7_ak_js\" value=\"155\"\/><script type=\"text\/javascript\">\n\/* <![CDATA[ *\/\ndocument.getElementById( \"ak_js_1\" ).setAttribute( \"value\", ( new Date() ).getTime() );\n\/* ]]> *\/\n<\/script>\n<\/p><input type='hidden' class='wpcf7-pum' value='{\"closepopup\":false,\"closedelay\":0,\"openpopup\":false,\"openpopup_id\":0}' \/><div class=\"wpcf7-response-output\" aria-hidden=\"true\"><\/div>\n<\/form>\n<\/div>\n[\/vc_column][\/vc_row]<\/p>\n<\/div>","protected":false},"excerpt":{"rendered":"<p>[vc_row][vc_column][vc_column_text]Per fer-nos arribar la teva candidatura i optar a formar part de la nostra organitzaci\u00f3 has d&#8217;omplir el seg\u00fcent formulari i adjuntar el teu curr\u00edculum vitae.[\/vc_column_text][\/vc_column][\/vc_row]<\/p>\n","protected":false},"author":1,"featured_media":0,"parent":0,"menu_order":0,"comment_status":"closed","ping_status":"closed","template":"","meta":{"rs_blank_template":"","rs_page_bg_color":"","slide_template_v7":"","footnotes":""},"class_list":["post-6532","page","type-page","status-publish","hentry"],"_links":{"self":[{"href":"https:\/\/www.jda.es\/ca\/wp-json\/wp\/v2\/pages\/6532","targetHints":{"allow":["GET"]}}],"collection":[{"href":"https:\/\/www.jda.es\/ca\/wp-json\/wp\/v2\/pages"}],"about":[{"href":"https:\/\/www.jda.es\/ca\/wp-json\/wp\/v2\/types\/page"}],"author":[{"embeddable":true,"href":"https:\/\/www.jda.es\/ca\/wp-json\/wp\/v2\/users\/1"}],"replies":[{"embeddable":true,"href":"https:\/\/www.jda.es\/ca\/wp-json\/wp\/v2\/comments?post=6532"}],"version-history":[{"count":0,"href":"https:\/\/www.jda.es\/ca\/wp-json\/wp\/v2\/pages\/6532\/revisions"}],"wp:attachment":[{"href":"https:\/\/www.jda.es\/ca\/wp-json\/wp\/v2\/media?parent=6532"}],"curies":[{"name":"wp","href":"https:\/\/api.w.org\/{rel}","templated":true}]}}