{"id":6361,"date":"2017-01-10T16:07:12","date_gmt":"2017-01-10T16:07:12","guid":{"rendered":"http:\/\/fwcpfcf.cluster026.hosting.ovh.net\/?page_id=6361&#038;lang=ca"},"modified":"2021-07-26T16:11:43","modified_gmt":"2021-07-26T16:11:43","slug":"negocis","status":"publish","type":"page","link":"https:\/\/www.jda.es\/ca\/negocis\/","title":{"rendered":"Negocis"},"content":{"rendered":"<div class=\"wpb-content-wrapper\"><p>[vc_row css=&#8221;.vc_custom_1477048514619{margin-bottom: 50px !important;}&#8221;][vc_column][vc_column_text]<\/p>\n<p><span style=\"color: #000000;\">A JDA comptem amb les m\u00faltiples capacitats, que a dia d\u2019avui s\u00f3n necess\u00e0ries per a una correcta an\u00e0lisi dels efectes de qualsevol decisi\u00f3. Oferim un gran talent professional, coordinem les nostres m\u00faltiples capacitats en trobar totes elles dins dels nostres equips de treball en gesti\u00f3, fiscal, tribut\u00e0ria, legal i jur\u00eddica, laboral, protecci\u00f3 de dades i consultoria econ\u00f2mica.<\/span><\/p>\n<h4>Assessors d&#8217;empreses a Barcelona, Madrid, Granollers i Sabadell.<\/h4>\n<p><span style=\"color: #000000;\">Sectors de negocis als que operem:<\/span>[\/vc_column_text][\/vc_column][\/vc_row][vc_row][vc_column][stm_works grid_style=&#8221;style_2&#8243; cols=&#8221;4&#8243;][\/vc_column][\/vc_row]<\/p>\n<\/div>","protected":false},"excerpt":{"rendered":"<p>[vc_row css=&#8221;.vc_custom_1477048514619{margin-bottom: 50px !important;}&#8221;][vc_column][vc_column_text] A JDA comptem amb les m\u00faltiples capacitats, que a dia d\u2019avui s\u00f3n necess\u00e0ries per a una correcta an\u00e0lisi dels efectes de qualsevol decisi\u00f3. Oferim un gran talent professional, coordinem les nostres m\u00faltiples capacitats en trobar totes elles dins dels nostres equips de treball en gesti\u00f3, fiscal, tribut\u00e0ria, legal i jur\u00eddica, laboral,<\/p>\n","protected":false},"author":1,"featured_media":0,"parent":0,"menu_order":0,"comment_status":"closed","ping_status":"closed","template":"","meta":{"rs_blank_template":"","rs_page_bg_color":"","slide_template_v7":"","footnotes":""},"class_list":["post-6361","page","type-page","status-publish","hentry"],"_links":{"self":[{"href":"https:\/\/www.jda.es\/ca\/wp-json\/wp\/v2\/pages\/6361","targetHints":{"allow":["GET"]}}],"collection":[{"href":"https:\/\/www.jda.es\/ca\/wp-json\/wp\/v2\/pages"}],"about":[{"href":"https:\/\/www.jda.es\/ca\/wp-json\/wp\/v2\/types\/page"}],"author":[{"embeddable":true,"href":"https:\/\/www.jda.es\/ca\/wp-json\/wp\/v2\/users\/1"}],"replies":[{"embeddable":true,"href":"https:\/\/www.jda.es\/ca\/wp-json\/wp\/v2\/comments?post=6361"}],"version-history":[{"count":0,"href":"https:\/\/www.jda.es\/ca\/wp-json\/wp\/v2\/pages\/6361\/revisions"}],"wp:attachment":[{"href":"https:\/\/www.jda.es\/ca\/wp-json\/wp\/v2\/media?parent=6361"}],"curies":[{"name":"wp","href":"https:\/\/api.w.org\/{rel}","templated":true}]}}