{"id":6359,"date":"2017-01-10T16:05:24","date_gmt":"2017-01-10T16:05:24","guid":{"rendered":"http:\/\/fwcpfcf.cluster026.hosting.ovh.net\/?page_id=6359&#038;lang=ca"},"modified":"2026-03-03T10:51:26","modified_gmt":"2026-03-03T09:51:26","slug":"qui-som","status":"publish","type":"page","link":"https:\/\/www.jda.es\/ca\/qui-som\/","title":{"rendered":"Qui som?"},"content":{"rendered":"<div class=\"wpb-content-wrapper\"><p>[vc_row][vc_column width=&#8221;2\/3&#8243;][vc_images_carousel images=&#8221;43390&#8243; img_size=&#8221;full&#8221; onclick=&#8221;link_no&#8221; autoplay=&#8221;yes&#8221; hide_prev_next_buttons=&#8221;yes&#8221; wrap=&#8221;yes&#8221; css=&#8221;&#8221;][vc_column_text css=&#8221;&#8221;]<\/p>\n<p data-start=\"0\" data-end=\"224\"><strong>Grup JDA<\/strong> \u00e9s un despatx de <strong>serveis professionals<\/strong> que, al llarg dels darrers <strong>40 any<\/strong>s, ha desenvolupat solucions globals i completes per a empreses i persones, i les ha dut a terme superant les expectatives dels seus clients.<\/p>\n<p data-start=\"226\" data-end=\"497\">El<strong> r\u00e0nquing Expansi\u00f3n 2025<\/strong> ens considera un dels <strong>millors despatxos professionals jur\u00eddics a Espanya<\/strong>, i la <strong>Revista Emprendedores i Prodespachos<\/strong> ens considera novament com el <strong>millor despatx professional per donar suport legal a empresaris, emprenedors i directius<\/strong> (2025).<\/p>\n<p data-start=\"499\" data-end=\"789\" data-is-last-node=\"\" data-is-only-node=\"\">Grup JDA compta amb la <a href=\"https:\/\/www.jda.es\/wp-content\/uploads\/2018\/03\/281-JDA-EXPERT-LEGALTAX-S.L.P_ES.pdf\"><strong>certificaci\u00f3 ISO 27001:2022<\/strong><\/a> (Certificat n\u00fam. 281\/26), <strong>l\u2019est\u00e0ndard internacional m\u00e9s rellevant en gesti\u00f3 de la seguretat de la informaci\u00f3<\/strong>, fet que acredita i refor\u00e7a el nostre ferm comprom\u00eds amb la professionalitat, la protecci\u00f3 de dades i l\u2019excel\u00b7l\u00e8ncia en el servei.<\/p>\n<p>[\/vc_column_text][vc_column_text css=&#8221;&#8221;]<\/p>\n<blockquote><p><span style=\"color: #000000;\">Grup JDA ha comptat sempre amb vocaci\u00f3 internacional i per aix\u00f2 forma part de la xarxa internacional de despatxos professionals.<\/span><\/p>\n<p><span style=\"color: #000000;\">La nostra companyia compta amb m\u00e9s de 150 professionals especializats i cinc oficines a Barcelona, Granollers, Madrid i Sabadell.<\/span><\/p><\/blockquote>\n<p>[\/vc_column_text][vc_row_inner css=&#8221;.vc_custom_1481620611417{padding-top: 20px !important;}&#8221;][vc_column_inner][vc_column_text css=&#8221;&#8221;]<span style=\"color: #000000;\">Som especialistes en assessorament i solucions estrat\u00e8giques globals per a empreses oferint serveis professionals de:<\/span><\/p>\n<ul>\n<li><span style=\"color: #000000;\"><strong>Legal:<\/strong> Equip d&#8217;advocats especialitzats en oferir qualsevol tipus d&#8217;assessorament legal a empreses i organitzacions.<\/span><\/li>\n<li><span style=\"color: #000000;\"><strong>Fiscal:<\/strong> Assessors fiscals especialitzats en assessorament fiscal per a empreses i organitzacions.<\/span><\/li>\n<li><span style=\"color: #000000;\"><strong>Laboral i RRHH:<\/strong> Assessors laborals especialitzats en assessorament laboral per a empreses i organitzacions.<\/span><\/li>\n<li><span style=\"color: #000000;\"><strong>BPO n\u00f2mines:<\/strong> Outsourcing de n\u00f2mines per a empreses i organitzacions.<\/span><\/li>\n<li><span style=\"color: #000000;\"><strong>Compliance Penal:<\/strong> Assessorem en la implementaci\u00f3 de plans de prevenci\u00f3 de riscos penals per a empreses i programes de compliment (Corporate Compliance).<\/span><\/li>\n<li><span style=\"color: #000000;\"><strong>Consultoria de finan\u00e7ament en R<\/strong><strong>+D+I<\/strong>: assessorament sobre finan\u00e7ament a trav\u00e9s d&#8217;ajudes, subvencions i deduccions fiscals projectes de recerca, desenvolupament i innovaci\u00f3 tecnol\u00f2gica.<\/span><\/li>\n<li><span style=\"color: #000000;\"><strong>Protecci\u00f3 de Dades (RGPD)<\/strong>: Consultors experts en implantar el nou reglament de protecci\u00f3 de dades (RGPD) en empreses i organitzacions.<\/span><\/li>\n<li><span style=\"color: #000000;\"><strong>Emprenedors i Startups<\/strong>: Assessorament per a emprenedors i startups.<\/span><\/li>\n<li><span style=\"color: #000000;\"><strong>Solucions en Corporate:<\/strong> Assessorem als nostres clients en la recerca de compradors \/ inversors i sobre les negociacions amb grups industrials \/ financers interessats en l&#8217;adquisici\u00f3 majorit\u00e0ria o total de la societat.<\/span><\/li>\n<li><span style=\"color: #000000;\"><strong>Consultoria Econ\u00f2mica &#8211; Financera i Controlling:<\/strong> Planificaci\u00f3 Econ\u00f2mica i Financera, seguiment previsional, control de gesti\u00f3, plans de viabilitat, avaluaci\u00f3 d&#8217;empreses.<\/span><\/li>\n<\/ul>\n<p>&nbsp;<\/p>\n<p>[\/vc_column_text][\/vc_column_inner][\/vc_row_inner][vc_images_carousel images=&#8221;43372&#8243; img_size=&#8221;full&#8221; onclick=&#8221;link_no&#8221; autoplay=&#8221;yes&#8221; hide_prev_next_buttons=&#8221;yes&#8221; wrap=&#8221;yes&#8221; css=&#8221;&#8221;][\/vc_column][vc_column width=&#8221;1\/3&#8243;][stm_sidebar sidebar=&#8221;6408&#8243;][\/vc_column][\/vc_row][vc_row full_width=&#8221;stretch_row&#8221; el_class=&#8221;third_bg_color&#8221; css=&#8221;.vc_custom_1481619545833{margin-top: 80px !important;}&#8221;][vc_column][vc_cta h2=&#8221;Accedeixi a la informaci\u00f3 completa dels nostres serveis.&#8221; h2_font_container=&#8221;font_size:13px|color:%23ffffff|line_height:24px&#8221; h2_use_theme_fonts=&#8221;yes&#8221; shape=&#8221;square&#8221; style=&#8221;flat&#8221; add_button=&#8221;right&#8221; btn_title=&#8221;M\u00e9s informaci\u00f3&#8221; btn_style=&#8221;flat&#8221; btn_color=&#8221;theme_style_2&#8243; btn_align=&#8221;right&#8221; btn_i_align=&#8221;right&#8221; btn_i_icon_fontawesome=&#8221;fa fa-chevron-right&#8221; css=&#8221;.vc_custom_1571393216990{margin-bottom: 0px !important;}&#8221; use_custom_fonts_h2=&#8221;true&#8221; btn_button_block=&#8221;true&#8221; btn_add_icon=&#8221;true&#8221; h2_el_class=&#8221;spaced&#8221; el_class=&#8221;third_bg_color&#8221; h2_link=&#8221;||&#8221; btn_link=&#8221;url:https%3A%2F%2Fwww.jda.es%2Fca%2Fserveis%2F||target:%20_blank&#8221;][\/vc_cta][\/vc_column][\/vc_row]<\/p>\n<\/div>","protected":false},"excerpt":{"rendered":"<p>[vc_row][vc_column width=&#8221;2\/3&#8243;][vc_images_carousel images=&#8221;43390&#8243; img_size=&#8221;full&#8221; onclick=&#8221;link_no&#8221; autoplay=&#8221;yes&#8221; hide_prev_next_buttons=&#8221;yes&#8221; wrap=&#8221;yes&#8221; css=&#8221;&#8221;][vc_column_text css=&#8221;&#8221;] Grup JDA \u00e9s un despatx de serveis professionals que, al llarg dels darrers 40 anys, ha desenvolupat solucions globals i completes per a empreses i persones, i les ha dut a terme superant les expectatives dels seus clients. El r\u00e0nquing Expansi\u00f3n 2025 ens considera un<\/p>\n","protected":false},"author":1,"featured_media":0,"parent":0,"menu_order":0,"comment_status":"closed","ping_status":"closed","template":"","meta":{"rs_blank_template":"","rs_page_bg_color":"","slide_template_v7":"","footnotes":""},"class_list":["post-6359","page","type-page","status-publish","hentry"],"_links":{"self":[{"href":"https:\/\/www.jda.es\/ca\/wp-json\/wp\/v2\/pages\/6359","targetHints":{"allow":["GET"]}}],"collection":[{"href":"https:\/\/www.jda.es\/ca\/wp-json\/wp\/v2\/pages"}],"about":[{"href":"https:\/\/www.jda.es\/ca\/wp-json\/wp\/v2\/types\/page"}],"author":[{"embeddable":true,"href":"https:\/\/www.jda.es\/ca\/wp-json\/wp\/v2\/users\/1"}],"replies":[{"embeddable":true,"href":"https:\/\/www.jda.es\/ca\/wp-json\/wp\/v2\/comments?post=6359"}],"version-history":[{"count":0,"href":"https:\/\/www.jda.es\/ca\/wp-json\/wp\/v2\/pages\/6359\/revisions"}],"wp:attachment":[{"href":"https:\/\/www.jda.es\/ca\/wp-json\/wp\/v2\/media?parent=6359"}],"curies":[{"name":"wp","href":"https:\/\/api.w.org\/{rel}","templated":true}]}}