{"id":6320,"date":"2017-01-09T16:29:16","date_gmt":"2017-01-09T16:29:16","guid":{"rendered":"http:\/\/fwcpfcf.cluster026.hosting.ovh.net\/?page_id=6320&#038;lang=ca"},"modified":"2026-02-25T11:16:54","modified_gmt":"2026-02-25T10:16:54","slug":"home","status":"publish","type":"page","link":"https:\/\/www.jda.es\/ca\/","title":{"rendered":"Home"},"content":{"rendered":"<div class=\"wpb-content-wrapper\"><p>[vc_row css=&#8221;.vc_custom_1450677977665{margin-bottom: 0px !important;}&#8221;][vc_column offset=&#8221;vc_hidden-xs&#8221;][rev_slider_vc alias=&#8221;main-slider-cat&#8221;][\/vc_column][\/vc_row][vc_row][vc_column offset=&#8221;vc_hidden-lg vc_hidden-md vc_hidden-sm&#8221;][vc_single_image image=&#8221;27763&#8243; img_size=&#8221;full&#8221; alignment=&#8221;center&#8221;][\/vc_column][\/vc_row][vc_row full_width=&#8221;stretch_row&#8221; el_class=&#8221;third_bg_color&#8221; css=&#8221;.vc_custom_1450692516354{margin-bottom: 60px !important;}&#8221;][vc_column offset=&#8221;vc_hidden-xs&#8221;][vc_cta h2=&#8221;Accediu a la informaci\u00f3 completa i detallada de tots els nostres serveis adaptats a les seves necessitats.&#8221; h2_font_container=&#8221;font_size:13px|color:%23ffffff|line_height:24px&#8221; h2_use_theme_fonts=&#8221;yes&#8221; shape=&#8221;square&#8221; style=&#8221;flat&#8221; add_button=&#8221;right&#8221; btn_title=&#8221;M\u00e9s informaci\u00f3&#8221; btn_style=&#8221;flat&#8221; btn_color=&#8221;theme_style_2&#8243; btn_align=&#8221;right&#8221; btn_i_align=&#8221;right&#8221; btn_i_icon_fontawesome=&#8221;fa fa-chevron-right&#8221; css=&#8221;.vc_custom_1559835948945{margin-bottom: 0px !important;}&#8221; use_custom_fonts_h2=&#8221;true&#8221; btn_button_block=&#8221;true&#8221; btn_add_icon=&#8221;true&#8221; el_class=&#8221;third_bg_color&#8221; h2_el_class=&#8221;spaced&#8221; btn_link=&#8221;url:https%3A%2F%2Fwww.jda.es%2Fca%2Fserveis%2F||target:%20_blank&#8221;][\/vc_cta][\/vc_column][\/vc_row][vc_row][vc_column][vc_custom_heading text=&#8221;Despatx d\u2019advocats, assessors fiscals, laborals i Consultores per a empreses&#8221; font_container=&#8221;tag:h1|font_size:45px|text_align:center|line_height:60px&#8221; use_theme_fonts=&#8221;yes&#8221; css=&#8221;.vc_custom_1710331272201{margin-bottom: 28px !important;}&#8221; el_class=&#8221;base_font_color&#8221;][\/vc_column][\/vc_row][vc_row css=&#8221;.vc_custom_1484045196253{margin-bottom: 37px !important;}&#8221; el_id=&#8221;home-services&#8221;][vc_column width=&#8221;1\/3&#8243;][stm_animation_block animation=&#8221;fadeInUp&#8221; animation_duration=&#8221;1&#8243; animation_delay=&#8221;0&#8243;][stm_info_box style=&#8221;style_3&#8243; title_icon=&#8221;stm-chart-monitor&#8221; title=&#8221;Posem a la seva disposici\u00f3 un equip de m\u00e9s de 150 professionals.&#8221; image=&#8221;8172&#8243; link=&#8221;url:https%3A%2F%2Fwww.jda.es%2Fca%2Fserveis%2F|title:Leer%20m%C3%A1s|target:%20_blank&#8221;]<span style=\"color: #ffffff;\">Especialistes en serveis fiscals, laborals, legals, protecci\u00f3 de dades i consultoria econ\u00f2mica<\/span>[\/stm_info_box][\/stm_animation_block][\/vc_column][vc_column width=&#8221;1\/3&#8243;][stm_animation_block animation=&#8221;fadeInUp&#8221; animation_duration=&#8221;1&#8243; animation_delay=&#8221;0.05&#8243;][stm_info_box style=&#8221;style_3&#8243; title_icon=&#8221;stm-chart-refresh&#8221; icon=&#8221;&#8221; title=&#8221;Involucrats en un proc\u00e9s de constant creixement&#8221; image=&#8221;8173&#8243; link=&#8221;url:https%3A%2F%2Fwww.jda.es%2Fca%2Fqui-som%2F|title:Leer%20m%C3%A1s|target:%20_blank&#8221;]<span style=\"color: #ffffff;\">Un dels millors despatxos d&#8217;advocats a Espanya segons el R\u00e0nquing 2025 d&#8217;Expansi\u00f3n<\/span>[\/stm_info_box][\/stm_animation_block][\/vc_column][vc_column width=&#8221;1\/3&#8243;][stm_animation_block animation=&#8221;fadeInUp&#8221; animation_duration=&#8221;1&#8243; animation_delay=&#8221;0.1&#8243;][stm_info_box style=&#8221;style_3&#8243; title_icon=&#8221;stm-location-2&#8243; title=&#8221;Membres d&#8217;una xarxa global present a m\u00e9s de 110 pa\u00efsos, 300 oficines i m\u00e9s de 12.000 professionals especialistes en les \u00e0rees fiscals, laboral i legal&#8221; image=&#8221;8174&#8243; link=&#8221;url:https%3A%2F%2Fwww.jda.es%2Fca%2Fxarxa-sfai%2F|title:Leer%20m%C3%A1s|target:%20_blank&#8221;]<span style=\"color: #ffffff;\">Nom\u00e9s 27 firmes internacionals pertanyen al Forum of Firms, SFAI \u00e9s una d&#8217;elles.<\/span>[\/stm_info_box][\/stm_animation_block][\/vc_column][\/vc_row][vc_row full_width=&#8221;stretch_row&#8221; css=&#8221;.vc_custom_1451476985704{padding-top: 53px !important;padding-bottom: 70px !important;background-color: #f2f2f2 !important;}&#8221;][vc_column][vc_custom_heading text=&#8221;Serveis d&#8217;assessorament jur\u00eddic, fiscal i laboral&#8221; font_container=&#8221;tag:h1|font_size:45px|text_align:center|line_height:60px&#8221; use_theme_fonts=&#8221;yes&#8221; css=&#8221;.vc_custom_1626250602363{margin-bottom: 28px !important;}&#8221; el_class=&#8221;base_font_color&#8221;][vc_row_inner css=&#8221;.vc_custom_1484049929474{margin-bottom: 30px !important;}&#8221; el_class=&#8221;hexagon-services&#8221;][vc_column_inner width=&#8221;1\/3&#8243;][stm_icon_box hide_title_line=&#8221;hide_title_line&#8221; enable_hexagon=&#8221;enable&#8221; enable_hexagon_animation=&#8221;enable&#8221; icon=&#8221;stm-user&#8221; style=&#8221;icon_left&#8221; icon_size=&#8221;15&#8243; icon_width=&#8221;78&#8243; title=&#8221;Laboral i Capital hum\u00e0&#8221;]<\/p>\n<p id=\"tw-target-text\" class=\"tw-data-text tw-text-large tw-ta\" dir=\"ltr\" data-placeholder=\"Traducci\u00f3n\"><span lang=\"ca\" style=\"color: #000000;\" tabindex=\"0\">Col\u00b7laborem amb els nostres clients en la formulaci\u00f3 i posada en escena de l&#8217;estrat\u00e8gia de recursos humans mitjan\u00e7ant projectes a mesura que contribueixin a crear una cultura d&#8217;empresa orientada a l&#8217;efici\u00e8ncia. Som especialistes en gesti\u00f3 laboral, n\u00f2mines i outsourcing.<\/span><\/p>\n<p>[\/stm_icon_box][\/vc_column_inner][vc_column_inner width=&#8221;1\/3&#8243;][stm_icon_box hide_title_line=&#8221;hide_title_line&#8221; enable_hexagon=&#8221;enable&#8221; enable_hexagon_animation=&#8221;enable&#8221; icon=&#8221;fa fa-gavel&#8221; style=&#8221;icon_left&#8221; icon_size=&#8221;22&#8243; icon_width=&#8221;78&#8243; title=&#8221;Serveis de Compliance Penal&#8221;]<span style=\"color: #000000;\">Comptem amb un equip d&#8217;advocats especialistes en Plans de Riscos Penals. Assessorem, elaborarem, formarem i ajudem empresaris a la implementaci\u00f3 d\u2019un programa de compliment o de prevenci\u00f3 de riscos penals.<\/span>[\/stm_icon_box][\/vc_column_inner][vc_column_inner width=&#8221;1\/3&#8243;][stm_icon_box hide_title_line=&#8221;hide_title_line&#8221; enable_hexagon=&#8221;enable&#8221; enable_hexagon_animation=&#8221;enable&#8221; icon=&#8221;stm-building6&#8243; style=&#8221;icon_left&#8221; icon_size=&#8221;22&#8243; icon_width=&#8221;78&#8243; title=&#8221;Serveis Legals&#8221;]<span style=\"color: #000000;\">El R\u00e0nquing 2021 d&#8217;Expansi\u00f3n ens considera un dels millors depatxos d&#8217;advocat a Espanya, a m\u00e9s de ser referents en el desenvolupament de solucions legals globals i completes per a empreses en mat\u00e8ria fiscal, laboral, protecci\u00f3 de dades i consultoria econ\u00f2mica.<\/span>[\/stm_icon_box][\/vc_column_inner][\/vc_row_inner][vc_row_inner el_class=&#8221;hexagon-services&#8221;][vc_column_inner width=&#8221;1\/3&#8243;][stm_icon_box hide_title_line=&#8221;hide_title_line&#8221; enable_hexagon=&#8221;enable&#8221; enable_hexagon_animation=&#8221;enable&#8221; icon=&#8221;fa fa-lock&#8221; style=&#8221;icon_left&#8221; icon_size=&#8221;24&#8243; icon_width=&#8221;78&#8243; title=&#8221;Serveis de Protecci\u00f3 de Dades&#8221;]<span style=\"color: #000000;\">Comptem amb un equip de consultors especialitzats en Protecci\u00f3 de Dades i amb la figura del DPO (Data Proteccion Officer),\u00a0 per a dur terme la millor implantaci\u00f3 del Nou Reglament de Protecci\u00f3 de Dades (RGPD) a la seva empresa.\u00a0<\/span>[\/stm_icon_box][\/vc_column_inner][vc_column_inner width=&#8221;1\/3&#8243;][stm_icon_box hide_title_line=&#8221;hide_title_line&#8221; enable_hexagon=&#8221;enable&#8221; enable_hexagon_animation=&#8221;enable&#8221; icon=&#8221;stm-lamp&#8221; style=&#8221;icon_left&#8221; icon_size=&#8221;28&#8243; icon_width=&#8221;78&#8243; title=&#8221;BoxOffice&#8221;]<\/p>\n<div class=\"wpb_text_column wpb_content_element \">\n<div class=\"wpb_wrapper\">\n<p>BoxOffice es un servicio de informaci\u00f3n para nuestros clientes al que puedes acceder desde nuestra p\u00e1gina web, o desde tu m\u00f3vil, a trav\u00e9s de nuestra App, la cual puede descargarse gratuitamente en IOS y Android.<\/p>\n<p>\u00a1Con BoxOffice, JDA pone tu empresa en tu bolsillo!<\/p>\n<\/div>\n<\/div>\n<p>[\/stm_icon_box][\/vc_column_inner][vc_column_inner width=&#8221;1\/3&#8243;][stm_icon_box hide_title_line=&#8221;hide_title_line&#8221; enable_hexagon=&#8221;enable&#8221; enable_hexagon_animation=&#8221;enable&#8221; icon=&#8221;stm-nokia&#8221; style=&#8221;icon_left&#8221; icon_size=&#8221;20&#8243; icon_width=&#8221;78&#8243; title=&#8221;Serveis Fiscals&#8221;]Amb els nostres serveis fiscals li lliurarem cada any el nostre informe anual, amb tot detalls dels seus comptes i balan\u00e7os. A m\u00e9s comptar\u00e0 amb la seva r\u00e0ting i scoring financer, la comparativa de la valoraci\u00f3 financera amb empreses del seu sector i les r\u00e0tios m\u00e9s importants de la seva empresa comparats amb la mitjana d&#8217;empreses de mida similar al seu en el seu sector.[\/stm_icon_box][\/vc_column_inner][\/vc_row_inner][vc_row_inner el_class=&#8221;margin-top-25&#8243;][vc_column_inner][vc_btn title=&#8221;Veure tots&#8221; style=&#8221;flat&#8221; color=&#8221;theme_style_2&#8243; align=&#8221;center&#8221; i_align=&#8221;right&#8221; i_icon_fontawesome=&#8221;fa fa-chevron-right&#8221; add_icon=&#8221;true&#8221; link=&#8221;url:https%3A%2F%2Fwww.jda.es%2Fca%2Fserveis%2F||&#8221;][\/vc_column_inner][\/vc_row_inner][\/vc_column][\/vc_row][vc_row css=&#8221;.vc_custom_1484585542724{margin-top: 30px !important;margin-bottom: 20px !important;}&#8221;][vc_column width=&#8221;1\/2&#8243; css=&#8221;.vc_custom_1544445416826{margin-right: 5px !important;background-image: url(https:\/\/www.jda.es\/wp-content\/uploads\/2015\/12\/SFAI-Spain-forma-parte-de-una-red-internacional-con-presencia-en-m\u00e1s-de-65-pa\u00edses-de-todo-el-mundo-y-m\u00e1s-de-3.000-profesionales-ofreciendo-1.jpg?id=8180) !important;background-position: center !important;background-repeat: no-repeat !important;background-size: cover !important;}&#8221;][vc_custom_heading stm_title_font_weight=&#8221;700&#8243; text=&#8221;EMPRENEDORS&#8221; font_container=&#8221;tag:h3|font_size:26px|text_align:center|color:%23ffffff&#8221; use_theme_fonts=&#8221;yes&#8221; css=&#8221;.vc_custom_1544459430270{padding-top: 80px !important;padding-bottom: 40px !important;}&#8221; link=&#8221;url:http%3A%2F%2Fstartup.jda.es|target:%20_blank|&#8221;][vc_btn title=&#8221;Veure m\u00e9s +&#8221; style=&#8221;classic&#8221; color=&#8221;white&#8221; size=&#8221;xs&#8221; align=&#8221;center&#8221; css=&#8221;.vc_custom_1559836055292{padding-bottom: 40px !important;}&#8221; link=&#8221;url:http%3A%2F%2Fstartup.jda.es|target:%20_blank|&#8221;][\/vc_column][vc_column width=&#8221;1\/2&#8243; css=&#8221;.vc_custom_1544445388791{margin-left: 5px !important;background-image: url(https:\/\/www.jda.es\/wp-content\/uploads\/2015\/12\/SFAI-Spain-forma-parte-de-una-red-internacional-con-presencia-en-m\u00e1s-de-65-pa\u00edses-de-todo-el-mundo-y-m\u00e1s-de-3.000-profesionales-ofreciendo.jpg?id=8178) !important;background-position: center !important;background-repeat: no-repeat !important;background-size: cover !important;}&#8221;][vc_custom_heading stm_title_font_weight=&#8221;700&#8243; text=&#8221;REVITALITZA I CREIX&#8221; font_container=&#8221;tag:h3|font_size:26px|text_align:center|color:%23ffffff&#8221; use_theme_fonts=&#8221;yes&#8221; css=&#8221;.vc_custom_1544459438658{padding-top: 80px !important;padding-bottom: 40px !important;}&#8221; link=&#8221;url:http%3A%2F%2Fwww.revitalizaycrece.com|target:%20_blank|&#8221; subtitle_color=&#8221;#ffffff&#8221;][vc_btn title=&#8221;Veure m\u00e9s +&#8221; style=&#8221;classic&#8221; color=&#8221;white&#8221; size=&#8221;xs&#8221; align=&#8221;center&#8221; css=&#8221;.vc_custom_1559836071639{padding-bottom: 40px !important;}&#8221; link=&#8221;url:http%3A%2F%2Fwww.revitalizaycrece.com|target:%20_blank|&#8221;][\/vc_column][\/vc_row][vc_row css=&#8221;.vc_custom_1475834167390{margin-bottom: 31px !important;padding-top: 53px !important;}&#8221;][vc_column][vc_custom_heading text=&#8221;Actualitat&#8221; font_container=&#8221;tag:h1|font_size:45px|text_align:center&#8221; use_theme_fonts=&#8221;yes&#8221; link=&#8221;url:https%3A%2F%2Fwww.jda.es%2Fblog%2F||target:%20_blank&#8221;][\/vc_column][\/vc_row][vc_row css=&#8221;.vc_custom_1451043728133{margin-bottom: 32px !important;}&#8221;][vc_column][stm_news posts_per_row=&#8221;4&#8243;][\/vc_column][\/vc_row][vc_row full_width=&#8221;stretch_row&#8221; css=&#8221;.vc_custom_1475834712872{padding-top: 120px !important;padding-bottom: 120px !important;background-image: url(https:\/\/www.jda.es\/wp-content\/uploads\/2015\/12\/fondo-map.png?id=1141) !important;background-position: center !important;background-repeat: no-repeat !important;background-size: cover !important;}&#8221;][vc_column][vc_custom_heading text=&#8221;Aprofita els 40 anys d&#8217;experi\u00e8ncia<br \/>\nd&#8217;una firma global d&#8217;advocats, assessors fiscals, laborals i consultors d&#8217;empresa.&#8221; font_container=&#8221;tag:h1|font_size:45px|text_align:center|color:%23382246|line_height:60px&#8221; google_fonts=&#8221;font_family:Poppins%3A300%2Cregular%2C500%2C600%2C700|font_style:700%20bold%3A700%3Anormal&#8221;][\/vc_column][\/vc_row][vc_row full_width=&#8221;stretch_row&#8221; css=&#8221;.vc_custom_1475834826935{margin-bottom: 0px !important;padding-top: 96px !important;padding-bottom: 80px !important;background-color: #ac899f !important;}&#8221;][vc_column][vc_custom_heading stm_title_font_weight=&#8221;500&#8243; text=&#8221;Despatx d&#8217;advocats a Barcelona, Madrid, Granollers i Sabadell&#8221; font_container=&#8221;tag:h2|font_size:34px|text_align:center|color:%23ffffff|line_height:32px&#8221; use_theme_fonts=&#8221;yes&#8221; css=&#8221;.vc_custom_1707990719177{margin-bottom: 19px !important;}&#8221;][vc_custom_heading stm_title_font_weight=&#8221;500&#8243; text=&#8221;Grup JDA ha estat seleccionada al 2025 com el millor despatx professional per donar suport legal a empresaris, emprenedors i directius segons el comit\u00e8 d\u2019experts de Prodespachos i la Revista Emprendedores.&#8221; font_container=&#8221;tag:div|font_size:28px|text_align:center|color:%23ffffff|line_height:32px&#8221; google_fonts=&#8221;font_family:Open%20Sans%3A300%2C300italic%2Cregular%2Citalic%2C600%2C600italic%2C700%2C700italic%2C800%2C800italic|font_style:300%20light%20regular%3A300%3Anormal&#8221; css=&#8221;.vc_custom_1772013443072{margin-bottom: 19px !important;}&#8221;][\/vc_column][\/vc_row][vc_row full_width=&#8221;stretch_row_content_no_spaces&#8221; css=&#8221;.vc_custom_1475835631210{margin-bottom: -60px !important;padding-top: 0px !important;padding-bottom: 0px !important;background: #ffffff url(https:\/\/www.jda.es\/wp-content\/uploads\/2015\/12\/edificio.jpg?id=1148) !important;background-position: center !important;background-repeat: no-repeat !important;background-size: cover !important;}&#8221; el_class=&#8221;ofices-overlay&#8221;][vc_column][stm_gmap map_height=&#8221;447px&#8221; map_zoom=&#8221;11&#8243; disable_mouse_whell=&#8221;disable&#8221;][stm_gmap_address title=&#8221;JDA a Barcelona&#8221; address=&#8221;Muntaner 262, 6\u00ba planta<br \/>\n08021 Barcelona&#8221; phone=&#8221;93 412 76 39&#8243; lat=&#8221;40.416775&#8243; lng=&#8221;-3.703790&#8243;][stm_gmap_address title=&#8221;JDA a Granollers&#8221; address=&#8221;Francisco de Quevedo, 9,<br \/>\n08402 Granollers, Barcelona&#8221; phone=&#8221;93 860 03 70&#8243; lat=&#8221;51.507351&#8243; lng=&#8221;-0.127758&#8243;][stm_gmap_address title=&#8221;JDA a Madrid&#8221; address=&#8221;Principe de Vergara, 43<br \/>\n6a planta 28001 Madrid&#8221; phone=&#8221;91 743 09 68&#8243; lat=&#8221;40.416775&#8243; lng=&#8221;-3.703790&#8243;][stm_gmap_address title=&#8221;JDA a Sabadell&#8221; address=&#8221;c\/ Sant Antoni Maria Claret 1, 1\u00ba 1\u00aa<br \/>\n08202 Sabadell, Barcelona&#8221; phone=&#8221;93 725 91 53&#8243; lat=&#8221;52.520007&#8243; lng=&#8221;13.404954&#8243;][\/stm_gmap][\/vc_column][\/vc_row]<\/p>\n<\/div>","protected":false},"excerpt":{"rendered":"<p>[vc_row css=&#8221;.vc_custom_1450677977665{margin-bottom: 0px !important;}&#8221;][vc_column offset=&#8221;vc_hidden-xs&#8221;][rev_slider_vc alias=&#8221;main-slider-cat&#8221;][\/vc_column][\/vc_row][vc_row][vc_column offset=&#8221;vc_hidden-lg vc_hidden-md vc_hidden-sm&#8221;][vc_single_image image=&#8221;27763&#8243; img_size=&#8221;full&#8221; alignment=&#8221;center&#8221;][\/vc_column][\/vc_row][vc_row full_width=&#8221;stretch_row&#8221; el_class=&#8221;third_bg_color&#8221; css=&#8221;.vc_custom_1450692516354{margin-bottom: 60px !important;}&#8221;][vc_column offset=&#8221;vc_hidden-xs&#8221;][vc_cta h2=&#8221;Accediu a la informaci\u00f3 completa i detallada de tots els nostres serveis adaptats a les seves necessitats.&#8221; h2_font_container=&#8221;font_size:13px|color:%23ffffff|line_height:24px&#8221; h2_use_theme_fonts=&#8221;yes&#8221; shape=&#8221;square&#8221; style=&#8221;flat&#8221; add_button=&#8221;right&#8221; btn_title=&#8221;M\u00e9s informaci\u00f3&#8221; btn_style=&#8221;flat&#8221; btn_color=&#8221;theme_style_2&#8243; btn_align=&#8221;right&#8221; btn_i_align=&#8221;right&#8221; btn_i_icon_fontawesome=&#8221;fa fa-chevron-right&#8221; css=&#8221;.vc_custom_1559835948945{margin-bottom: 0px !important;}&#8221; use_custom_fonts_h2=&#8221;true&#8221; btn_button_block=&#8221;true&#8221; btn_add_icon=&#8221;true&#8221; el_class=&#8221;third_bg_color&#8221;<\/p>\n","protected":false},"author":1,"featured_media":0,"parent":0,"menu_order":0,"comment_status":"closed","ping_status":"closed","template":"","meta":{"rs_blank_template":"","rs_page_bg_color":"","slide_template_v7":"","footnotes":""},"class_list":["post-6320","page","type-page","status-publish","hentry"],"_links":{"self":[{"href":"https:\/\/www.jda.es\/ca\/wp-json\/wp\/v2\/pages\/6320","targetHints":{"allow":["GET"]}}],"collection":[{"href":"https:\/\/www.jda.es\/ca\/wp-json\/wp\/v2\/pages"}],"about":[{"href":"https:\/\/www.jda.es\/ca\/wp-json\/wp\/v2\/types\/page"}],"author":[{"embeddable":true,"href":"https:\/\/www.jda.es\/ca\/wp-json\/wp\/v2\/users\/1"}],"replies":[{"embeddable":true,"href":"https:\/\/www.jda.es\/ca\/wp-json\/wp\/v2\/comments?post=6320"}],"version-history":[{"count":0,"href":"https:\/\/www.jda.es\/ca\/wp-json\/wp\/v2\/pages\/6320\/revisions"}],"wp:attachment":[{"href":"https:\/\/www.jda.es\/ca\/wp-json\/wp\/v2\/media?parent=6320"}],"curies":[{"name":"wp","href":"https:\/\/api.w.org\/{rel}","templated":true}]}}