{"id":24303,"date":"2023-07-05T17:08:39","date_gmt":"2023-07-05T15:08:39","guid":{"rendered":"http:\/\/fwcpfcf.cluster026.hosting.ovh.net\/codi-de-conducta\/"},"modified":"2023-07-07T12:35:06","modified_gmt":"2023-07-07T10:35:06","slug":"canal-intern-dinformacio","status":"publish","type":"page","link":"https:\/\/www.jda.es\/ca\/canal-intern-dinformacio\/","title":{"rendered":"Canal Intern d\u2019Informaci\u00f3"},"content":{"rendered":"<div class=\"wpb-content-wrapper\"><p>[vc_row css=&#8221;.vc_custom_1679399931424{padding-top: 20px !important;}&#8221;][vc_column width=&#8221;2\/3&#8243;][vc_cta h2=&#8221;Podeu consultar el nostre codi \u00e8tic a l&#8217;acc\u00e9s seg\u00fcent:&#8221; h2_font_container=&#8221;font_size:14px|line_height:24px&#8221; h2_use_theme_fonts=&#8221;yes&#8221; shape=&#8221;square&#8221; style=&#8221;flat&#8221; color=&#8221;white&#8221; add_button=&#8221;bottom&#8221; btn_title=&#8221;Veure Codi \u00e8tic&#8221; btn_style=&#8221;flat&#8221; btn_color=&#8221;theme_style_2&#8243; btn_align=&#8221;left&#8221; btn_i_align=&#8221;right&#8221; btn_i_icon_fontawesome=&#8221;fa fa-chevron-right&#8221; use_custom_fonts_h2=&#8221;true&#8221; btn_link=&#8221;url:http%3A%2F%2Fwww.jda.es%2Fwp-content%2Fuploads%2F2018%2F03%2FC%C3%B3digo-%C3%89tico-y-de-Conducta-JDA.pdf|target:%20_blank|&#8221; btn_add_icon=&#8221;true&#8221; h2_el_class=&#8221;spaced&#8221;][\/vc_cta][vc_cta h2=&#8221;Podeu consultar el nostre protocol del canal de den\u00fancies al seg\u00fcent acc\u00e9s:&#8221; h2_font_container=&#8221;font_size:14px|line_height:24px&#8221; h2_use_theme_fonts=&#8221;yes&#8221; shape=&#8221;square&#8221; style=&#8221;flat&#8221; color=&#8221;white&#8221; add_button=&#8221;bottom&#8221; btn_title=&#8221;Veure Protocol del Canal de den\u00fancies&#8221; btn_style=&#8221;flat&#8221; btn_color=&#8221;theme_style_2&#8243; btn_align=&#8221;left&#8221; btn_i_align=&#8221;right&#8221; btn_i_icon_fontawesome=&#8221;fa fa-chevron-right&#8221; use_custom_fonts_h2=&#8221;true&#8221; h2_el_class=&#8221;spaced&#8221; btn_link=&#8221;url:http%3A%2F%2Fwww.jda.es%2Fwp-content%2Fuploads%2F2018%2F03%2FProtocolo-Canal-de-denuncias.pdf|target:%20_blank|&#8221; btn_add_icon=&#8221;true&#8221;][\/vc_cta][\/vc_column][vc_column width=&#8221;1\/3&#8243;][\/vc_column][\/vc_row]<\/p>\n<\/div>","protected":false},"excerpt":{"rendered":"<p>[vc_row css=&#8221;.vc_custom_1679399931424{padding-top: 20px !important;}&#8221;][vc_column width=&#8221;2\/3&#8243;][vc_cta h2=&#8221;Podeu consultar el nostre codi \u00e8tic a l&#8217;acc\u00e9s seg\u00fcent:&#8221; h2_font_container=&#8221;font_size:14px|line_height:24px&#8221; h2_use_theme_fonts=&#8221;yes&#8221; shape=&#8221;square&#8221; style=&#8221;flat&#8221; color=&#8221;white&#8221; add_button=&#8221;bottom&#8221; btn_title=&#8221;Veure Codi \u00e8tic&#8221; btn_style=&#8221;flat&#8221; btn_color=&#8221;theme_style_2&#8243; btn_align=&#8221;left&#8221; btn_i_align=&#8221;right&#8221; btn_i_icon_fontawesome=&#8221;fa fa-chevron-right&#8221; use_custom_fonts_h2=&#8221;true&#8221; btn_link=&#8221;url:http%3A%2F%2Fwww.jda.es%2Fwp-content%2Fuploads%2F2018%2F03%2FC%C3%B3digo-%C3%89tico-y-de-Conducta-JDA.pdf|target:%20_blank|&#8221; btn_add_icon=&#8221;true&#8221; h2_el_class=&#8221;spaced&#8221;][\/vc_cta][vc_cta h2=&#8221;Podeu consultar el nostre protocol del canal de den\u00fancies al seg\u00fcent acc\u00e9s:&#8221; h2_font_container=&#8221;font_size:14px|line_height:24px&#8221; h2_use_theme_fonts=&#8221;yes&#8221; shape=&#8221;square&#8221; style=&#8221;flat&#8221; color=&#8221;white&#8221; add_button=&#8221;bottom&#8221; btn_title=&#8221;Veure Protocol del Canal<\/p>\n","protected":false},"author":1,"featured_media":0,"parent":0,"menu_order":0,"comment_status":"closed","ping_status":"closed","template":"","meta":{"rs_blank_template":"","rs_page_bg_color":"","slide_template_v7":"","footnotes":""},"class_list":["post-24303","page","type-page","status-publish","hentry"],"_links":{"self":[{"href":"https:\/\/www.jda.es\/ca\/wp-json\/wp\/v2\/pages\/24303","targetHints":{"allow":["GET"]}}],"collection":[{"href":"https:\/\/www.jda.es\/ca\/wp-json\/wp\/v2\/pages"}],"about":[{"href":"https:\/\/www.jda.es\/ca\/wp-json\/wp\/v2\/types\/page"}],"author":[{"embeddable":true,"href":"https:\/\/www.jda.es\/ca\/wp-json\/wp\/v2\/users\/1"}],"replies":[{"embeddable":true,"href":"https:\/\/www.jda.es\/ca\/wp-json\/wp\/v2\/comments?post=24303"}],"version-history":[{"count":0,"href":"https:\/\/www.jda.es\/ca\/wp-json\/wp\/v2\/pages\/24303\/revisions"}],"wp:attachment":[{"href":"https:\/\/www.jda.es\/ca\/wp-json\/wp\/v2\/media?parent=24303"}],"curies":[{"name":"wp","href":"https:\/\/api.w.org\/{rel}","templated":true}]}}