{"id":19163,"date":"2021-03-30T13:59:03","date_gmt":"2021-03-30T13:59:03","guid":{"rendered":"http:\/\/fwcpfcf.cluster026.hosting.ovh.net\/oficines\/jda-madrid\/"},"modified":"2026-05-04T13:25:32","modified_gmt":"2026-05-04T11:25:32","slug":"jda-madrid","status":"publish","type":"page","link":"https:\/\/www.jda.es\/ca\/oficines\/jda-madrid\/","title":{"rendered":"JDA Madrid"},"content":{"rendered":"<div class=\"wpb-content-wrapper\"><p>[vc_row][vc_column][vc_single_image image=&#8221;29619&#8243; img_size=&#8221;full&#8221; alignment=&#8221;center&#8221;][vc_empty_space][\/vc_column][\/vc_row][vc_row][vc_column][vc_column_text]<span style=\"color: #000000;\"><strong>JDA Madrid<\/strong> \u00e9s la nostra oficina situada a Madrid. JDA Madrid compta amb un equip d&#8217;advocats, assessors fiscals, assessors laborals i consultors de negoci.<\/span><\/p>\n<p><span style=\"color: #000000;\">Oferim <strong>solucions estrat\u00e8giques globals<\/strong> per a <strong>empreses<\/strong> oferint<strong> serveis professionals<\/strong> en:<\/span><\/p>\n<ul>\n<li><span style=\"color: #000000;\"><strong>Laboral i RRHH:<\/strong> Els nostres assessors laborals t&#8217;oferiran el millor assessorament laboral per a empreses de Madrid.\u00a0<\/span><\/li>\n<li><span style=\"color: #000000;\"><strong>Fiscal: <\/strong>Els nostres assessors fiscals t&#8217;oferiran el millor assessorament fiscal per a empreses de Madrid.\u00a0<\/span><\/li>\n<li><span style=\"color: #000000;\"><strong>Legal: <\/strong>Comptem amb un gran equip d&#8217;advocats especialitzats en totes les branques de el dret, t&#8217;aportaran el millor assessorament legal per a la teva empresa de Madrid.\u00a0<\/span><\/li>\n<li><span style=\"color: #000000;\"><strong>Consultoria econ\u00f2mica i financera:<\/strong> Disposem d&#8217;un equip de consultors especialitzats en totes les \u00e0rees de consultoria a Madrid.\u00a0<\/span><\/li>\n<li><span style=\"color: #000000;\"><strong>Protecci\u00f3 de Dades:<\/strong> Oferim el millor assessorament en protecci\u00f3 de dades. Adaptem la teva empresa a el nou Reglament General de Protecci\u00f3 de Dades (RGPD).<\/span><\/li>\n<li><span style=\"color: #000000;\"><strong>Consultoria de finan\u00e7ament en R + D + I<\/strong>: T&#8217;ajudem a gestionar els tr\u00e0mits necessaris perqu\u00e8 aconsegueixis les millors deduccions fiscals, subvencions i ajudes econ\u00f2miques per als teus projectes en Investigaci\u00f3, Desenvolupament i Innovaci\u00f3 (R + D + I) a Madrid.<\/span><\/li>\n<\/ul>\n<p>[\/vc_column_text][vc_empty_space][vc_single_image image=&#8221;29691&#8243; img_size=&#8221;full&#8221; alignment=&#8221;center&#8221;][vc_gmaps link=&#8221;#E-8_JTNDaWZyYW1lJTIwc3JjJTNEJTIyaHR0cHMlM0ElMkYlMkZ3d3cuZ29vZ2xlLmNvbSUyRm1hcHMlMkZlbWJlZCUzRnBiJTNEJTIxMW0xNCUyMTFtOCUyMTFtMyUyMTFkMTIxNDguMzMyNjg0NDA0OTM5JTIxMmQtMy42ODAxMTE2JTIxM2Q0MC40MjkxNTcyJTIxM20yJTIxMWkxMDI0JTIxMmk3NjglMjE0ZjEzLjElMjEzbTMlMjExbTIlMjExczB4ZDQyMjk0OGJlODA1MTQ3JTI1M0EweDQ5ZDBjODg2ZDZiYjcyM2YlMjEyc0pEQSUyNTIwU0ZBSSUyNTIwTWFkcmlkJTIxNWUwJTIxM20yJTIxMXNlcyUyMTJzZXMlMjE0djE2OTkzNTg1ODMzODklMjE1bTIlMjExc2VzJTIxMnNlcyUyMiUyMHdpZHRoJTNEJTIyNjAwJTIyJTIwaGVpZ2h0JTNEJTIyNDUwJTIyJTIwc3R5bGUlM0QlMjJib3JkZXIlM0EwJTNCJTIyJTIwYWxsb3dmdWxsc2NyZWVuJTNEJTIyJTIyJTIwbG9hZGluZyUzRCUyMmxhenklMjIlM0UlM0MlMkZpZnJhbWUlM0UlMEE=&#8221;][vc_empty_space][vc_raw_html css=&#8221;&#8221;]JTNDaWZyYW1lJTBEJTBBJTIwJTIwJTIwJTIwc3JjJTNEJTIyaHR0cHMlM0ElMkYlMkZhcGkubGVhZGNvbm5lY3RvcmhxLmNvbSUyRndpZGdldCUyRmZvcm0lMkY2VFFkNzJmVlJGUXp6NzNBclgwZyUzRnBhZ2luYV9vcmlnZW4lM0RodHRwcyUzQSUyRiUyRnd3dy5qZGEuZXMlMkZvZmljaW5hcyUyRmpkYS1tYWRyaWQlMkYlMjIlMEQlMEElMjAlMjAlMjAlMjBzdHlsZSUzRCUyMndpZHRoJTNBMTAwJTI1JTNCaGVpZ2h0JTNBMTMwMHB4JTIwJTIxaW1wb3J0YW50JTNCJTNCYm9yZGVyJTNBbm9uZSUzQmJvcmRlci1yYWRpdXMlM0E4cHglMjIlMEQlMEElMjAlMjAlMjAlMjBpZCUzRCUyMmlubGluZS02VFFkNzJmVlJGUXp6NzNBclgwZyUyMiUyMCUwRCUwQSUyMCUyMCUyMCUyMGRhdGEtbGF5b3V0JTNEJTIyJTdCJTI3aWQlMjclM0ElMjdJTkxJTkUlMjclN0QlMjIlMEQlMEElMjAlMjAlMjAlMjBkYXRhLXRyaWdnZXItdHlwZSUzRCUyMmFsd2F5c1Nob3clMjIlMEQlMEElMjAlMjAlMjAlMjBkYXRhLXRyaWdnZXItdmFsdWUlM0QlMjIlMjIlMEQlMEElMjAlMjAlMjAlMjBkYXRhLWFjdGl2YXRpb24tdHlwZSUzRCUyMmFsd2F5c0FjdGl2YXRlZCUyMiUwRCUwQSUyMCUyMCUyMCUyMGRhdGEtYWN0aXZhdGlvbi12YWx1ZSUzRCUyMiUyMiUwRCUwQSUyMCUyMCUyMCUyMGRhdGEtZGVhY3RpdmF0aW9uLXR5cGUlM0QlMjJuZXZlckRlYWN0aXZhdGUlMjIlMEQlMEElMjAlMjAlMjAlMjBkYXRhLWRlYWN0aXZhdGlvbi12YWx1ZSUzRCUyMiUyMiUwRCUwQSUyMCUyMCUyMCUyMGRhdGEtZm9ybS1uYW1lJTNEJTIyRm9ybXVsYXJpbyUyMFdlYiUyMC0lMjBDQVQlMjAlMjIlMEQlMEElMjAlMjAlMjAlMjBkYXRhLWhlaWdodCUzRCUyMjExNzklMjIlMEQlMEElMjAlMjAlMjAlMjBkYXRhLWxheW91dC1pZnJhbWUtaWQlM0QlMjJpbmxpbmUtNlRRZDcyZlZSRlF6ejczQXJYMGclMjIlMEQlMEElMjAlMjAlMjAlMjBkYXRhLWZvcm0taWQlM0QlMjI2VFFkNzJmVlJGUXp6NzNBclgwZyUyMiUwRCUwQSUyMCUyMCUyMCUyMHRpdGxlJTNEJTIyRm9ybXVsYXJpbyUyMFdlYiUyMC0lMjBDQVQlMjAlMjIlMEQlMEElMjAlMjAlMjAlMjAlMjAlMjAlMjAlMjAlM0UlMEQlMEElM0MlMkZpZnJhbWUlM0UlMEQlMEElM0NzY3JpcHQlMjBzcmMlM0QlMjJodHRwcyUzQSUyRiUyRmxpbmsubXNnc25kci5jb20lMkZqcyUyRmZvcm1fZW1iZWQuanMlMjIlM0UlM0MlMkZzY3JpcHQlM0U=[\/vc_raw_html][\/vc_column][\/vc_row][vc_row][vc_column][vc_empty_space][\/vc_column][\/vc_row]<\/p>\n<\/div>","protected":false},"excerpt":{"rendered":"<p>[vc_row][vc_column][vc_single_image image=&#8221;29619&#8243; img_size=&#8221;full&#8221; alignment=&#8221;center&#8221;][vc_empty_space][\/vc_column][\/vc_row][vc_row][vc_column][vc_column_text]JDA Madrid \u00e9s la nostra oficina situada a Madrid. JDA Madrid compta amb un equip d&#8217;advocats, assessors fiscals, assessors laborals i consultors de negoci. Oferim solucions estrat\u00e8giques globals per a empreses oferint serveis professionals en: Laboral i RRHH: Els nostres assessors laborals t&#8217;oferiran el millor assessorament laboral per a empreses de Madrid.\u00a0<\/p>\n","protected":false},"author":50,"featured_media":29749,"parent":19146,"menu_order":3,"comment_status":"closed","ping_status":"closed","template":"","meta":{"rs_blank_template":"","rs_page_bg_color":"","slide_template_v7":"","footnotes":""},"class_list":["post-19163","page","type-page","status-publish","has-post-thumbnail","hentry"],"_links":{"self":[{"href":"https:\/\/www.jda.es\/ca\/wp-json\/wp\/v2\/pages\/19163","targetHints":{"allow":["GET"]}}],"collection":[{"href":"https:\/\/www.jda.es\/ca\/wp-json\/wp\/v2\/pages"}],"about":[{"href":"https:\/\/www.jda.es\/ca\/wp-json\/wp\/v2\/types\/page"}],"author":[{"embeddable":true,"href":"https:\/\/www.jda.es\/ca\/wp-json\/wp\/v2\/users\/50"}],"replies":[{"embeddable":true,"href":"https:\/\/www.jda.es\/ca\/wp-json\/wp\/v2\/comments?post=19163"}],"version-history":[{"count":2,"href":"https:\/\/www.jda.es\/ca\/wp-json\/wp\/v2\/pages\/19163\/revisions"}],"predecessor-version":[{"id":44907,"href":"https:\/\/www.jda.es\/ca\/wp-json\/wp\/v2\/pages\/19163\/revisions\/44907"}],"up":[{"embeddable":true,"href":"https:\/\/www.jda.es\/ca\/wp-json\/wp\/v2\/pages\/19146"}],"wp:featuredmedia":[{"embeddable":true,"href":"https:\/\/www.jda.es\/ca\/wp-json\/wp\/v2\/media\/29749"}],"wp:attachment":[{"href":"https:\/\/www.jda.es\/ca\/wp-json\/wp\/v2\/media?parent=19163"}],"curies":[{"name":"wp","href":"https:\/\/api.w.org\/{rel}","templated":true}]}}