{"id":19159,"date":"2021-03-30T13:52:17","date_gmt":"2021-03-30T13:52:17","guid":{"rendered":"http:\/\/fwcpfcf.cluster026.hosting.ovh.net\/oficines\/jda-granollers\/"},"modified":"2026-05-04T13:23:46","modified_gmt":"2026-05-04T11:23:46","slug":"jda-granollers","status":"publish","type":"page","link":"https:\/\/www.jda.es\/ca\/oficines\/jda-granollers\/","title":{"rendered":"JDA Granollers"},"content":{"rendered":"<div class=\"wpb-content-wrapper\"><p>[vc_row][vc_column][vc_single_image image=&#8221;29675&#8243; img_size=&#8221;full&#8221; alignment=&#8221;center&#8221;][vc_empty_space][\/vc_column][\/vc_row][vc_row][vc_column][vc_column_text]<span style=\"color: #000000;\"><strong>JDA Granollers<\/strong> es la nostra sede principal situada a Granollers.\u00a0\u00a0JDA Granollers compta amb un equip d&#8217;advocats, assessors fiscals, assessors laborals i consultors de negoci.<\/span><\/p>\n<p><span style=\"color: #000000;\">Oferim <strong>solucions estrat\u00e8giques globals<\/strong> per a<strong> empreses<\/strong> oferint <strong>serveis professionals en:<\/strong><\/span><\/p>\n<ul>\n<li><span style=\"color: #000000;\"><strong>Laboral i RRHH:<\/strong> Els nostres assessors laborals t&#8217;oferiran el millor assessorament laboral per a empreses de Granollers<\/span><\/li>\n<li><span style=\"color: #000000;\"><strong>Fiscal: <\/strong>Els nostres assessors fiscals t&#8217;oferiran el millor assessorament fiscal per a empreses de Granollers.<\/span><\/li>\n<li><span style=\"color: #000000;\"><strong>Legal: <\/strong>Comptem amb un gran equip d&#8217;advocats especialitzats en totes les branques de el dret, t&#8217;aportaran el millor assessorament legal per a la teva empresa de Granollers.\u00a0<\/span><\/li>\n<li><span style=\"color: #000000;\">\u2022 Consultoria econ\u00f2mica i financera: Disposem d&#8217;un equip de consultors especialitzats en totes les \u00e0rees de consultoria a Granollers.<\/span><\/li>\n<li><span style=\"color: #000000;\"><strong>Protecci\u00f3 de Dades:<\/strong> Oferim el millor assessorament en protecci\u00f3 de dades. Adaptem la teva empresa a el nou Reglament General de Protecci\u00f3 de Dades (RGPD).<\/span><\/li>\n<li><span style=\"color: #000000;\"><strong>Consultoria de finan\u00e7ament en R + D + I<\/strong>: T&#8217;ajudem a gestionar els tr\u00e0mits necessaris perqu\u00e8 aconsegueixis les millors deduccions fiscals, subvencions i ajudes econ\u00f2miques per als teus projectes en Investigaci\u00f3, Desenvolupament i Innovaci\u00f3 (R + D + I) a Granollers.\u00a0<\/span><\/li>\n<\/ul>\n<p>[\/vc_column_text][vc_empty_space][vc_single_image image=&#8221;29705&#8243; img_size=&#8221;full&#8221; alignment=&#8221;center&#8221;][vc_gmaps link=&#8221;#E-8_JTNDaWZyYW1lJTIwc3JjJTNEJTIyaHR0cHMlM0ElMkYlMkZ3d3cuZ29vZ2xlLmNvbSUyRm1hcHMlMkZlbWJlZCUzRnBiJTNEJTIxMW0xOCUyMTFtMTIlMjExbTMlMjExZDI5ODMuMzgyNjE2NTIxNDY4NyUyMTJkMi4yODk1Nzc0MTU0MzI1MjM1JTIxM2Q0MS42MDQyMzcxNzkyNDQ4MyUyMTJtMyUyMTFmMCUyMTJmMCUyMTNmMCUyMTNtMiUyMTFpMTAyNCUyMTJpNzY4JTIxNGYxMy4xJTIxM20zJTIxMW0yJTIxMXMweDEyYTRjN2M0YmE1ZThlNGIlMjUzQTB4MWMyNTlkYjZhYjQzZDdiOCUyMTJzSkRBJTI1MkZTRkFJJTI1MjBHcmFub2xsZXJzJTIxNWUwJTIxM20yJTIxMXNlcyUyMTJzZXMlMjE0djE2MTUzMDIwNzA2ODklMjE1bTIlMjExc2VzJTIxMnNlcyUyMiUyMHdpZHRoJTNEJTIyNjAwJTIyJTIwaGVpZ2h0JTNEJTIyNDUwJTIyJTIwc3R5bGUlM0QlMjJib3JkZXIlM0EwJTNCJTIyJTIwYWxsb3dmdWxsc2NyZWVuJTNEJTIyJTIyJTIwbG9hZGluZyUzRCUyMmxhenklMjIlM0UlM0MlMkZpZnJhbWUlM0U=&#8221;][vc_empty_space][\/vc_column][\/vc_row][vc_row][vc_column][vc_empty_space][vc_raw_html]JTNDaWZyYW1lJTBEJTBBJTIwJTIwJTIwJTIwc3JjJTNEJTIyaHR0cHMlM0ElMkYlMkZhcGkubGVhZGNvbm5lY3RvcmhxLmNvbSUyRndpZGdldCUyRmZvcm0lMkY2VFFkNzJmVlJGUXp6NzNBclgwZyUzRnBhZ2luYV9vcmlnZW4lM0RodHRwcyUzQSUyRiUyRnd3dy5qZGEuZXMlMkZvZmljaW5hcyUyRmpkYS1ncmFub2xsZXJzJTJGJTIyJTBEJTBBJTIwJTIwJTIwJTIwc3R5bGUlM0QlMjJ3aWR0aCUzQTEwMCUyNSUzQmhlaWdodCUzQTEzMDBweCUyMCUyMWltcG9ydGFudCUzQiUzQmJvcmRlciUzQW5vbmUlM0Jib3JkZXItcmFkaXVzJTNBOHB4JTIyJTBEJTBBJTIwJTIwJTIwJTIwaWQlM0QlMjJpbmxpbmUtNlRRZDcyZlZSRlF6ejczQXJYMGclMjIlMjAlMEQlMEElMjAlMjAlMjAlMjBkYXRhLWxheW91dCUzRCUyMiU3QiUyN2lkJTI3JTNBJTI3SU5MSU5FJTI3JTdEJTIyJTBEJTBBJTIwJTIwJTIwJTIwZGF0YS10cmlnZ2VyLXR5cGUlM0QlMjJhbHdheXNTaG93JTIyJTBEJTBBJTIwJTIwJTIwJTIwZGF0YS10cmlnZ2VyLXZhbHVlJTNEJTIyJTIyJTBEJTBBJTIwJTIwJTIwJTIwZGF0YS1hY3RpdmF0aW9uLXR5cGUlM0QlMjJhbHdheXNBY3RpdmF0ZWQlMjIlMEQlMEElMjAlMjAlMjAlMjBkYXRhLWFjdGl2YXRpb24tdmFsdWUlM0QlMjIlMjIlMEQlMEElMjAlMjAlMjAlMjBkYXRhLWRlYWN0aXZhdGlvbi10eXBlJTNEJTIybmV2ZXJEZWFjdGl2YXRlJTIyJTBEJTBBJTIwJTIwJTIwJTIwZGF0YS1kZWFjdGl2YXRpb24tdmFsdWUlM0QlMjIlMjIlMEQlMEElMjAlMjAlMjAlMjBkYXRhLWZvcm0tbmFtZSUzRCUyMkZvcm11bGFyaW8lMjBXZWIlMjAtJTIwQ0FUJTIwJTIyJTBEJTBBJTIwJTIwJTIwJTIwZGF0YS1oZWlnaHQlM0QlMjIxMTc5JTIyJTBEJTBBJTIwJTIwJTIwJTIwZGF0YS1sYXlvdXQtaWZyYW1lLWlkJTNEJTIyaW5saW5lLTZUUWQ3MmZWUkZReno3M0FyWDBnJTIyJTBEJTBBJTIwJTIwJTIwJTIwZGF0YS1mb3JtLWlkJTNEJTIyNlRRZDcyZlZSRlF6ejczQXJYMGclMjIlMEQlMEElMjAlMjAlMjAlMjB0aXRsZSUzRCUyMkZvcm11bGFyaW8lMjBXZWIlMjAtJTIwQ0FUJTIwJTIyJTBEJTBBJTIwJTIwJTIwJTIwJTIwJTIwJTIwJTIwJTNFJTBEJTBBJTNDJTJGaWZyYW1lJTNFJTBEJTBBJTNDc2NyaXB0JTIwc3JjJTNEJTIyaHR0cHMlM0ElMkYlMkZsaW5rLm1zZ3NuZHIuY29tJTJGanMlMkZmb3JtX2VtYmVkLmpzJTIyJTNFJTNDJTJGc2NyaXB0JTNF[\/vc_raw_html][\/vc_column][\/vc_row]<\/p>\n<\/div>","protected":false},"excerpt":{"rendered":"<p>[vc_row][vc_column][vc_single_image image=&#8221;29675&#8243; img_size=&#8221;full&#8221; alignment=&#8221;center&#8221;][vc_empty_space][\/vc_column][\/vc_row][vc_row][vc_column][vc_column_text]JDA Granollers es la nostra sede principal situada a Granollers.\u00a0\u00a0JDA Granollers compta amb un equip d&#8217;advocats, assessors fiscals, assessors laborals i consultors de negoci. Oferim solucions estrat\u00e8giques globals per a empreses oferint serveis professionals en: Laboral i RRHH: Els nostres assessors laborals t&#8217;oferiran el millor assessorament laboral per a empreses de Granollers<\/p>\n","protected":false},"author":50,"featured_media":29745,"parent":19146,"menu_order":2,"comment_status":"closed","ping_status":"closed","template":"","meta":{"rs_blank_template":"","rs_page_bg_color":"","slide_template_v7":"","footnotes":""},"class_list":["post-19159","page","type-page","status-publish","has-post-thumbnail","hentry"],"_links":{"self":[{"href":"https:\/\/www.jda.es\/ca\/wp-json\/wp\/v2\/pages\/19159","targetHints":{"allow":["GET"]}}],"collection":[{"href":"https:\/\/www.jda.es\/ca\/wp-json\/wp\/v2\/pages"}],"about":[{"href":"https:\/\/www.jda.es\/ca\/wp-json\/wp\/v2\/types\/page"}],"author":[{"embeddable":true,"href":"https:\/\/www.jda.es\/ca\/wp-json\/wp\/v2\/users\/50"}],"replies":[{"embeddable":true,"href":"https:\/\/www.jda.es\/ca\/wp-json\/wp\/v2\/comments?post=19159"}],"version-history":[{"count":2,"href":"https:\/\/www.jda.es\/ca\/wp-json\/wp\/v2\/pages\/19159\/revisions"}],"predecessor-version":[{"id":44903,"href":"https:\/\/www.jda.es\/ca\/wp-json\/wp\/v2\/pages\/19159\/revisions\/44903"}],"up":[{"embeddable":true,"href":"https:\/\/www.jda.es\/ca\/wp-json\/wp\/v2\/pages\/19146"}],"wp:featuredmedia":[{"embeddable":true,"href":"https:\/\/www.jda.es\/ca\/wp-json\/wp\/v2\/media\/29745"}],"wp:attachment":[{"href":"https:\/\/www.jda.es\/ca\/wp-json\/wp\/v2\/media?parent=19159"}],"curies":[{"name":"wp","href":"https:\/\/api.w.org\/{rel}","templated":true}]}}