{"id":19150,"date":"2021-03-30T13:35:37","date_gmt":"2021-03-30T13:35:37","guid":{"rendered":"http:\/\/fwcpfcf.cluster026.hosting.ovh.net\/oficines\/jda-barcelona\/"},"modified":"2021-07-13T11:35:28","modified_gmt":"2021-07-13T11:35:28","slug":"jda-barcelona","status":"publish","type":"page","link":"https:\/\/www.jda.es\/ca\/oficines\/jda-barcelona\/","title":{"rendered":"JDA Barcelona"},"content":{"rendered":"<div class=\"wpb-content-wrapper\"><p>[vc_row][vc_column][vc_single_image image=&#8221;19028&#8243; img_size=&#8221;full&#8221; alignment=&#8221;center&#8221;][vc_empty_space][\/vc_column][\/vc_row][vc_row][vc_column][vc_column_text]<span style=\"color: #000000;\"><strong>JDA Barcelona<\/strong> \u00e9s la nostra oficina situada a Barcelona. JDA Barcelona compta amb un equip d&#8217;advocats, assessors fiscals, assessors laborals i consultors de negoci.<\/span><\/p>\n<p><span style=\"color: #000000;\">Oferim solucions estrat\u00e8giques globals per a empreses oferint serveis professionals en:<\/span><\/p>\n<ul>\n<li><span style=\"color: #000000;\"><strong>Laboral i RRHH:<\/strong> Els nostres assessors laborals t&#8217;oferiran el millor assessorament laboral per a empreses de Barcelona.<\/span><\/li>\n<li><span style=\"color: #000000;\"><strong>Fiscal: <\/strong>Els nostres assessors fiscals t&#8217;oferiran el millor assessorament fiscal per a empreses de Barcelona.<\/span><\/li>\n<li><span style=\"color: #000000;\"><strong>Legal: <\/strong>Comptem amb un gran equip d&#8217;advocats especialitzats en totes les branques de el dret, t&#8217;aportaran el millor assessorament legal per a la teva empresa de Barcelona <\/span><\/li>\n<li><span style=\"color: #000000;\"><strong>Consultoria econ\u00f2mica i financera:<\/strong> Disposem d&#8217;un equip de consultors especialitzats en totes les \u00e0rees de consultoria a Barcelona.<\/span><\/li>\n<li><span style=\"color: #000000;\"><strong>Protecci\u00f3 de Dades:<\/strong> Oferim el millor assessorament en protecci\u00f3 de dades. Adaptem la teva empresa a el nou Reglament General de Protecci\u00f3 de Dades (RGPD).<\/span><\/li>\n<li><span style=\"color: #000000;\"><strong>Consultoria de finan\u00e7ament en R+D+I<\/strong>: T&#8217;ajudem a gestionar els tr\u00e0mits necessaris perqu\u00e8 aconsegueixis les millors deduccions fiscals, subvencions i ajudes econ\u00f2miques per als teus projectes en Investigaci\u00f3, Desenvolupament i Innovaci\u00f3 (R + D + I) a Barcelona.<\/span><\/li>\n<\/ul>\n<p>[\/vc_column_text][vc_empty_space][vc_single_image image=&#8221;19224&#8243; img_size=&#8221;full&#8221; alignment=&#8221;center&#8221;][vc_gmaps link=&#8221;#E-8_JTNDaWZyYW1lJTIwc3JjJTNEJTIyaHR0cHMlM0ElMkYlMkZ3d3cuZ29vZ2xlLmNvbSUyRm1hcHMlMkZlbWJlZCUzRnBiJTNEJTIxMW0xOCUyMTFtMTIlMjExbTMlMjExZDI5OTMuMzA0NDE0MTAwODYyMiUyMTJkMi4xNjAyOTYzMTU0MjU4MzYzJTIxM2Q0MS4zODkxOTQ5NzkyNjQwMiUyMTJtMyUyMTFmMCUyMTJmMCUyMTNmMCUyMTNtMiUyMTFpMTAyNCUyMTJpNzY4JTIxNGYxMy4xJTIxM20zJTIxMW0yJTIxMXMweDEyYTRhMjhkMDhlYTU5NTklMjUzQTB4Yzg5NDcwZDMxMTc4ZDA0NSUyMTJzSkRBJTI1MjBCQVJDRUxPTkElMjE1ZTAlMjEzbTIlMjExc2VzJTIxMnNlcyUyMTR2MTYxNTMwNDA5NjA3NiUyMTVtMiUyMTFzZXMlMjEyc2VzJTIyJTIwd2lkdGglM0QlMjI2MDAlMjIlMjBoZWlnaHQlM0QlMjI0NTAlMjIlMjBzdHlsZSUzRCUyMmJvcmRlciUzQTAlM0IlMjIlMjBhbGxvd2Z1bGxzY3JlZW4lM0QlMjIlMjIlMjBsb2FkaW5nJTNEJTIybGF6eSUyMiUzRSUzQyUyRmlmcmFtZSUzRQ==&#8221;][vc_empty_space][\/vc_column][\/vc_row][vc_row][vc_column][vc_empty_space]\n<div class=\"wpcf7 no-js\" id=\"wpcf7-f19213-o1\" lang=\"es-ES\" dir=\"ltr\" data-wpcf7-id=\"19213\">\n<div class=\"screen-reader-response\"><p role=\"status\" aria-live=\"polite\" aria-atomic=\"true\"><\/p> <ul><\/ul><\/div>\n<form action=\"\/ca\/wp-json\/wp\/v2\/pages\/19150#wpcf7-f19213-o1\" method=\"post\" class=\"wpcf7-form init\" aria-label=\"Formulario de contacto\" novalidate=\"novalidate\" data-status=\"init\">\n<fieldset class=\"hidden-fields-container\"><input type=\"hidden\" name=\"_wpcf7\" value=\"19213\" \/><input type=\"hidden\" name=\"_wpcf7_version\" value=\"6.1.5\" \/><input type=\"hidden\" name=\"_wpcf7_locale\" value=\"es_ES\" \/><input type=\"hidden\" name=\"_wpcf7_unit_tag\" value=\"wpcf7-f19213-o1\" \/><input type=\"hidden\" name=\"_wpcf7_container_post\" value=\"0\" \/><input type=\"hidden\" name=\"_wpcf7_posted_data_hash\" value=\"\" \/><input type=\"hidden\" name=\"_wpcf7_recaptcha_response\" value=\"\" \/>\n<\/fieldset>\n<div class=\"request_callback\">\n            <div class=\"row\">\n                <div class=\"col-lg-6 col-md-6 col-sm-6 col-xs-12\">\n                    <div class=\"input-group\">\n                        <span class=\"wpcf7-form-control-wrap\" data-name=\"nombre\"><input size=\"40\" maxlength=\"400\" class=\"wpcf7-form-control wpcf7-text wpcf7-validates-as-required\" aria-required=\"true\" aria-invalid=\"false\" placeholder=\"Nom *\" value=\"\" type=\"text\" name=\"nombre\" \/><\/span>\n                    <\/div>\n                <\/div>\n                <div class=\"col-lg-6 col-md-6 col-sm-6 col-xs-12\">\n                    <div class=\"input-group\">\n                        <span class=\"wpcf7-form-control-wrap\" data-name=\"apellidos\"><input size=\"40\" maxlength=\"400\" class=\"wpcf7-form-control wpcf7-text wpcf7-validates-as-required\" aria-required=\"true\" aria-invalid=\"false\" placeholder=\"Cognoms *\" value=\"\" type=\"text\" name=\"apellidos\" \/><\/span>\n                    <\/div>\n                <\/div>\n                <div class=\"col-lg-6 col-md-6 col-sm-6 col-xs-12\">\n                    <div class=\"input-group\">\n                        <span class=\"wpcf7-form-control-wrap\" data-name=\"empresa\"><input size=\"40\" maxlength=\"400\" class=\"wpcf7-form-control wpcf7-text wpcf7-validates-as-required\" aria-required=\"true\" aria-invalid=\"false\" placeholder=\"Empresa *\" value=\"\" type=\"text\" name=\"empresa\" \/><\/span>\n                    <\/div>\n                <\/div>\n                <div class=\"col-lg-6 col-md-6 col-sm-6 col-xs-12\">\n                    <div class=\"input-group\">\n                        <span class=\"wpcf7-form-control-wrap\" data-name=\"localidad\"><input size=\"40\" maxlength=\"400\" class=\"wpcf7-form-control wpcf7-text wpcf7-validates-as-required\" aria-required=\"true\" aria-invalid=\"false\" placeholder=\"Localitat *\" value=\"\" type=\"text\" name=\"localidad\" \/><\/span>\n                    <\/div>\n                <\/div>\n                <div class=\"col-lg-6 col-md-6 col-sm-6 col-xs-12\">\n                    <div class=\"input-group\">\n                        <span class=\"wpcf7-form-control-wrap\" data-name=\"email\"><input size=\"40\" maxlength=\"400\" class=\"wpcf7-form-control wpcf7-email wpcf7-validates-as-required wpcf7-text wpcf7-validates-as-email\" aria-required=\"true\" aria-invalid=\"false\" placeholder=\"E-mail *\" value=\"\" type=\"email\" name=\"email\" \/><\/span>\n                    <\/div>\n                <\/div>\n                <div class=\"col-lg-6 col-md-6 col-sm-6 col-xs-12\">\n                    <div class=\"input-group\">\n                        <span class=\"wpcf7-form-control-wrap\" data-name=\"tel\"><input size=\"40\" maxlength=\"400\" class=\"wpcf7-form-control wpcf7-tel wpcf7-validates-as-required wpcf7-text wpcf7-validates-as-tel\" aria-required=\"true\" aria-invalid=\"false\" placeholder=\"Tel\u00e8fon *\" value=\"\" type=\"tel\" name=\"tel\" \/><\/span>\n                    <\/div>\n                <\/div>\n                <div class=\"col-lg-6 col-md-6 col-sm-6 col-xs-12\">\n                    <div class=\"input-group\">\n                        <span class=\"wpcf7-form-control-wrap\" data-name=\"mensaje\"><textarea cols=\"40\" rows=\"10\" maxlength=\"2000\" class=\"wpcf7-form-control wpcf7-textarea wpcf7-validates-as-required\" aria-required=\"true\" aria-invalid=\"false\" placeholder=\"Missatge *\" name=\"mensaje\"><\/textarea><\/span>\n                    <\/div>\n                <\/div>\n\n                <div class=\"col-lg-12 col-md-12 col-sm-12 col-xs-12\">\n                    <div style=\"font-size:10px;\">\n                        <b style=\"font-size: 10px;\">INFORMACI\u00d3 B\u00c0SICA DE PROTECCI\u00d3 DE DADES<\/b>\n                        <p style=\"font-size:10px; color:#000; font-weight:300;line-height: 1.7;\">\n                            <b>Responsable:<\/b>\n                            JDA Expert LegalTax, S.L.P.;\n                            <b style=\"margin-top: 5px;display: inline-block;\">Finalitat:<\/b>\n                            Finalitat 1: Atendre el seu contacte;\n                            Finalitat 2: L'enviament de comunicacions comercials incl\u00f2s per correu electr\u00f2nic o mitjans de comunicaci\u00f3 electr\u00f2nica equivalents.\n                            <b style=\"margin-top: 5px;display: inline-block;\">Legitimaci\u00f3:<\/b>\n                            La base legal per al tractament de les seves dades \u00e9s l'obtenci\u00f3 del seu consentiment;\n                            <b style=\"margin-top: 5px;display: inline-block;\">Destinataris:<\/b>\n                            Empreses de el grup amb motiu de la correcta prestaci\u00f3 dels serveis i de l'atenci\u00f3 a persones de contacte, aix\u00ed com per a temes administratius i de control intern; \n                            <b style=\"margin-top: 5px;display: inline-block;\">Drets:<\/b>\n                            T\u00e9 dret a accedir, rectificar i suprimir les dades, aix\u00ed com altres drets que s'expliquen en la informaci\u00f3 addicional; \n                            <b style=\"margin-top: 5px;display: inline-block;\">Informaci\u00f3 addicional:<\/b>\n                            Podeu consultar la informaci\u00f3 addicional i detallada sobre Protecci\u00f3 de Dades a la nostra p\u00e0gina web: \n                            <a href=\"https:\/\/www.jda.es\/protecciondatos\/contactos\">https:\/\/www.jda.es\/protecciondatos\/contactos<\/a>\n                        <\/p>\n<span class=\"wpcf7-form-control-wrap\" data-name=\"gdprAcceptance\"><span class=\"wpcf7-form-control wpcf7-acceptance\"><span class=\"wpcf7-list-item\"><label><input type=\"checkbox\" name=\"gdprAcceptance\" value=\"1\" aria-invalid=\"false\" \/><span class=\"wpcf7-list-item-label\"><span style=\"text-align:left; font-size: 10px; color: #000;\">&nbsp;&nbsp;Accepto la <a href=\"https:\/\/www.jda.es\/proteccion-datos-politica-privacidad\/\">Pol\u00edtica de privacitat<\/a>, i autoritzo el tractament de ls meves dades conforme a la consulta realitzada<\/span><\/span><\/label><\/span><\/span><\/span> <span class=\"wpcf7-form-control-wrap\" data-name=\"gdprNewsletters\"><span class=\"wpcf7-form-control wpcf7-acceptance optional\"><span class=\"wpcf7-list-item\"><label><input type=\"checkbox\" name=\"gdprNewsletters\" value=\"1\" aria-invalid=\"false\" \/><span class=\"wpcf7-list-item-label\"><span style=\"text-align:left; font-size: 10px; color: #000;\">&nbsp;&nbsp;Autoritzo a JDA a enviar-me, via e-mail, informaci\u00f3 de car\u00e0cter comercial relativa als seus productes i serveis<\/span><\/span><\/label><\/span><\/span><\/span>\n                        <button type=\"submit\" class=\"button size-lg icon_right\">Enviar <i class=\"fa fa-chevron-right\"><\/i><\/button>\n                    <\/div>\n                <\/div>\n            <\/div>\n        <\/div><p style=\"display: none !important;\" class=\"akismet-fields-container\" data-prefix=\"_wpcf7_ak_\"><label>&#916;<textarea name=\"_wpcf7_ak_hp_textarea\" cols=\"45\" rows=\"8\" maxlength=\"100\"><\/textarea><\/label><input type=\"hidden\" id=\"ak_js_1\" name=\"_wpcf7_ak_js\" value=\"159\"\/><script type=\"text\/javascript\">\n\/* <![CDATA[ *\/\ndocument.getElementById( \"ak_js_1\" ).setAttribute( \"value\", ( new Date() ).getTime() );\n\/* ]]> *\/\n<\/script>\n<\/p><input type='hidden' class='wpcf7-pum' value='{\"closepopup\":false,\"closedelay\":0,\"openpopup\":false,\"openpopup_id\":0}' \/><div class=\"wpcf7-response-output\" aria-hidden=\"true\"><\/div>\n<\/form>\n<\/div>\n[\/vc_column][\/vc_row]<\/p>\n<\/div>","protected":false},"excerpt":{"rendered":"<p>[vc_row][vc_column][vc_single_image image=&#8221;19028&#8243; img_size=&#8221;full&#8221; alignment=&#8221;center&#8221;][vc_empty_space][\/vc_column][\/vc_row][vc_row][vc_column][vc_column_text]JDA Barcelona \u00e9s la nostra oficina situada a Barcelona. JDA Barcelona compta amb un equip d&#8217;advocats, assessors fiscals, assessors laborals i consultors de negoci. Oferim solucions estrat\u00e8giques globals per a empreses oferint serveis professionals en: Laboral i RRHH: Els nostres assessors laborals t&#8217;oferiran el millor assessorament laboral per a empreses de Barcelona.<\/p>\n","protected":false},"author":50,"featured_media":19324,"parent":19146,"menu_order":1,"comment_status":"closed","ping_status":"closed","template":"","meta":{"rs_blank_template":"","rs_page_bg_color":"","slide_template_v7":"","footnotes":""},"class_list":["post-19150","page","type-page","status-publish","has-post-thumbnail","hentry"],"_links":{"self":[{"href":"https:\/\/www.jda.es\/ca\/wp-json\/wp\/v2\/pages\/19150","targetHints":{"allow":["GET"]}}],"collection":[{"href":"https:\/\/www.jda.es\/ca\/wp-json\/wp\/v2\/pages"}],"about":[{"href":"https:\/\/www.jda.es\/ca\/wp-json\/wp\/v2\/types\/page"}],"author":[{"embeddable":true,"href":"https:\/\/www.jda.es\/ca\/wp-json\/wp\/v2\/users\/50"}],"replies":[{"embeddable":true,"href":"https:\/\/www.jda.es\/ca\/wp-json\/wp\/v2\/comments?post=19150"}],"version-history":[{"count":0,"href":"https:\/\/www.jda.es\/ca\/wp-json\/wp\/v2\/pages\/19150\/revisions"}],"up":[{"embeddable":true,"href":"https:\/\/www.jda.es\/ca\/wp-json\/wp\/v2\/pages\/19146"}],"wp:featuredmedia":[{"embeddable":true,"href":"https:\/\/www.jda.es\/ca\/wp-json\/wp\/v2\/media\/19324"}],"wp:attachment":[{"href":"https:\/\/www.jda.es\/ca\/wp-json\/wp\/v2\/media?parent=19150"}],"curies":[{"name":"wp","href":"https:\/\/api.w.org\/{rel}","templated":true}]}}