{"id":14385,"date":"2019-03-22T14:51:34","date_gmt":"2019-03-22T14:51:34","guid":{"rendered":"http:\/\/fwcpfcf.cluster026.hosting.ovh.net\/?page_id=14385"},"modified":"2020-11-03T16:29:36","modified_gmt":"2020-11-03T16:29:36","slug":"politica-de-les-cookies","status":"publish","type":"page","link":"https:\/\/www.jda.es\/ca\/politica-de-les-cookies\/","title":{"rendered":"Pol\u00edtica de les cookies"},"content":{"rendered":"<p><script src=\"https:\/\/ajax.googleapis.com\/ajax\/libs\/jquery\/2.1.3\/jquery.min.js\"><\/script><br \/>\n<!-- \n\n<div style=\"margin-left: 35%;\">\n\n\n<p style=\"float: left; padding-right: 50px;\"><a data-cli_action=\"accept\" id=\"cookie_action_close_header\" class=\"medium cli-plugin-button cli-plugin-main-button cookie_action_close_header cli_action_button\" style=\"display: inline-block; color: rgb(255, 255, 255); background-color: rgb(172, 137, 159);\">ACCEPTO<\/a><\/p>\n\n\n<a class=\"medium cli-plugin-button cli-plugin-main-button cookie_action_close_header cli_action_button\" style=\"display: inline-block; color: rgb(255, 255, 255); background-color: rgb(172, 137, 159);\" id=\"clear\">NO ACCEPTO<\/a>\n<\/div>\n\n --><br \/>\n<script>\n      function eliminarCookies() {\n        document.cookie.split(\";\").forEach(function(c) {\n          document.cookie = c.replace(\/^ +\/, \"\").replace(\/=.*\/, \"=;expires=\" + new Date().toUTCString() + \";path=\/\");\n        });\n      }\n      $('#clear').click(function() {\n        eliminarCookies();\n      })\n    <\/script><\/p>\n<p><!-- <span style=\"color: #000000;\">Aquest lloc web fa servir cookies per oferir-li una millor experi\u00e8ncia i servei.<\/span> --><\/p>\n<p><span style=\"color: #000000;\"><strong><span style=\"font-size: 14pt; color: #000000;\">1.- Qu\u00e8 s\u00f3n les cookies?<\/span><br \/>\n<\/strong><\/span><br \/>\n<span style=\"color: #000000;\"> Les cookies s\u00f3n fitxers que es descarreguen al terminal (ordinador \/ smartphone \/ tablet) de l&#8217;usuari en accedir a determinades p\u00e0gines web i que s&#8217;emmagatzemen a la mem\u00f2ria del mateix. Les cookies permeten, entre altres coses, emmagatzemar i recuperar informaci\u00f3 sobre els h\u00e0bits de navegaci\u00f3 d&#8217;un usuari o del seu equip, veure quines p\u00e0gines es visiten, el temps de connexi\u00f3, analitzar el funcionament d&#8217;una p\u00e0gina, si hi ha problemes t\u00e8cnics, etc. Depenent de la informaci\u00f3 que continguin i la forma en qu\u00e8 s&#8217;utilitzi el terminal, es poden utilitzar per recon\u00e8ixer a l&#8217;usuari.<\/span><\/p>\n<p><span style=\"color: #000000;\"><strong><span style=\"font-size: 14pt; color: #000000;\">2.- Quins tipus de cookies hi ha?<\/span><br \/>\n<\/strong><\/span><br \/>\n<span style=\"color: #000000;\"> Segons l&#8217;entitat que gestioni les cookies poden ser:<\/span><\/p>\n<ul>\n<li><span style=\"color: #000000;\"><strong>Cookies pr\u00f2pies.<\/strong>\u00a0S\u00f3n de la nostra propietat i gestionada per nosaltres<\/span><\/li>\n<li><span style=\"color: #000000;\"><strong>Cookies de tercers.\u00a0<\/strong>S\u00f3n propietat d&#8217;un tercer que \u00e9s qui gestiona la informaci\u00f3 obtinguda per la cookie.<\/span><\/li>\n<\/ul>\n<p><span style=\"color: #000000;\">Segons el temps en qu\u00e8 romandr\u00e0 encesa poden ser:<\/span><\/p>\n<ul>\n<li><span style=\"color: #000000;\"><strong>Cookie de sessi\u00f3.\u00a0<\/strong>Dissenyades per a demanar i emmagatzemar dades mentre l&#8217;usuari accedeix a una p\u00e0gina web.<\/span><\/li>\n<li><span style=\"color: #000000;\"><strong>Cookies permanents.<\/strong>\u00a0Les dades queden emmagatzemades al terminal i poden ser accedits i tractats durant un per\u00edode definit pel responsable de la cookie, que pot anar des de minuts fins a anys.<\/span><\/li>\n<\/ul>\n<p><span style=\"color: #000000;\">Segons la seva finalitat poden ser:<\/span><\/p>\n<ul>\n<li><span style=\"color: #000000;\"><strong>Cookies t\u00e8cniques.\u00a0<\/strong>S&#8217;utilitzen per permetre a l&#8217;usuari la navegaci\u00f3 a trav\u00e9s de la p\u00e0gina web o aplicaci\u00f3 i s\u00f3n necess\u00e0ries per a prestar estrictament un servei demaneu per l&#8217;usuari, com cookies d&#8217;entrada d&#8217;usuari, d&#8217;autenticaci\u00f3 o identificaci\u00f3 d&#8217;usuari (\u00fanicament sessi\u00f3), cookies de seguretat l&#8217;usuari, cookies de sessi\u00f3 de reproductor multim\u00e8dia, cookies de sessi\u00f3 per equilibrar la c\u00e0rrega, cookies de personalitzaci\u00f3 de la interf\u00edcie d&#8217;usuari, cookies de complement (plug-in) per intercanviar continguts socials, etc &#8230;<\/span><\/li>\n<li><span style=\"color: #000000;\"><strong>Cookies de personalitzaci\u00f3.<\/strong>\u00a0S&#8217;utilitzen per emmagatzemar configuracions de servei per no tornar a executar cada vegada que es visita el lloc web.<\/span><\/li>\n<li><span style=\"color: #000000;\"><strong>Cookies d&#8217;an\u00e0lisi.<\/strong>\u00a0S&#8217;utilitzen per al seguiment i an\u00e0lisi del comportament dels usuaris; s&#8217;utilitza en el mesurament de l&#8217;activitat del web, elaboraci\u00f3 de perfils de navegaci\u00f3, etc &#8230;<\/span><\/li>\n<li><span style=\"color: #000000;\"><strong>Cookies publicit\u00e0ries.<\/strong>\u00a0Permeten la gesti\u00f3 dels espais publicitaris i adequar el contingut de la publicitat perqu\u00e8 aquesta sigui rellevant per a l&#8217;usuari i per evitar mostrar anuncis que l&#8217;usuari ja hagi vist.<\/span><\/li>\n<li><span style=\"color: #000000;\"><strong>Cookies de publicitat comportamental.<\/strong>\u00a0Permeten la gesti\u00f3 dels espais publicitaris inclosos a la plataforma des d&#8217;on es presta el servei emmagatzemant informaci\u00f3 de comportament dels usuaris obtinguda dels h\u00e0bits de navegaci\u00f3, per oferir publicitat personalitzada d&#8217;acord a aquests h\u00e0bits.<\/span><\/li>\n<li><span style=\"color: #000000;\"><strong>Cookies de xarxes socials.<\/strong>\u00a0S&#8217;utilitzen perqu\u00e8 els usuaris puguin interactuar amb el contingut de diferents plataformes socials, i s\u00f3n utilitzada per aquestes plataformes per realitzar publicitat comportamental, an\u00e0lisi, seguiment i investigaci\u00f3 dels mercats.<\/span><\/li>\n<\/ul>\n<p><span style=\"color: #000000;\"><strong><span style=\"font-size: 14pt; color: #000000;\">3.- Quines cookies utilitzem al nostre web?<\/span><br \/>\n<\/strong><\/span><br \/>\n<span style=\"color: #000000;\"> Les cookies que s&#8217;utilitzen en la nostra web s\u00f3n la seg\u00fcents:<\/span><\/p>\n<p><span style=\"color: #000000;\"><img loading=\"lazy\" decoding=\"async\" class=\"alignnone size-full wp-image-14405\" src=\"https:\/\/www.jda.es\/wp-content\/uploads\/2019\/03\/cookiesalojadasjdav3.png\" alt=\"Pol\u00edtica de les cookies 0\" width=\"889\" height=\"911\" srcset=\"https:\/\/www.jda.es\/wp-content\/uploads\/2019\/03\/cookiesalojadasjdav3.png 889w, https:\/\/www.jda.es\/wp-content\/uploads\/2019\/03\/cookiesalojadasjdav3-293x300.png 293w, https:\/\/www.jda.es\/wp-content\/uploads\/2019\/03\/cookiesalojadasjdav3-768x787.png 768w, https:\/\/www.jda.es\/wp-content\/uploads\/2019\/03\/cookiesalojadasjdav3-50x50.png 50w\" sizes=\"auto, (max-width: 889px) 100vw, 889px\" \/><\/span><\/p>\n<p><span style=\"color: #000000;\">Finalitat de cada cookie:<\/span><\/p>\n<p><span style=\"color: #000000;\"><img loading=\"lazy\" decoding=\"async\" class=\"alignnone size-full wp-image-14405\" src=\"https:\/\/www.jda.es\/wp-content\/uploads\/2018\/03\/cookiesalojadasjdav3-finalidad.png\" alt=\"Pol\u00edtica de les cookies 1\" width=\"889\" height=\"911\" \/><\/span><\/p>\n<p><span style=\"color: #000000; font-size: 14pt;\"><strong><span style=\"color: #000000;\">4.- Configuraci\u00f3 i desactivaci\u00f3 de l&#8217;\u00fas de cookies al seu navegador<\/span><br \/>\n<\/strong><\/span><br \/>\n<span style=\"color: #000000;\"> La majoria dels navegadors indiquen com configurar el seu navegador perqu\u00e8 no accepti cookies, perqu\u00e8 li notifiqui cada vegada que rebi una nova cookie, aix\u00ed com per desactivar completament. Per controlar quin \u00fas vol que es faci de la seva informaci\u00f3, pot configurar el navegador del seu terminal en la forma que estimi m\u00e9s convenient per a vost\u00e8.<\/span><br \/>\n<span style=\"color: #000000;\"> En tot cas, li fem notar que, si es desactiven les cookies t\u00e8cniques i \/ o de funcionament, la qualitat de la p\u00e0gina web pot disminuir o pot ser que costi m\u00e9s identificar-lo.<\/span><\/p>\n<p><span style=\"color: #000000;\">Li indiquem els seg\u00fcents enlla\u00e7os, amb la on podr\u00e0 trobar m\u00e9s informaci\u00f3 sobre els diferents navegadors:<\/span><br \/>\n<span style=\"color: #000000;\"> \u00b7 Chrome: <a style=\"color: #000000;\" href=\"https:\/\/support.google.com\/chrome\/answer\/95647?hl=es\" target=\"_blank\" rel=\"noopener\">https:\/\/support.google.com\/chrome\/answer\/95647?hl=es<\/a><\/span><br \/>\n<span style=\"color: #000000;\"> \u00b7 Explorer: <a style=\"color: #000000;\" href=\"http:\/\/windows.microsoft.com\/es-xl\/internet-explorer\/delete-manage-cookies#ie=ie-10\" target=\"_blank\" rel=\"noopener\">http:\/\/windows.microsoft.com\/es-xl\/internet-explorer\/delete-manage-cookies#ie=ie-10<\/a><\/span><br \/>\n<span style=\"color: #000000;\"> \u00b7 Firefox: <a style=\"color: #000000;\" href=\"http:\/\/support.mozilla.org\/es\/kb\/habilitar-y-deshabilitar-cookies-que-los-sitios-we\" target=\"_blank\" rel=\"noopener\">http:\/\/support.mozilla.org\/es\/kb\/habilitar-y-deshabilitar-cookies-que-los-sitios-we<\/a><\/span><br \/>\n<span style=\"color: #000000;\"> \u00b7 Safari: <a style=\"color: #000000;\" href=\"http:\/\/support.apple.com\/kb\/ph5042\" target=\"_blank\" rel=\"noopener\">http:\/\/support.apple.com\/kb\/ph5042<\/a><\/span><\/p>\n","protected":false},"excerpt":{"rendered":"<p>1.- Qu\u00e8 s\u00f3n les cookies? Les cookies s\u00f3n fitxers que es descarreguen al terminal (ordinador \/ smartphone \/ tablet) de l&#8217;usuari en accedir a determinades p\u00e0gines web i que s&#8217;emmagatzemen a la mem\u00f2ria del mateix. Les cookies permeten, entre altres coses, emmagatzemar i recuperar informaci\u00f3 sobre els h\u00e0bits de navegaci\u00f3 d&#8217;un usuari o del seu<\/p>\n","protected":false},"author":51,"featured_media":0,"parent":0,"menu_order":0,"comment_status":"closed","ping_status":"closed","template":"","meta":{"rs_blank_template":"","rs_page_bg_color":"","slide_template_v7":"","footnotes":""},"class_list":["post-14385","page","type-page","status-publish","hentry"],"_links":{"self":[{"href":"https:\/\/www.jda.es\/ca\/wp-json\/wp\/v2\/pages\/14385","targetHints":{"allow":["GET"]}}],"collection":[{"href":"https:\/\/www.jda.es\/ca\/wp-json\/wp\/v2\/pages"}],"about":[{"href":"https:\/\/www.jda.es\/ca\/wp-json\/wp\/v2\/types\/page"}],"author":[{"embeddable":true,"href":"https:\/\/www.jda.es\/ca\/wp-json\/wp\/v2\/users\/51"}],"replies":[{"embeddable":true,"href":"https:\/\/www.jda.es\/ca\/wp-json\/wp\/v2\/comments?post=14385"}],"version-history":[{"count":0,"href":"https:\/\/www.jda.es\/ca\/wp-json\/wp\/v2\/pages\/14385\/revisions"}],"wp:attachment":[{"href":"https:\/\/www.jda.es\/ca\/wp-json\/wp\/v2\/media?parent=14385"}],"curies":[{"name":"wp","href":"https:\/\/api.w.org\/{rel}","templated":true}]}}