{"id":14307,"date":"2019-03-07T12:31:36","date_gmt":"2019-03-07T12:31:36","guid":{"rendered":"http:\/\/fwcpfcf.cluster026.hosting.ovh.net\/?page_id=14307"},"modified":"2020-02-13T10:07:11","modified_gmt":"2020-02-13T10:07:11","slug":"avis-legal","status":"publish","type":"page","link":"https:\/\/www.jda.es\/ca\/avis-legal\/","title":{"rendered":"Av\u00eds Legal"},"content":{"rendered":"<p><span style=\"color: #000000; font-size: 14pt;\"><strong>1. Informaci\u00f3 legal<\/strong><\/span><\/p>\n<p><span style=\"color: #000000;\">Les presents disposicions regulen l&#8217;\u00fas del servei de la present web que <strong>JDA EXPERT LEGALTAX, S.L.P.<\/strong> (En endavant, JDA) posa a disposici\u00f3 dels seus usuaris. <\/span><\/p>\n<ul>\n<li><span style=\"color: #000000;\">JDA t\u00e9 el seu domicili social situat al carrer C \/ Francisco de Quevedo, 9 08402 Granollers (Barcelona). Espanya. Tel\u00e8fon 938600370 i Fax. 938794960. C.I.F. n\u00famero B-59820167 i es troba inscrita en Registre Mercantil de Barcelona amb el n\u00ba de Tom 21069, Foli 144, Full B 16089, Inscripci\u00f3 1\u00aa.<\/span><\/li>\n<li><span style=\"color: #000000;\"> L&#8217;acc\u00e9s a aquesta p\u00e0gina \u00e9s gratu\u00eft, els serveis que presta JDA amb car\u00e0cter general, tenen el preu que s&#8217;indiqui en la corresponent oferta comercial estipulada en cada cas amb el client, i en cap cas s&#8217;ofereixen o presten a trav\u00e9s del servei d&#8217;aquesta p\u00e0gina web.<\/span><\/li>\n<li><span style=\"color: #000000;\"> La utilitzaci\u00f3 del web atribueix la condici\u00f3 d&#8217;usuari de la web (en endavant, &#8220;l&#8217;Usuari&#8221;) i implica l&#8217;acceptaci\u00f3 de totes les condicions incloses en aquest Av\u00eds Legal. La prestaci\u00f3 del servei del Web t\u00e9 una durada limitada al moment en qu\u00e8 l&#8217;Usuari es trobi connectat a la mateixa. \u00a0<\/span><\/li>\n<\/ul>\n<p><span style=\"color: #000000; font-size: 14pt;\"><strong>2. Drets de Propietat intel\u00b7lectual i industrial<\/strong><\/span><\/p>\n<ul>\n<li><span style=\"color: #000000;\"> Tots els continguts d&#8217;aquesta web, aix\u00ed com el seu disseny gr\u00e0fic i codis font (d&#8217;ara endavant, els &#8220;Continguts&#8221;), s\u00f3n propietat intel\u00b7lectual de JDA o de tercers, sense que puguin entendre\u2019s cedits a l&#8217;Usuari cap dels drets d&#8217;explotaci\u00f3 sobre els mateixos m\u00e9s enll\u00e0 de l&#8217;estrictament necessari per al correcte \u00fas de la web. <\/span><\/li>\n<li><span style=\"color: #000000;\">Les marques, noms comercials o signes distintius s\u00f3n titularitat de JDA o tercers, sense que pugui entendre\u2019s que l&#8217;acc\u00e9s a la Web atribueixi cap dret sobre les esmentades marques, noms comercials i \/ o signes distintius.<\/span><\/li>\n<\/ul>\n<p><span style=\"color: #000000; font-size: 14pt;\"><strong>3. Condicions d&#8217;\u00fas de la web<\/strong><\/span><\/p>\n<p><span style=\"color: #000000;\"><strong>A.- Sobre l&#8217;\u00das.<\/strong><\/span><\/p>\n<ul>\n<li><span style=\"color: #000000;\">L&#8217;Usuari s&#8217;obliga a fer un \u00fas correcte del web de conformitat amb la Llei i el present Av\u00eds Legal. L&#8217;Usuari respondr\u00e0 davant de JDA o davant de tercers, de qualssevol danys i perjudicis que poguessin causar com a conseq\u00fc\u00e8ncia de l&#8217;incompliment d&#8217;aquesta obligaci\u00f3.<\/span><\/li>\n<li><span style=\"color: #000000;\">Queda expressament prohibit l&#8217;\u00fas del Web amb finalitats lesives de b\u00e9ns o interessos de JDA o de tercers o que de qualsevol altra forma sobrecarreguin, danyin o inutilitzin les xarxes, servidors i altres equips inform\u00e0tics (maquinari) o productes i aplicacions inform\u00e0tiques (programari) de JDA o de tercers.<\/span><\/li>\n<\/ul>\n<p><span style=\"color: #000000;\"><strong>B.- Sobre els Continguts<\/strong><\/span><\/p>\n<ul>\n<li><span style=\"color: #000000;\">L&#8217;Usuari es compromet a utilitzar els Continguts de conformitat amb la Llei i el present Av\u00eds Legal, aix\u00ed com amb les altres condicions, reglaments i instruccions que, si s&#8217;escau puguin ser aplicables de conformitat amb el que disposa l&#8217;apartat 1 d.<\/span><\/li>\n<\/ul>\n<p><span style=\"color: #000000;\">Amb car\u00e0cter merament enunciatiu, l&#8217;Usuari d&#8217;acord amb la legislaci\u00f3 vigent haur\u00e0 d&#8217;abstenir de:<\/span><\/p>\n<ul>\n<li><span style=\"color: #000000;\">Reproduir, copiar, distribuir, posar a disposici\u00f3, comunicar p\u00fablicament, transformar o modificar els Continguts excepte en els casos autoritzats en la llei o expressament consentits per JDA o per qui ostenti la titularitat dels drets d&#8217;explotaci\u00f3 si \u00e9s el cas.<\/span><\/li>\n<li><span style=\"color: #000000;\">Reproduir o copiar per a \u00fas privat els Continguts que puguin ser considerats com a Programari o Base de Dades de conformitat amb la legislaci\u00f3 vigent en mat\u00e8ria de propietat intel\u00b7lectual, aix\u00ed com la seva comunicaci\u00f3 p\u00fablica o posada a disposici\u00f3 de tercers quan aquests actes impliquin necess\u00e0riament la reproducci\u00f3 per part de l&#8217;Usuari o d&#8217;un tercer.<\/span><\/li>\n<li><span style=\"color: #000000;\">Extreure i \/ o reutilitzar la totalitat o una part substancial dels Continguts integrants de la Web aix\u00ed com de les bases de dades que JDA posi a disposici\u00f3 dels Usuaris.<\/span><\/li>\n<\/ul>\n<p><span style=\"font-size: 14pt; color: #000000;\"><strong>4. Exclusi\u00f3 de responsabilitat<\/strong><\/span><\/p>\n<p><span style=\"color: #000000;\"><strong>A.- Sobre la Informaci\u00f3<\/strong><\/span><\/p>\n<ul>\n<li><span style=\"color: #000000;\">L&#8217;acc\u00e9s a la web no implica de cap manera l&#8217;obligaci\u00f3 per part de JDA de comprovar la veracitat, exactitud, adequaci\u00f3, idone\u00eftat, exhaustivitat i actualitat de les dades subministrades a trav\u00e9s de la mateixa. Els continguts d&#8217;aquesta p\u00e0gina s\u00f3n de car\u00e0cter general i no constitueixen, de cap manera, la prestaci\u00f3 de cap servei d&#8217;assessorament o consultoria de cap tipus.<\/span><\/li>\n<li><span style=\"color: #000000;\">JDA no es responsabilitza de les decisions preses a partir de la informaci\u00f3 subministrada al web ni dels danys i perjudicis produ\u00efts en l&#8217;Usuari o tercers amb motiu d&#8217;actuacions que tinguin com a \u00fanic fonament la informaci\u00f3 obtinguda a la web.<\/span><\/li>\n<\/ul>\n<p><span style=\"color: #000000;\"><strong>B.- Dels serveis<\/strong><\/span><\/p>\n<ul>\n<li><span style=\"color: #000000;\">L&#8217;acc\u00e9s a la web no implica l&#8217;obligaci\u00f3 per part de JDA de controlar l&#8217;abs\u00e8ncia de virus o qualsevol altre programa o sistema nociu. Corresponent a l&#8217;Usuari la disponibilitat d&#8217;eines adequades per a la detecci\u00f3 i desinfecci\u00f3 de programes inform\u00e0tics nocius.\u00a0JDA no es responsabilitza dels danys produ\u00efts en els equips inform\u00e0tics dels Usuaris o de tercers durant la prestaci\u00f3 del servei del Web.<\/span><\/li>\n<\/ul>\n<p><span style=\"color: #000000;\"><strong>C.- De la disponibilitat del web<\/strong><\/span><\/p>\n<ul>\n<li><span style=\"color: #000000;\"> L&#8217;acc\u00e9s a la web requereix de serveis i subministraments de tercers, inclosos el transport a trav\u00e9s de xarxes de telecomunicacions la fiabilitat, qualitat, continu\u00eftat i funcionament no correspon a JDA. Per tant, els serveis prove\u00efts a trav\u00e9s del web poden ser suspesos, cancel\u00b7lats o resultar inaccessibles per als Usuaris. <\/span><\/li>\n<li><span style=\"color: #000000;\">JDA no es responsabilitza dels danys o perjudicis de qualsevol tipus produ\u00efts a l&#8217;Usuari que portin causa d&#8217;errors o desconnexions a les xarxes de telecomunicacions que produeixin la suspensi\u00f3, cancel\u00b7laci\u00f3 o interrupci\u00f3 del servei de la web durant la prestaci\u00f3 del mateix o amb car\u00e0cter previ.<\/span><\/li>\n<\/ul>\n<p><span style=\"color: #000000; font-size: 14pt;\"><strong>5. Notificaci\u00f3 d&#8217;incid\u00e8ncies i possibles infraccions<\/strong><\/span><\/p>\n<p><span style=\"color: #000000;\">JDA respecta els drets de tercers i la legislaci\u00f3 aplicable. L&#8217;usuari del lloc web i les Aplicacions est\u00e0 obligat a fer el mateix. En cas de trobar incid\u00e8ncies t\u00e8cniques en el funcionament del lloc web, o per a qualsevol comunicaci\u00f3 sobre les condicions d&#8217;\u00fas, pot posar-se en contacte amb JDA a trav\u00e9s del seg\u00fcent <strong><a style=\"color: #000000;\" href=\"https:\/\/www.jda.es\/ca\/contacto\/#1452257567229-e5f623b2-41c0\" target=\"_blank\" rel=\"noopener\">link.<\/a><\/strong><\/span><\/p>\n<p><span style=\"color: #000000; font-size: 14pt;\"><strong>6. Legislaci\u00f3 aplicable<\/strong><\/span><\/p>\n<p><span style=\"color: #000000;\">El present Av\u00eds Legal i les seves conseq\u00fc\u00e8ncies es regiran en tot cas per la legislaci\u00f3 espanyola que estigui en vigor en cada moment.<\/span><\/p>\n","protected":false},"excerpt":{"rendered":"<p>1. Informaci\u00f3 legal Les presents disposicions regulen l&#8217;\u00fas del servei de la present web que JDA EXPERT LEGALTAX, S.L.P. (En endavant, JDA) posa a disposici\u00f3 dels seus usuaris. JDA t\u00e9 el seu domicili social situat al carrer C \/ Francisco de Quevedo, 9 08402 Granollers (Barcelona). Espanya. Tel\u00e8fon 938600370 i Fax. 938794960. C.I.F. n\u00famero B-59820167<\/p>\n","protected":false},"author":50,"featured_media":0,"parent":0,"menu_order":0,"comment_status":"closed","ping_status":"closed","template":"","meta":{"rs_blank_template":"","rs_page_bg_color":"","slide_template_v7":"","footnotes":""},"class_list":["post-14307","page","type-page","status-publish","hentry"],"_links":{"self":[{"href":"https:\/\/www.jda.es\/ca\/wp-json\/wp\/v2\/pages\/14307","targetHints":{"allow":["GET"]}}],"collection":[{"href":"https:\/\/www.jda.es\/ca\/wp-json\/wp\/v2\/pages"}],"about":[{"href":"https:\/\/www.jda.es\/ca\/wp-json\/wp\/v2\/types\/page"}],"author":[{"embeddable":true,"href":"https:\/\/www.jda.es\/ca\/wp-json\/wp\/v2\/users\/50"}],"replies":[{"embeddable":true,"href":"https:\/\/www.jda.es\/ca\/wp-json\/wp\/v2\/comments?post=14307"}],"version-history":[{"count":0,"href":"https:\/\/www.jda.es\/ca\/wp-json\/wp\/v2\/pages\/14307\/revisions"}],"wp:attachment":[{"href":"https:\/\/www.jda.es\/ca\/wp-json\/wp\/v2\/media?parent=14307"}],"curies":[{"name":"wp","href":"https:\/\/api.w.org\/{rel}","templated":true}]}}