{"id":13484,"date":"2018-12-12T11:15:54","date_gmt":"2018-12-12T11:15:54","guid":{"rendered":"http:\/\/fwcpfcf.cluster026.hosting.ovh.net\/?page_id=13484"},"modified":"2020-02-11T14:07:56","modified_gmt":"2020-02-11T14:07:56","slug":"becaris","status":"publish","type":"page","link":"https:\/\/www.jda.es\/ca\/politica-de-privacitat\/becaris\/","title":{"rendered":"Becaris"},"content":{"rendered":"<p><span style=\"font-size: 14pt; color: #000000;\"><strong>Qui \u00e9s responsable del tractament de les seves dades?<\/strong><\/span><\/p>\n<ul>\n<li><span style=\"color: #000000;\"><strong>Identitat:<\/strong> <strong>JDA EXPERT LETALTAX, S.L.P.<\/strong><\/span><\/li>\n<li><span style=\"color: #000000;\"><strong>CIF:<\/strong> B59820167<\/span><\/li>\n<li><span style=\"color: #000000;\"><strong>Dir. Postal:<\/strong> c \/Francisco de Quevedo, 9-08.402 &#8211; GRANOLLERS<\/span><\/li>\n<li><span style=\"color: #000000;\"><strong>Tel\u00e8fon:<\/strong> 938600370<\/span><\/li>\n<li><span style=\"color: #000000;\"><strong>E-Mail:<\/strong> protecciondedatos@www.jda.es<\/span><\/li>\n<\/ul>\n<p><span style=\"color: #000000;\"><span style=\"font-size: 14pt;\"><strong>Dades de contacte del delegat a protecci\u00f3 de dades:<\/strong><\/span> <\/span><\/p>\n<p><span style=\"color: #000000;\">dpo@www.jda.es<\/span><\/p>\n<p><span style=\"color: #000000;\"><strong>\u00a0<\/strong><span style=\"font-size: 14pt;\"><strong>Amb quina finalitat tractem les seves dades personals?<\/strong><\/span><\/span><\/p>\n<p><span style=\"color: #000000;\">A <strong>JDA EXPERT LETALTAX, S.L.P.<\/strong> tractem la informaci\u00f3 facilitada per tal de gestionar la relaci\u00f3 de la nostra companyia amb becaris en el marc de col\u00b7laboraci\u00f3 amb entitats docents en tots els seus aspectes, incl\u00f2s els associats al pagament de remuneraci\u00f3, com la realitzaci\u00f3 de n\u00f2mines, declaracions fiscals, alta a la Seguretat social, etc&#8230;<\/span><\/p>\n<p><span style=\"color: #000000; font-size: 14pt;\"><strong>Per quant de temps conservarem les seves dades?<\/strong><\/span><\/p>\n<p><span style=\"color: #000000;\">Les dades personals proporcionades es conservaran mentre sigui Becari, fora de perill els terminis legals de conservaci\u00f3.\u00a0<\/span><span style=\"color: #000000;\">Decisions automatitzades, perfils i l\u00f2gica aplicada: L&#8217;empresa NO prendr\u00e0 decisions automatitzades.<\/span><\/p>\n<p><span style=\"color: #000000; font-size: 14pt;\"><strong>Quina \u00e9s la legitimaci\u00f3 per al tractament de les seves dades?<\/strong><\/span><\/p>\n<p><span style=\"color: #000000;\">La base legal per al tractament de les seves dades \u00e9s l&#8217;obtenci\u00f3 del seu consentiment.<\/span><\/p>\n<p><span style=\"color: #000000;\"><strong>\u00a0<\/strong><span style=\"font-size: 14pt;\"><strong>A quins destinataris es comunicaran les seves dades?<\/strong><\/span><\/span><\/p>\n<p><span style=\"color: #000000;\">Durant el per\u00edode de durada del tractament, <strong>JDA EXPERT LETALTAX, S.L.P.<\/strong> comunicar\u00e0 les seves dades a la Seguretat Social i a l&#8217;Ag\u00e8ncia Tribut\u00e0ria, per obligaci\u00f3 legal, aix\u00ed com a entitats banc\u00e0ries per a la domiciliaci\u00f3 i pagament de n\u00f2mina.\u00a0Aix\u00ed mateix a altres empreses del grup on el Becari hagi d&#8217;exercir les seves funcions.<\/span><\/p>\n<p><span style=\"color: #000000;\">Aix\u00ed mateix, en <strong>JDA EXPERT LETALTAX, S.L.P.<\/strong> comptarem amb la col\u00b7laboraci\u00f3 de tercers prestadors de serveis que en cada cas h\u00e0gim pogut contractar i que, per a la prestaci\u00f3 d&#8217;aquest servei, pot ser necessari que tinguin acc\u00e9s a les seves dades de car\u00e0cter personal, per\u00f2 que els tractaran amb totes les garanties legals exigibles, seguint les nostres instruccions i pr\u00e8via subscripci\u00f3 d&#8217;un contracte de protecci\u00f3 de dades en les que exigim, entre d&#8217;altres, tractar les dades exclusivament per a les finalitats pactades, aplicar mesures t\u00e8cniques i organitzatives adequades, aix\u00ed com suprimir i retornar les dades a la finalitzaci\u00f3 del servei.<\/span><\/p>\n<p><span style=\"color: #000000;\">A <strong>JDA EXPERT LETALTAX, S.L.P.<\/strong> seguim uns criteris estrictes de selecci\u00f3 de tercers prestadors de serveis per tal de donar compliment a les nostres obligacions i mat\u00e8ria de protecci\u00f3 de dades.\u00a0<\/span><\/p>\n<p><span style=\"color: #000000; font-size: 14pt;\"><strong>Quines s\u00f3n els seus drets quan ens facilita les seves dades?<\/strong>\u00a0<\/span><\/p>\n<p><span style=\"color: #000000;\">Qualsevol persona t\u00e9 dret a obtenir confirmaci\u00f3 sobre si <strong>JDA EXPERT LETALTAX, S.L.P.\u00a0<\/strong>estem tractant dades personals que li concerneixen o no.\u00a0<\/span><\/p>\n<p><span style=\"color: #000000;\">Aix\u00ed mateix, t\u00e9: \u00a0 \u00a0 \u00a0<\/span><\/p>\n<ul>\n<li><span style=\"color: #000000;\">Dret a sol\u00b7licitar l&#8217;acc\u00e9s a les seves dades personals. \u00a0 \u00a0 \u00a0 \u00a0<\/span><\/li>\n<li><span style=\"color: #000000;\"> Dret a sol\u00b7licitar la seva rectificaci\u00f3 \u00a0 \u00a0<\/span><\/li>\n<li><span style=\"color: #000000;\">Dret a sol\u00b7licitar la seva supressi\u00f3. \u00a0 \u00a0 \u00a0 <\/span><\/li>\n<li><span style=\"color: #000000;\">Dret a sol\u00b7licitar la limitaci\u00f3 del seu tractament. \u00a0 \u00a0 \u00a0<\/span><\/li>\n<li><span style=\"color: #000000;\">Dret a oposar-se al tractament. \u00a0 \u00a0 \u00a0 \u00a0 <\/span><\/li>\n<li><span style=\"color: #000000;\">Dret a la portabilitat de les dades. \u00a0 \u00a0 \u00a0 <\/span><\/li>\n<li><span style=\"color: #000000;\">Dret a retirar el consentiment prestat. \u00a0 \u00a0 \u00a0 \u00a0 <\/span><\/li>\n<li><span style=\"color: #000000;\">Dret d&#8217;informaci\u00f3 \u00a0 \u00a0 \u00a0 <\/span><\/li>\n<li><span style=\"color: #000000;\">Dret a oposar-se a ser objecte de decisions individuals automatitzades<\/span><\/li>\n<\/ul>\n<p><span style=\"color: #000000;\">Per exercir els seus drets, dirigeixi un escrit adjuntant c\u00f2pia del seu DNI a: <\/span><\/p>\n<p style=\"text-align: center;\"><span style=\"color: #000000;\"> <strong>JDA EXPERT LETALTAX, S.L.P.<\/strong><\/span><\/p>\n<p style=\"text-align: center;\"><span style=\"color: #000000;\">Exercici drets protecci\u00f3 de dades <\/span><\/p>\n<p style=\"text-align: center;\"><span style=\"color: #000000;\">c \/ Francisco de Quevedo, 9<\/span><\/p>\n<p style=\"text-align: center;\"><span style=\"text-decoration: underline;\"><span style=\"color: #000000; text-decoration: underline;\"> 08402 &#8211; GRANOLLERS (Barcelona)<\/span><\/span><\/p>\n<p><span style=\"color: #000000;\"> o b\u00e9 remeti un correu electr\u00f2nic a: protecciondedatos@www.jda.es.\u00a0<\/span><span style=\"color: #000000;\">Aix\u00ed mateix, l&#8217;informem que pot dirigir-se a l&#8217;Ag\u00e8ncia Espanyola de Protecci\u00f3 de Dades (www.aepd.es) per obtenir informaci\u00f3 addicional o per presentar una reclamaci\u00f3, per exemple, si no has obtingut satisfacci\u00f3 en l&#8217;exercici dels teus drets.<\/span><\/p>\n","protected":false},"excerpt":{"rendered":"<p>Qui \u00e9s responsable del tractament de les seves dades? Identitat: JDA EXPERT LETALTAX, S.L.P. CIF: B59820167 Dir. Postal: c \/Francisco de Quevedo, 9-08.402 &#8211; GRANOLLERS Tel\u00e8fon: 938600370 E-Mail: protecciondedatos@www.jda.es Dades de contacte del delegat a protecci\u00f3 de dades: dpo@www.jda.es \u00a0Amb quina finalitat tractem les seves dades personals? A JDA EXPERT LETALTAX, S.L.P. tractem la informaci\u00f3<\/p>\n","protected":false},"author":27,"featured_media":0,"parent":13456,"menu_order":0,"comment_status":"closed","ping_status":"closed","template":"","meta":{"rs_blank_template":"","rs_page_bg_color":"","slide_template_v7":"","footnotes":""},"class_list":["post-13484","page","type-page","status-publish","hentry"],"_links":{"self":[{"href":"https:\/\/www.jda.es\/ca\/wp-json\/wp\/v2\/pages\/13484","targetHints":{"allow":["GET"]}}],"collection":[{"href":"https:\/\/www.jda.es\/ca\/wp-json\/wp\/v2\/pages"}],"about":[{"href":"https:\/\/www.jda.es\/ca\/wp-json\/wp\/v2\/types\/page"}],"author":[{"embeddable":true,"href":"https:\/\/www.jda.es\/ca\/wp-json\/wp\/v2\/users\/27"}],"replies":[{"embeddable":true,"href":"https:\/\/www.jda.es\/ca\/wp-json\/wp\/v2\/comments?post=13484"}],"version-history":[{"count":0,"href":"https:\/\/www.jda.es\/ca\/wp-json\/wp\/v2\/pages\/13484\/revisions"}],"up":[{"embeddable":true,"href":"https:\/\/www.jda.es\/ca\/wp-json\/wp\/v2\/pages\/13456"}],"wp:attachment":[{"href":"https:\/\/www.jda.es\/ca\/wp-json\/wp\/v2\/media?parent=13484"}],"curies":[{"name":"wp","href":"https:\/\/api.w.org\/{rel}","templated":true}]}}