{"id":13476,"date":"2018-12-12T11:00:42","date_gmt":"2018-12-12T11:00:42","guid":{"rendered":"http:\/\/fwcpfcf.cluster026.hosting.ovh.net\/?page_id=13476"},"modified":"2020-02-11T12:12:30","modified_gmt":"2020-02-11T12:12:30","slug":"negocial","status":"publish","type":"page","link":"https:\/\/www.jda.es\/ca\/politica-de-privacitat\/negocial\/","title":{"rendered":"Negocial"},"content":{"rendered":"<p><span style=\"color: #000000; font-size: 14pt;\"><strong>Qui \u00e9s responsable del tractament de les seves dades?<\/strong><\/span><\/p>\n<ul>\n<li><span style=\"color: #000000;\"><strong>Identitat:<\/strong> <strong>JDA EXPERT LEGALTAX, S.L.P<\/strong>. <\/span><\/li>\n<li><span style=\"color: #000000;\"><strong>CIF:<\/strong> B59820167<\/span><\/li>\n<li><span style=\"color: #000000;\"><strong>Dir. Postal:<\/strong> c \/ Francisco de Quevedo, 9-08.402 &#8211; GRANOLLERS (Barcelona)<\/span><\/li>\n<li><span style=\"color: #000000;\"><strong>Tel\u00e8fon:<\/strong> 938600370<\/span><\/li>\n<li><span style=\"color: #000000;\"><strong>E-Mail:<\/strong> protecciondedatos@www.jda.es<\/span><\/li>\n<\/ul>\n<p><span style=\"color: #000000; font-size: 14pt;\"><strong>Dades de contacte del delegat a protecci\u00f3 de dades:<\/strong> <\/span><\/p>\n<p><span style=\"color: #000000;\">dpo@www.jda.es<\/span><\/p>\n<p><span style=\"color: #000000; font-size: 14pt;\"><strong>Amb quina finalitat tractem les seves dades personals?<\/strong><\/span><\/p>\n<p><span style=\"color: #000000;\">En <strong>JDA EXPERT LEGALTAX, S.L.P<\/strong>. tractem la informaci\u00f3 que ens faciliten les persones interessades per tal de gestionar la relaci\u00f3 negocial que ens uneix, en tots els seus \u00e0mbits, des de l&#8217;execuci\u00f3 del contracte de compravenda i \/ o de prestaci\u00f3 de serveis i tot el que comporta, al manteniment de contacte i enviament de comunicacions comercials per via electr\u00f2nica.<\/span><\/p>\n<p><span style=\"color: #000000;\"><strong>\u00a0<\/strong><span style=\"font-size: 14pt;\"><strong>Per quant de temps conservarem les seves dades?<\/strong><\/span><\/span><\/p>\n<p><span style=\"color: #000000;\">Les dades personals proporcionades es conservaran mentre es mantingui la nostra relaci\u00f3 comercial i fins a cinc anys des de l&#8217;\u00faltima compravenda o finalitzaci\u00f3 de servei.\u00a0Decisions automatitzades, perfils i l\u00f2gica aplicada: L&#8217;empresa NO prendr\u00e0 decisions automatitzades.<strong>\u00a0<\/strong><\/span><\/p>\n<p><span style=\"color: #000000; font-size: 14pt;\"><strong>Quina \u00e9s la legitimaci\u00f3 per al tractament de les seves dades?<\/strong>\u00a0<\/span><\/p>\n<p><span style=\"color: #000000;\">La base legal per al tractament de les seves dades \u00e9s per ser necessaris per l&#8217;execuci\u00f3 de contracte de compravenda i \/ o de prestaci\u00f3 de serveis, en la qual vost\u00e8 \u00e9s part.\u00a0El tractament per realitzar-li comunicacions comercials per correu electr\u00f2nic o altre mitj\u00e0 de comunicaci\u00f3 electr\u00f2nica es realitzaran a l&#8217;empara de l&#8217;art. 21.2 de la Llei 34\/2002 de serveis de la societat de la informaci\u00f3 i comer\u00e7 electr\u00f2nic que ens permet remetre-li comunicacions comercials similars o que guardin relaci\u00f3 amb el producte o servei adquirit originalment, fins que no manifesti la seva oposici\u00f3 a aquests enviaments (vegeu l&#8217;apartat &#8220;Drets&#8221; m\u00e9s avall).\u00a0<\/span><\/p>\n<p><span style=\"color: #000000; font-size: 14pt;\"><strong>A quins destinataris es comunicaran les seves dades?<\/strong>\u00a0<\/span><\/p>\n<p><span style=\"color: #000000;\">Durant el per\u00edode de durada del tractament, <strong>JDA EXPERT LEGALTAX, S.L.P<\/strong>. no comunicar\u00e0 les seves dades a tercers, excepte a empreses del grup amb motiu de la correcta prestaci\u00f3 dels serveis i de l&#8217;atenci\u00f3 a persones de contacte, aix\u00ed com per a temes administratius i de control intern.\u00a0<\/span><\/p>\n<p><span style=\"color: #000000;\">No obstant aix\u00f2, en <strong>JDA EXPERT LEGALTAX, S.L.P<\/strong>.\u00a0comptarem amb la col\u00b7laboraci\u00f3 de tercers prestadors de serveis que en cada cas h\u00e0gim pogut contractar i que, per a la prestaci\u00f3 d&#8217;aquest servei, pot ser necessari que tinguin acc\u00e9s a les seves dades de car\u00e0cter personal, per\u00f2 que els tractaran amb totes les garanties legals exigibles, seguint les nostres instruccions i pr\u00e8via subscripci\u00f3 d&#8217;un contracte de protecci\u00f3 de dades en les que exigim, entre d&#8217;altres, tractar les dades exclusivament per a les finalitats pactades, aplicar mesures t\u00e8cniques i organitzatives adequades, aix\u00ed com suprimir i retornar les dades a la finalitzaci\u00f3 del servei. A <strong>JDA EXPERT LEGALTAX, S.L.P<\/strong>.\u00a0seguim uns criteris estrictes de selecci\u00f3 de tercers prestadors de serveis per tal de donar compliment a les nostres obligacions en mat\u00e8ria de protecci\u00f3 de dades.\u00a0<\/span><\/p>\n<p><span style=\"color: #000000; font-size: 14pt;\"><strong>Quins s\u00f3n els seus drets quan ens facilita les seves dades?<\/strong>\u00a0<\/span><\/p>\n<p><span style=\"color: #000000;\">Qualsevol persona t\u00e9 dret a obtenir confirmaci\u00f3 sobre si <strong>JDA EXPERT LEGALTAX, S.L.P<\/strong>. estem tractant dades personals que li concerneixen o no.<\/span><\/p>\n<p><span style=\"color: #000000;\">Aix\u00ed mateix, t\u00e9:\u00a0<\/span><\/p>\n<ul>\n<li><span style=\"color: #000000;\">Dret a sol\u00b7licitar l&#8217;acc\u00e9s a les seves dades personals.<\/span><\/li>\n<li><span style=\"color: #000000;\">Dret a sol\u00b7licitar la seva rectificaci\u00f3Dret a sol\u00b7licitar la seva supressi\u00f3.<\/span><\/li>\n<li><span style=\"color: #000000;\">Dret a sol\u00b7licitar la limitaci\u00f3 del seu tractament.<\/span><\/li>\n<li><span style=\"color: #000000;\">Dret a oposar-se al tractament.<\/span><\/li>\n<li><span style=\"color: #000000;\">Dret a la portabilitat de les dades.<\/span><\/li>\n<li><span style=\"color: #000000;\">Dret a retirar el consentiment prestat.<\/span><\/li>\n<li><span style=\"color: #000000;\">Dret d&#8217;informaci\u00f3Dret a oposar-se a ser objecte de decisions individuals automatitzades.<\/span><\/li>\n<\/ul>\n<p><span style=\"color: #000000;\">Per exercir els seus drets, dirigeixi un escrit adjuntant c\u00f2pia del seu DNI a: <\/span><\/p>\n<p style=\"text-align: center;\"><span style=\"color: #000000;\"><strong>JDA EXPERT LEGALTAX, S.L.P<\/strong>.<\/span><\/p>\n<p style=\"text-align: center;\"><span style=\"color: #000000;\">Exercici drets protecci\u00f3 de dades<\/span><\/p>\n<p style=\"text-align: center;\"><span style=\"color: #000000;\"> c \/ Francisco de Quevedo, 9 <\/span><\/p>\n<p style=\"text-align: center;\"><span style=\"text-decoration: underline; color: #000000;\">08402 &#8211; GRANOLLERS (Barcelona)<\/span><\/p>\n<p><span style=\"color: #000000;\">o b\u00e9 remeti un correu electr\u00f2nic a: protecciondedatos@www.jda.es\u00a0Aix\u00ed mateix, l&#8217;informem que pot dirigir-se a l&#8217;Ag\u00e8ncia Espanyola de Protecci\u00f3 de Dades (www.aepd.es) per obtenir informaci\u00f3 addicional o per presentar una reclamaci\u00f3, per exemple, si no ha obtingut satisfacci\u00f3 en l&#8217;exercici dels teus drets.\u00a0<\/span><\/p>\n","protected":false},"excerpt":{"rendered":"<p>Qui \u00e9s responsable del tractament de les seves dades? Identitat: JDA EXPERT LEGALTAX, S.L.P. CIF: B59820167 Dir. Postal: c \/ Francisco de Quevedo, 9-08.402 &#8211; GRANOLLERS (Barcelona) Tel\u00e8fon: 938600370 E-Mail: protecciondedatos@www.jda.es Dades de contacte del delegat a protecci\u00f3 de dades: dpo@www.jda.es Amb quina finalitat tractem les seves dades personals? En JDA EXPERT LEGALTAX, S.L.P. tractem<\/p>\n","protected":false},"author":27,"featured_media":0,"parent":13456,"menu_order":0,"comment_status":"closed","ping_status":"closed","template":"","meta":{"rs_blank_template":"","rs_page_bg_color":"","slide_template_v7":"","footnotes":""},"class_list":["post-13476","page","type-page","status-publish","hentry"],"_links":{"self":[{"href":"https:\/\/www.jda.es\/ca\/wp-json\/wp\/v2\/pages\/13476","targetHints":{"allow":["GET"]}}],"collection":[{"href":"https:\/\/www.jda.es\/ca\/wp-json\/wp\/v2\/pages"}],"about":[{"href":"https:\/\/www.jda.es\/ca\/wp-json\/wp\/v2\/types\/page"}],"author":[{"embeddable":true,"href":"https:\/\/www.jda.es\/ca\/wp-json\/wp\/v2\/users\/27"}],"replies":[{"embeddable":true,"href":"https:\/\/www.jda.es\/ca\/wp-json\/wp\/v2\/comments?post=13476"}],"version-history":[{"count":0,"href":"https:\/\/www.jda.es\/ca\/wp-json\/wp\/v2\/pages\/13476\/revisions"}],"up":[{"embeddable":true,"href":"https:\/\/www.jda.es\/ca\/wp-json\/wp\/v2\/pages\/13456"}],"wp:attachment":[{"href":"https:\/\/www.jda.es\/ca\/wp-json\/wp\/v2\/media?parent=13476"}],"curies":[{"name":"wp","href":"https:\/\/api.w.org\/{rel}","templated":true}]}}