{"id":13456,"date":"2018-12-11T08:03:25","date_gmt":"2018-12-11T08:03:25","guid":{"rendered":"http:\/\/fwcpfcf.cluster026.hosting.ovh.net\/?page_id=13456"},"modified":"2019-01-15T08:10:38","modified_gmt":"2019-01-15T08:10:38","slug":"politica-de-privacitat","status":"publish","type":"page","link":"https:\/\/www.jda.es\/ca\/politica-de-privacitat\/","title":{"rendered":"Pol\u00edtica de privacitat"},"content":{"rendered":"<p><span style=\"color: #000000;\"><strong>JDA Expert LegalTax, S.L.P<\/strong>. realitza els tractaments de dades de car\u00e0cter personal que es relacionen a continuaci\u00f3. Clicant sobre cada un d&#8217;ells pot consultar la seva corresponent informaci\u00f3 sobre protecci\u00f3 de dades del tractament:<\/span><\/p>\n<ul>\n<li><span style=\"font-size: 14pt;\"><a href=\"https:\/\/www.jda.es\/ca\/politica-de-privacitat\/negocial\/\" target=\"_blank\" rel=\"noopener\"><span style=\"color: #000000;\"><strong>Negocial<\/strong><\/span><\/a><\/span><\/li>\n<li><span style=\"font-size: 14pt;\"><a href=\"https:\/\/www.jda.es\/ca\/politica-de-privacitat\/contactes\/\" target=\"_blank\" rel=\"noopener\"><span style=\"color: #000000;\"><strong>Contactes<\/strong><\/span><\/a><\/span><\/li>\n<li><span style=\"font-size: 14pt;\"><a href=\"https:\/\/www.jda.es\/ca\/politica-de-privacitat\/candidats\/\" target=\"_blank\" rel=\"noopener\"><span style=\"color: #000000;\"><strong>Candidats<\/strong><\/span><\/a><\/span><\/li>\n<li><span style=\"font-size: 14pt;\"><a href=\"https:\/\/www.jda.es\/ca\/politica-de-privacitat\/empleats\/\" target=\"_blank\" rel=\"noopener\"><span style=\"color: #000000;\"><strong>Empleats<\/strong><\/span><\/a><\/span><\/li>\n<li><a href=\"https:\/\/www.jda.es\/ca\/politica-de-privacitat\/becaris\/\"><span style=\"font-size: 14pt;\"><span style=\"color: #000000;\"><strong>Becaris<\/strong><\/span><\/span><\/a><\/li>\n<li><a href=\"https:\/\/www.jda.es\/ca\/politica-de-privacitat\/llibre-de-socis\/\" target=\"_blank\" rel=\"noopener\"><span style=\"font-size: 14pt;\"><span style=\"color: #000000;\"><strong>Llibre de socis<\/strong><\/span><\/span><\/a><\/li>\n<\/ul>\n","protected":false},"excerpt":{"rendered":"<p>JDA Expert LegalTax, S.L.P. realitza els tractaments de dades de car\u00e0cter personal que es relacionen a continuaci\u00f3. Clicant sobre cada un d&#8217;ells pot consultar la seva corresponent informaci\u00f3 sobre protecci\u00f3 de dades del tractament: Negocial Contactes Candidats Empleats Becaris Llibre de socis<\/p>\n","protected":false},"author":27,"featured_media":0,"parent":0,"menu_order":0,"comment_status":"closed","ping_status":"closed","template":"","meta":{"rs_blank_template":"","rs_page_bg_color":"","slide_template_v7":"","footnotes":""},"class_list":["post-13456","page","type-page","status-publish","hentry"],"_links":{"self":[{"href":"https:\/\/www.jda.es\/ca\/wp-json\/wp\/v2\/pages\/13456","targetHints":{"allow":["GET"]}}],"collection":[{"href":"https:\/\/www.jda.es\/ca\/wp-json\/wp\/v2\/pages"}],"about":[{"href":"https:\/\/www.jda.es\/ca\/wp-json\/wp\/v2\/types\/page"}],"author":[{"embeddable":true,"href":"https:\/\/www.jda.es\/ca\/wp-json\/wp\/v2\/users\/27"}],"replies":[{"embeddable":true,"href":"https:\/\/www.jda.es\/ca\/wp-json\/wp\/v2\/comments?post=13456"}],"version-history":[{"count":0,"href":"https:\/\/www.jda.es\/ca\/wp-json\/wp\/v2\/pages\/13456\/revisions"}],"wp:attachment":[{"href":"https:\/\/www.jda.es\/ca\/wp-json\/wp\/v2\/media?parent=13456"}],"curies":[{"name":"wp","href":"https:\/\/api.w.org\/{rel}","templated":true}]}}